{"id":3838,"date":"2025-06-02T17:18:04","date_gmt":"2025-06-02T15:18:04","guid":{"rendered":"https:\/\/www.ecomusee-bresse71.fr\/activites\/snacks\/"},"modified":"2025-10-23T16:32:21","modified_gmt":"2025-10-23T14:32:21","slug":"snacks","status":"publish","type":"page","link":"https:\/\/www.ecomusee-bresse71.fr\/en\/activites\/snacks\/","title":{"rendered":"Snacks"},"content":{"rendered":"\n<p>The tea room at the Ch\u00e2teau de Pierre-de-Bresse and the lawns of the Moulin-Mus\u00e9e de M\u00e9netreuil offer small dining areas where you can enjoy hot or cold drinks and sweet treats. In settings as enchanting as they are unusual, these spaces, open to the public without an admission ticket, allow you to enjoy a pleasant gourmet break or meditate while admiring the beauty of Bresse&#8217;s heritage.<\/p>\n\n<p class=\"has-text-align-center\"><a href=\"https:\/\/www.ecomusee-bresse71.fr\/contenu\/uploads\/2025\/06\/Menusalondethe-082023-3.pdf\">View the menu of the tea room at the Ch\u00e2teau de Pierre-de-Bresse<\/a><\/p>\n\n<figure class=\"wp-block-gallery has-nested-images columns-default is-cropped wp-block-gallery-1 is-layout-flex wp-block-gallery-is-layout-flex\">\n<figure class=\"wp-block-image size-large\"><a href=\"https:\/\/www.ecomusee-bresse71.fr\/contenu\/uploads\/2025\/06\/Photo-52-1-scaled.jpg\"><img loading=\"lazy\" decoding=\"async\" width=\"1024\" height=\"768\" data-id=\"1852\" src=\"https:\/\/www.ecomusee-bresse71.fr\/contenu\/uploads\/2025\/06\/Photo-52-1-1024x768.jpg\" alt=\"\" class=\"wp-image-1852\"\/><\/a><\/figure>\n\n\n\n<figure class=\"wp-block-image size-large\"><a href=\"https:\/\/www.ecomusee-bresse71.fr\/contenu\/uploads\/2025\/06\/Photo-59.jpg\"><img loading=\"lazy\" decoding=\"async\" width=\"1024\" height=\"683\" data-id=\"1849\" src=\"https:\/\/www.ecomusee-bresse71.fr\/contenu\/uploads\/2025\/06\/Photo-59-1024x683.jpg\" alt=\"\" class=\"wp-image-1849\"\/><\/a><\/figure>\n\n\n\n<figure class=\"wp-block-image size-large\"><a href=\"https:\/\/www.ecomusee-bresse71.fr\/contenu\/uploads\/2025\/06\/Photo-48.jpg\"><img loading=\"lazy\" decoding=\"async\" width=\"1024\" height=\"683\" data-id=\"1796\" src=\"https:\/\/www.ecomusee-bresse71.fr\/contenu\/uploads\/2025\/06\/Photo-48-1024x683.jpg\" alt=\"\" class=\"wp-image-1796\"\/><\/a><\/figure>\n<\/figure>\n","protected":false},"excerpt":{"rendered":"<p>The tea room at the Ch\u00e2teau de Pierre-de-Bresse and the lawns of the Moulin-Mus\u00e9e de M\u00e9netreuil offer small dining areas [&hellip;]<\/p>\n","protected":false},"author":6,"featured_media":0,"parent":867,"menu_order":10,"comment_status":"closed","ping_status":"closed","template":"","meta":{"_acf_changed":false,"footnotes":""},"class_list":["post-3838","page","type-page","status-publish","hentry"],"acf":[],"yoast_head":"<!-- This site is optimized with the Yoast SEO plugin v24.3 - https:\/\/yoast.com\/wordpress\/plugins\/seo\/ -->\n<title>Snacks<\/title>\n<meta name=\"robots\" content=\"index, follow, max-snippet:-1, max-image-preview:large, max-video-preview:-1\" \/>\n<link rel=\"canonical\" href=\"https:\/\/www.ecomusee-bresse71.fr\/en\/activites\/snacks\/\" \/>\n<meta property=\"og:locale\" content=\"en_US\" \/>\n<meta property=\"og:type\" content=\"article\" \/>\n<meta property=\"og:title\" content=\"Snacks\" \/>\n<meta property=\"og:description\" content=\"The tea room at the Ch\u00e2teau de Pierre-de-Bresse and the lawns of the Moulin-Mus\u00e9e de M\u00e9netreuil offer small dining areas [&hellip;]\" \/>\n<meta property=\"og:url\" content=\"https:\/\/www.ecomusee-bresse71.fr\/en\/activites\/snacks\/\" \/>\n<meta property=\"og:site_name\" content=\"Ecomus\u00e9e de la Bresse Bourguignonne\" \/>\n<meta property=\"article:modified_time\" content=\"2025-10-23T14:32:21+00:00\" \/>\n<meta property=\"og:image\" content=\"https:\/\/www.ecomusee-bresse71.fr\/contenu\/uploads\/2025\/06\/Photo-52-1-scaled.jpg\" \/>\n\t<meta property=\"og:image:width\" content=\"2560\" \/>\n\t<meta property=\"og:image:height\" content=\"1920\" \/>\n\t<meta property=\"og:image:type\" content=\"image\/jpeg\" \/>\n<meta name=\"twitter:card\" content=\"summary_large_image\" \/>\n<script type=\"application\/ld+json\" class=\"yoast-schema-graph\">{\"@context\":\"https:\/\/schema.org\",\"@graph\":[{\"@type\":\"WebPage\",\"@id\":\"https:\/\/www.ecomusee-bresse71.fr\/en\/activites\/snacks\/\",\"url\":\"https:\/\/www.ecomusee-bresse71.fr\/en\/activites\/snacks\/\",\"name\":\"Snacks\",\"isPartOf\":{\"@id\":\"https:\/\/www.ecomusee-bresse71.fr\/en\/#website\"},\"primaryImageOfPage\":{\"@id\":\"https:\/\/www.ecomusee-bresse71.fr\/en\/activites\/snacks\/#primaryimage\"},\"image\":{\"@id\":\"https:\/\/www.ecomusee-bresse71.fr\/en\/activites\/snacks\/#primaryimage\"},\"thumbnailUrl\":\"https:\/\/www.ecomusee-bresse71.fr\/contenu\/uploads\/2025\/06\/Photo-52-1-1024x768.jpg\",\"datePublished\":\"2025-06-02T15:18:04+00:00\",\"dateModified\":\"2025-10-23T14:32:21+00:00\",\"breadcrumb\":{\"@id\":\"https:\/\/www.ecomusee-bresse71.fr\/en\/activites\/snacks\/#breadcrumb\"},\"inLanguage\":\"en-US\",\"potentialAction\":[{\"@type\":\"ReadAction\",\"target\":[\"https:\/\/www.ecomusee-bresse71.fr\/en\/activites\/snacks\/\"]}]},{\"@type\":\"ImageObject\",\"inLanguage\":\"en-US\",\"@id\":\"https:\/\/www.ecomusee-bresse71.fr\/en\/activites\/snacks\/#primaryimage\",\"url\":\"https:\/\/www.ecomusee-bresse71.fr\/contenu\/uploads\/2025\/06\/Photo-52-1-1024x768.jpg\",\"contentUrl\":\"https:\/\/www.ecomusee-bresse71.fr\/contenu\/uploads\/2025\/06\/Photo-52-1-1024x768.jpg\"},{\"@type\":\"BreadcrumbList\",\"@id\":\"https:\/\/www.ecomusee-bresse71.fr\/en\/activites\/snacks\/#breadcrumb\",\"itemListElement\":[{\"@type\":\"ListItem\",\"position\":1,\"name\":\"Home\",\"item\":\"https:\/\/www.ecomusee-bresse71.fr\/en\/\"},{\"@type\":\"ListItem\",\"position\":2,\"name\":\"Activities\",\"item\":\"https:\/\/www.ecomusee-bresse71.fr\/en\/activites\/\"},{\"@type\":\"ListItem\",\"position\":3,\"name\":\"Snacks\"}]},{\"@type\":\"WebSite\",\"@id\":\"https:\/\/www.ecomusee-bresse71.fr\/en\/#website\",\"url\":\"https:\/\/www.ecomusee-bresse71.fr\/en\/\",\"name\":\"Ecomus\u00e9e de la Bresse Bourguignonne\",\"description\":\"\",\"potentialAction\":[{\"@type\":\"SearchAction\",\"target\":{\"@type\":\"EntryPoint\",\"urlTemplate\":\"https:\/\/www.ecomusee-bresse71.fr\/en\/?s={search_term_string}\"},\"query-input\":{\"@type\":\"PropertyValueSpecification\",\"valueRequired\":true,\"valueName\":\"search_term_string\"}}],\"inLanguage\":\"en-US\"}]}<\/script>\n<!-- \/ Yoast SEO plugin. -->","yoast_head_json":{"title":"Snacks","robots":{"index":"index","follow":"follow","max-snippet":"max-snippet:-1","max-image-preview":"max-image-preview:large","max-video-preview":"max-video-preview:-1"},"canonical":"https:\/\/www.ecomusee-bresse71.fr\/en\/activites\/snacks\/","og_locale":"en_US","og_type":"article","og_title":"Snacks","og_description":"The tea room at the Ch\u00e2teau de Pierre-de-Bresse and the lawns of the Moulin-Mus\u00e9e de M\u00e9netreuil offer small dining areas [&hellip;]","og_url":"https:\/\/www.ecomusee-bresse71.fr\/en\/activites\/snacks\/","og_site_name":"Ecomus\u00e9e de la Bresse Bourguignonne","article_modified_time":"2025-10-23T14:32:21+00:00","og_image":[{"width":2560,"height":1920,"url":"https:\/\/www.ecomusee-bresse71.fr\/contenu\/uploads\/2025\/06\/Photo-52-1-scaled.jpg","type":"image\/jpeg"}],"twitter_card":"summary_large_image","schema":{"@context":"https:\/\/schema.org","@graph":[{"@type":"WebPage","@id":"https:\/\/www.ecomusee-bresse71.fr\/en\/activites\/snacks\/","url":"https:\/\/www.ecomusee-bresse71.fr\/en\/activites\/snacks\/","name":"Snacks","isPartOf":{"@id":"https:\/\/www.ecomusee-bresse71.fr\/en\/#website"},"primaryImageOfPage":{"@id":"https:\/\/www.ecomusee-bresse71.fr\/en\/activites\/snacks\/#primaryimage"},"image":{"@id":"https:\/\/www.ecomusee-bresse71.fr\/en\/activites\/snacks\/#primaryimage"},"thumbnailUrl":"https:\/\/www.ecomusee-bresse71.fr\/contenu\/uploads\/2025\/06\/Photo-52-1-1024x768.jpg","datePublished":"2025-06-02T15:18:04+00:00","dateModified":"2025-10-23T14:32:21+00:00","breadcrumb":{"@id":"https:\/\/www.ecomusee-bresse71.fr\/en\/activites\/snacks\/#breadcrumb"},"inLanguage":"en-US","potentialAction":[{"@type":"ReadAction","target":["https:\/\/www.ecomusee-bresse71.fr\/en\/activites\/snacks\/"]}]},{"@type":"ImageObject","inLanguage":"en-US","@id":"https:\/\/www.ecomusee-bresse71.fr\/en\/activites\/snacks\/#primaryimage","url":"https:\/\/www.ecomusee-bresse71.fr\/contenu\/uploads\/2025\/06\/Photo-52-1-1024x768.jpg","contentUrl":"https:\/\/www.ecomusee-bresse71.fr\/contenu\/uploads\/2025\/06\/Photo-52-1-1024x768.jpg"},{"@type":"BreadcrumbList","@id":"https:\/\/www.ecomusee-bresse71.fr\/en\/activites\/snacks\/#breadcrumb","itemListElement":[{"@type":"ListItem","position":1,"name":"Home","item":"https:\/\/www.ecomusee-bresse71.fr\/en\/"},{"@type":"ListItem","position":2,"name":"Activities","item":"https:\/\/www.ecomusee-bresse71.fr\/en\/activites\/"},{"@type":"ListItem","position":3,"name":"Snacks"}]},{"@type":"WebSite","@id":"https:\/\/www.ecomusee-bresse71.fr\/en\/#website","url":"https:\/\/www.ecomusee-bresse71.fr\/en\/","name":"Ecomus\u00e9e de la Bresse Bourguignonne","description":"","potentialAction":[{"@type":"SearchAction","target":{"@type":"EntryPoint","urlTemplate":"https:\/\/www.ecomusee-bresse71.fr\/en\/?s={search_term_string}"},"query-input":{"@type":"PropertyValueSpecification","valueRequired":true,"valueName":"search_term_string"}}],"inLanguage":"en-US"}]}},"_links":{"self":[{"href":"https:\/\/www.ecomusee-bresse71.fr\/en\/wp-json\/wp\/v2\/pages\/3838"}],"collection":[{"href":"https:\/\/www.ecomusee-bresse71.fr\/en\/wp-json\/wp\/v2\/pages"}],"about":[{"href":"https:\/\/www.ecomusee-bresse71.fr\/en\/wp-json\/wp\/v2\/types\/page"}],"author":[{"embeddable":true,"href":"https:\/\/www.ecomusee-bresse71.fr\/en\/wp-json\/wp\/v2\/users\/6"}],"replies":[{"embeddable":true,"href":"https:\/\/www.ecomusee-bresse71.fr\/en\/wp-json\/wp\/v2\/comments?post=3838"}],"version-history":[{"count":2,"href":"https:\/\/www.ecomusee-bresse71.fr\/en\/wp-json\/wp\/v2\/pages\/3838\/revisions"}],"predecessor-version":[{"id":3841,"href":"https:\/\/www.ecomusee-bresse71.fr\/en\/wp-json\/wp\/v2\/pages\/3838\/revisions\/3841"}],"up":[{"embeddable":true,"href":"https:\/\/www.ecomusee-bresse71.fr\/en\/wp-json\/wp\/v2\/pages\/867"}],"wp:attachment":[{"href":"https:\/\/www.ecomusee-bresse71.fr\/en\/wp-json\/wp\/v2\/media?parent=3838"}],"curies":[{"name":"wp","href":"https:\/\/api.w.org\/{rel}","templated":true}]}}