{"id":866,"date":"2025-02-04T11:04:11","date_gmt":"2025-02-04T10:04:11","guid":{"rendered":"https:\/\/www.ecomusee-bresse71.fr\/presse-media-ecomusee-bresse-bourguignonne-71\/"},"modified":"2025-12-10T14:18:34","modified_gmt":"2025-12-10T13:18:34","slug":"presse-media-ecomusee-bresse-bourguignonne-71","status":"publish","type":"page","link":"https:\/\/www.ecomusee-bresse71.fr\/en\/vous-etes\/presse-media-ecomusee-bresse-bourguignonne-71\/","title":{"rendered":"Presse et partenaires touristiques"},"content":{"rendered":"\n<h2 class=\"wp-block-heading\">Chaque ann\u00e9e, nous organisons des temps de d\u00e9couverte sur site \u00e0 destination des professionnels du tourisme et des m\u00e9dias. <\/h2>\n\n\n\n<p>Qu\u2019il s\u2019agisse de visites de rep\u00e9rage, de rendez-vous presse ou de moments privil\u00e9gi\u00e9s avec notre \u00e9quipe, ces rencontres permettent de mieux faire conna\u00eetre nos mus\u00e9es, nos \u00e9v\u00e9nements et nos offres. Ces visites peuvent avoir lieu \u00e0 date fixe ou sur demande, en fonction des projets ou des besoins.<\/p>\n\n\n\n<p>Si vous souhaitez obtenir des visuels, des supports de communication, des dossiers de presse, des programmes ou toute autre information, notre \u00e9quipe reste \u00e0 votre disposition.<\/p>\n\n\n\n<p><a href=\"\/en\/contact-bresse-ecomusee-71-bourgogne\/\">Contactez-nous<\/a> et nous nous efforcerons de r\u00e9pondre le plus rapidement possible \u00e0 votre demande.<\/p>\n\n\n\n<ul class=\"wp-block-list\">\n<li><strong><a href=\"https:\/\/www.ecomusee-bresse71.fr\/contenu\/uploads\/2025\/03\/DOSSIER-DE-PRESSE-ECOMUSEE-BD.pdf\" target=\"_blank\" rel=\"noreferrer noopener\">Dossier de presse<\/a><\/strong><\/li>\n\n\n\n<li><a href=\"https:\/\/www.ecomusee-bresse71.fr\/contenu\/uploads\/2025\/06\/EBB-Meandresdupasse-DP-Num.pdf\" target=\"_blank\" rel=\"noreferrer noopener\"><strong>Dossier de presse de l&#8217;exposition \u00ab&nbsp;Les m\u00e9andres du pass\u00e9&nbsp;\u00bb<\/strong><\/a><\/li>\n<\/ul>\n","protected":false},"excerpt":{"rendered":"<p>Chaque ann\u00e9e, nous organisons des temps de d\u00e9couverte sur site \u00e0 destination des professionnels du tourisme et des m\u00e9dias. Qu\u2019il [&hellip;]<\/p>\n","protected":false},"author":7,"featured_media":0,"parent":889,"menu_order":6,"comment_status":"closed","ping_status":"closed","template":"","meta":{"_acf_changed":false,"footnotes":""},"class_list":["post-866","page","type-page","status-publish","hentry"],"acf":[],"yoast_head":"<!-- This site is optimized with the Yoast SEO plugin v24.3 - https:\/\/yoast.com\/wordpress\/plugins\/seo\/ -->\n<title>Ecomus\u00e9e de la Bresse Bourguignonne | Presse et m\u00e9dias<\/title>\n<meta name=\"robots\" content=\"index, follow, max-snippet:-1, max-image-preview:large, max-video-preview:-1\" \/>\n<link rel=\"canonical\" href=\"https:\/\/www.ecomusee-bresse71.fr\/en\/vous-etes\/presse-media-ecomusee-bresse-bourguignonne-71\/\" \/>\n<meta property=\"og:locale\" content=\"en_US\" \/>\n<meta property=\"og:type\" content=\"article\" \/>\n<meta property=\"og:title\" content=\"Ecomus\u00e9e de la Bresse Bourguignonne | Presse et m\u00e9dias\" \/>\n<meta property=\"og:description\" content=\"Chaque ann\u00e9e, nous organisons des temps de d\u00e9couverte sur site \u00e0 destination des professionnels du tourisme et des m\u00e9dias. Qu\u2019il [&hellip;]\" \/>\n<meta property=\"og:url\" content=\"https:\/\/www.ecomusee-bresse71.fr\/en\/vous-etes\/presse-media-ecomusee-bresse-bourguignonne-71\/\" \/>\n<meta property=\"og:site_name\" content=\"Ecomus\u00e9e de la Bresse Bourguignonne\" \/>\n<meta property=\"article:modified_time\" content=\"2025-12-10T13:18:34+00:00\" \/>\n<meta name=\"twitter:card\" content=\"summary_large_image\" \/>\n<meta name=\"twitter:label1\" content=\"Est. reading time\" \/>\n\t<meta name=\"twitter:data1\" content=\"1 minute\" \/>\n<script type=\"application\/ld+json\" class=\"yoast-schema-graph\">{\"@context\":\"https:\/\/schema.org\",\"@graph\":[{\"@type\":\"WebPage\",\"@id\":\"https:\/\/www.ecomusee-bresse71.fr\/en\/vous-etes\/presse-media-ecomusee-bresse-bourguignonne-71\/\",\"url\":\"https:\/\/www.ecomusee-bresse71.fr\/en\/vous-etes\/presse-media-ecomusee-bresse-bourguignonne-71\/\",\"name\":\"Ecomus\u00e9e de la Bresse Bourguignonne | Presse et m\u00e9dias\",\"isPartOf\":{\"@id\":\"https:\/\/www.ecomusee-bresse71.fr\/en\/#website\"},\"datePublished\":\"2025-02-04T10:04:11+00:00\",\"dateModified\":\"2025-12-10T13:18:34+00:00\",\"breadcrumb\":{\"@id\":\"https:\/\/www.ecomusee-bresse71.fr\/en\/vous-etes\/presse-media-ecomusee-bresse-bourguignonne-71\/#breadcrumb\"},\"inLanguage\":\"en-US\",\"potentialAction\":[{\"@type\":\"ReadAction\",\"target\":[\"https:\/\/www.ecomusee-bresse71.fr\/en\/vous-etes\/presse-media-ecomusee-bresse-bourguignonne-71\/\"]}]},{\"@type\":\"BreadcrumbList\",\"@id\":\"https:\/\/www.ecomusee-bresse71.fr\/en\/vous-etes\/presse-media-ecomusee-bresse-bourguignonne-71\/#breadcrumb\",\"itemListElement\":[{\"@type\":\"ListItem\",\"position\":1,\"name\":\"Home\",\"item\":\"https:\/\/www.ecomusee-bresse71.fr\/en\/\"},{\"@type\":\"ListItem\",\"position\":2,\"name\":\"Vous \u00eates ?\",\"item\":\"https:\/\/www.ecomusee-bresse71.fr\/en\/vous-etes\/\"},{\"@type\":\"ListItem\",\"position\":3,\"name\":\"Presse et partenaires touristiques\"}]},{\"@type\":\"WebSite\",\"@id\":\"https:\/\/www.ecomusee-bresse71.fr\/en\/#website\",\"url\":\"https:\/\/www.ecomusee-bresse71.fr\/en\/\",\"name\":\"Ecomus\u00e9e de la Bresse Bourguignonne\",\"description\":\"\",\"potentialAction\":[{\"@type\":\"SearchAction\",\"target\":{\"@type\":\"EntryPoint\",\"urlTemplate\":\"https:\/\/www.ecomusee-bresse71.fr\/en\/?s={search_term_string}\"},\"query-input\":{\"@type\":\"PropertyValueSpecification\",\"valueRequired\":true,\"valueName\":\"search_term_string\"}}],\"inLanguage\":\"en-US\"}]}<\/script>\n<!-- \/ Yoast SEO plugin. -->","yoast_head_json":{"title":"Ecomus\u00e9e de la Bresse Bourguignonne | Presse et m\u00e9dias","robots":{"index":"index","follow":"follow","max-snippet":"max-snippet:-1","max-image-preview":"max-image-preview:large","max-video-preview":"max-video-preview:-1"},"canonical":"https:\/\/www.ecomusee-bresse71.fr\/en\/vous-etes\/presse-media-ecomusee-bresse-bourguignonne-71\/","og_locale":"en_US","og_type":"article","og_title":"Ecomus\u00e9e de la Bresse Bourguignonne | Presse et m\u00e9dias","og_description":"Chaque ann\u00e9e, nous organisons des temps de d\u00e9couverte sur site \u00e0 destination des professionnels du tourisme et des m\u00e9dias. Qu\u2019il [&hellip;]","og_url":"https:\/\/www.ecomusee-bresse71.fr\/en\/vous-etes\/presse-media-ecomusee-bresse-bourguignonne-71\/","og_site_name":"Ecomus\u00e9e de la Bresse Bourguignonne","article_modified_time":"2025-12-10T13:18:34+00:00","twitter_card":"summary_large_image","twitter_misc":{"Est. reading time":"1 minute"},"schema":{"@context":"https:\/\/schema.org","@graph":[{"@type":"WebPage","@id":"https:\/\/www.ecomusee-bresse71.fr\/en\/vous-etes\/presse-media-ecomusee-bresse-bourguignonne-71\/","url":"https:\/\/www.ecomusee-bresse71.fr\/en\/vous-etes\/presse-media-ecomusee-bresse-bourguignonne-71\/","name":"Ecomus\u00e9e de la Bresse Bourguignonne | Presse et m\u00e9dias","isPartOf":{"@id":"https:\/\/www.ecomusee-bresse71.fr\/en\/#website"},"datePublished":"2025-02-04T10:04:11+00:00","dateModified":"2025-12-10T13:18:34+00:00","breadcrumb":{"@id":"https:\/\/www.ecomusee-bresse71.fr\/en\/vous-etes\/presse-media-ecomusee-bresse-bourguignonne-71\/#breadcrumb"},"inLanguage":"en-US","potentialAction":[{"@type":"ReadAction","target":["https:\/\/www.ecomusee-bresse71.fr\/en\/vous-etes\/presse-media-ecomusee-bresse-bourguignonne-71\/"]}]},{"@type":"BreadcrumbList","@id":"https:\/\/www.ecomusee-bresse71.fr\/en\/vous-etes\/presse-media-ecomusee-bresse-bourguignonne-71\/#breadcrumb","itemListElement":[{"@type":"ListItem","position":1,"name":"Home","item":"https:\/\/www.ecomusee-bresse71.fr\/en\/"},{"@type":"ListItem","position":2,"name":"Vous \u00eates ?","item":"https:\/\/www.ecomusee-bresse71.fr\/en\/vous-etes\/"},{"@type":"ListItem","position":3,"name":"Presse et partenaires touristiques"}]},{"@type":"WebSite","@id":"https:\/\/www.ecomusee-bresse71.fr\/en\/#website","url":"https:\/\/www.ecomusee-bresse71.fr\/en\/","name":"Ecomus\u00e9e de la Bresse Bourguignonne","description":"","potentialAction":[{"@type":"SearchAction","target":{"@type":"EntryPoint","urlTemplate":"https:\/\/www.ecomusee-bresse71.fr\/en\/?s={search_term_string}"},"query-input":{"@type":"PropertyValueSpecification","valueRequired":true,"valueName":"search_term_string"}}],"inLanguage":"en-US"}]}},"_links":{"self":[{"href":"https:\/\/www.ecomusee-bresse71.fr\/en\/wp-json\/wp\/v2\/pages\/866"}],"collection":[{"href":"https:\/\/www.ecomusee-bresse71.fr\/en\/wp-json\/wp\/v2\/pages"}],"about":[{"href":"https:\/\/www.ecomusee-bresse71.fr\/en\/wp-json\/wp\/v2\/types\/page"}],"author":[{"embeddable":true,"href":"https:\/\/www.ecomusee-bresse71.fr\/en\/wp-json\/wp\/v2\/users\/7"}],"replies":[{"embeddable":true,"href":"https:\/\/www.ecomusee-bresse71.fr\/en\/wp-json\/wp\/v2\/comments?post=866"}],"version-history":[{"count":2,"href":"https:\/\/www.ecomusee-bresse71.fr\/en\/wp-json\/wp\/v2\/pages\/866\/revisions"}],"predecessor-version":[{"id":4327,"href":"https:\/\/www.ecomusee-bresse71.fr\/en\/wp-json\/wp\/v2\/pages\/866\/revisions\/4327"}],"up":[{"embeddable":true,"href":"https:\/\/www.ecomusee-bresse71.fr\/en\/wp-json\/wp\/v2\/pages\/889"}],"wp:attachment":[{"href":"https:\/\/www.ecomusee-bresse71.fr\/en\/wp-json\/wp\/v2\/media?parent=866"}],"curies":[{"name":"wp","href":"https:\/\/api.w.org\/{rel}","templated":true}]}}