{"id":872,"date":"2025-02-04T11:04:10","date_gmt":"2025-02-04T10:04:10","guid":{"rendered":"https:\/\/www.ecomusee-bresse71.fr\/habitants-adherents-ecomusee-bourgogne-71\/"},"modified":"2025-12-09T15:23:23","modified_gmt":"2025-12-09T14:23:23","slug":"habitants-adherents-ecomusee-bourgogne-71","status":"publish","type":"page","link":"https:\/\/www.ecomusee-bresse71.fr\/en\/vous-etes\/habitants-adherents-ecomusee-bourgogne-71\/","title":{"rendered":"Habitants \/ Adh\u00e9rents"},"content":{"rendered":"\n<p>Le r\u00e9seau de <a href=\"https:\/\/www.ecomusee-bresse71.fr\/en\/ecomusee\/\"><strong>l\u2019\u00c9comus\u00e9e de la Bresse<\/strong><\/a> est le meilleur moyen pour mieux conna\u00eetre ou faire d\u00e9couvrir les tr\u00e9sors de votre <strong>territoire<\/strong>. Que votre <strong>famille <\/strong>soit implant\u00e9e sur le <strong>territoire <\/strong>depuis plusieurs g\u00e9n\u00e9rations ou que vous soyez tr\u00e8s r\u00e9cemment arriv\u00e9, <strong>l\u2019\u00c9comus\u00e9e <\/strong>vous permet d\u2019approfondir vos connaissances sur la <strong>Bresse <\/strong>ou de la d\u00e9couvrir de mani\u00e8re agr\u00e9able.<\/p>\n\n\n\n<p class=\"has-text-align-left\"><a href=\"https:\/\/www.ecomusee-bresse71.fr\/en\/musees-et-sites\/\"><strong>D\u00e9couvrir tous les sites<\/strong><\/a><\/p>\n\n\n\n<h2 class=\"wp-block-heading\">Sortir, s\u2019amuser, stimuler sa curiosit\u00e9<\/h2>\n\n\n\n<p>Amateur de sorties, de moments de convivialit\u00e9 ou <strong>d\u2019\u00e9v\u00e9nements culturels<\/strong>, <strong>l\u2019\u00c9comus\u00e9e <\/strong>propose toute l\u2019ann\u00e9e un riche<a href=\"https:\/\/www.ecomusee-bresse71.fr\/events\/event\/\"> <strong>programme d\u2019activit\u00e9s<\/strong><\/a><strong> <\/strong>et <strong>\u00e9v\u00e9nementiels <\/strong>adapt\u00e9s \u00e0 tous les \u00e2ges. Vous y trouverez certainement des id\u00e9es de sorties pour le week-end, les vacances ou en soir\u00e9e pour votre famille ou vos amis.<\/p>\n\n\n\n<figure class=\"wp-block-gallery has-nested-images columns-default is-cropped wp-block-gallery-1 is-layout-flex wp-block-gallery-is-layout-flex\">\n<figure class=\"wp-block-image size-large\"><img loading=\"lazy\" decoding=\"async\" width=\"1024\" height=\"768\" data-id=\"1799\" src=\"https:\/\/www.ecomusee-bresse71.fr\/contenu\/uploads\/2025\/06\/Photo-49-1024x768.jpg\" alt=\"\" class=\"wp-image-1799\"\/><\/figure>\n\n\n\n<figure class=\"wp-block-image size-large\"><img loading=\"lazy\" decoding=\"async\" width=\"1024\" height=\"768\" data-id=\"1801\" src=\"https:\/\/www.ecomusee-bresse71.fr\/contenu\/uploads\/2025\/06\/Photo-11-1024x768.jpg\" alt=\"\" class=\"wp-image-1801\"\/><\/figure>\n\n\n\n<figure class=\"wp-block-image size-large\"><img loading=\"lazy\" decoding=\"async\" width=\"1024\" height=\"768\" data-id=\"1803\" src=\"https:\/\/www.ecomusee-bresse71.fr\/contenu\/uploads\/2025\/06\/Photo-13-1-1024x768.jpg\" alt=\"\" class=\"wp-image-1803\"\/><\/figure>\n<\/figure>\n\n\n\n<h2 class=\"wp-block-heading\">Organiser des moments en famille ou entre amis<\/h2>\n\n\n\n<p><strong>L\u2019\u00c9comus\u00e9e<\/strong>, qui se veut aussi un lieu de lien social, propose des prestations <strong><a href=\"https:\/\/www.bresselouhannaiseintercom.fr\/culture-sport-loisirs\/domaine-plissonnier-saint-andre-bresse-louhannaise\/\" target=\"_blank\" rel=\"noreferrer noopener\">d\u2019h\u00e9bergement <\/a><\/strong>et de <strong>locations <\/strong>de salle qui vous permettent d\u2019organiser dans des lieux d\u2019exception de beaux souvenirs \u00e0 plusieurs.<\/p>\n\n\n\n<h2 class=\"wp-block-heading\">Acheter et d\u00e9guster des produits locaux<\/h2>\n\n\n\n<p>Plusieurs sites du r\u00e9seau de <strong>l\u2019\u00c9comus\u00e9e <\/strong>proposent aux visiteurs des <a href=\"https:\/\/www.ecomusee-bresse71.fr\/infos-pratiques\/boutique-musee-bresse-bourgogne\/\"><strong>boutiques<\/strong><\/a> de<strong> produits locaux<\/strong>. Vous y trouverez des&nbsp;<strong>cadeaux&nbsp;\u00ab&nbsp;made in Bresse&nbsp;\u00bb<\/strong> ou originaux \u00e0 faire vos proches ou \u00e0 tous ceux qui souhaitent d\u00e9couvrir le territoire. Des espaces de<strong><a href=\"https:\/\/www.ecomusee-bresse71.fr\/en\/activites\/snacks\/\"> restaurations sucr\u00e9es <\/a><\/strong>vous aussi sont propos\u00e9s au <strong>ch\u00e2teau de Pierre-de-Bresse<\/strong>, dans un magnifique<strong> salon de th\u00e9,<\/strong> ou au <strong><a href=\"https:\/\/www.ecomusee-bresse71.fr\/en\/musees-et-sites\/moulin-musee-menetreuil-71\/\">Moulin-mus\u00e9e de M\u00e9netreuil<\/a> <\/strong>pour prendre un caf\u00e9 dans un coin enchanteur.<\/p>\n\n\n\n<h2 class=\"wp-block-heading\">Trouver des renseignements sur le territoire<\/h2>\n\n\n\n<p><strong><a href=\"https:\/\/www.ecomusee-bresse71.fr\/en\/ecomusee\/mediatheque-patrimoines-bressans-71\/\">La m\u00e9diath\u00e8que de l\u2019\u00c9comus\u00e9e<\/a><\/strong>, situ\u00e9e sur le site du<strong> ch\u00e2teau d\u00e9partemental de Pierre-de-Bresse<\/strong> est une mine d\u2019informations pour qui cherche des informations sur l\u2019histoire de son <strong>village<\/strong>, sur les techniques de restauration d\u2019une long\u00e8re <strong>bressane <\/strong>ou encore trouver un dictionnaire pour \u00e9pater son vieux voisin qui parle patois.<\/p>\n\n\n\n<h2 class=\"wp-block-heading\">Soutenir l\u2019Ecomus\u00e9e de la Bresse<\/h2>\n\n\n\n<p><a href=\"https:\/\/www.ecomusee-bresse71.fr\/en\/ecomusee\/musee-patrimoine-bresse-bourgogne-71\/\"><strong>L\u2019\u00c9comus\u00e9e de la Bresse <\/strong><\/a>est une<a href=\"https:\/\/www.ecomusee-bresse71.fr\/en\/ecomusee\/notre-association\/\"> <strong>association loi 1901<\/strong><\/a> qui d\u00e9fend des valeurs que vous partagez peut-\u00eatre. Vous pouvez soutenir nos actions en adh\u00e9rant \u00e0 notre <strong>association<\/strong> et b\u00e9n\u00e9ficier de<strong> tarifs privil\u00e9gi\u00e9s et de r\u00e9duction d\u2019imp\u00f4ts.<\/strong><\/p>\n\n\n\n<p><a href=\"https:\/\/www.ecomusee-bresse71.fr\/contenu\/uploads\/2025\/06\/Formulaire-adhesion-particulier-2025-1.pdf\" target=\"_blank\" rel=\"noreferrer noopener\"><strong>T\u00e9l\u00e9charger le formulaire d\u2019adh\u00e9sion \u00ab\u00a0Particuliers<\/strong><\/a><strong><a href=\"https:\/\/www.ecomusee-bresse71.fr\/contenu\/uploads\/2025\/12\/26-Formulaire-adhesion-particulier.pdf\" target=\"_blank\" rel=\"noreferrer noopener\">\u00a0\u00bb<\/a><\/strong><\/p>\n\n\n\n<p><\/p>\n","protected":false},"excerpt":{"rendered":"<p>Le r\u00e9seau de l\u2019\u00c9comus\u00e9e de la Bresse est le meilleur moyen pour mieux conna\u00eetre ou faire d\u00e9couvrir les tr\u00e9sors de [&hellip;]<\/p>\n","protected":false},"author":7,"featured_media":0,"parent":889,"menu_order":3,"comment_status":"closed","ping_status":"closed","template":"","meta":{"_acf_changed":false,"footnotes":""},"class_list":["post-872","page","type-page","status-publish","hentry"],"acf":[],"yoast_head":"<!-- This site is optimized with the Yoast SEO plugin v24.3 - https:\/\/yoast.com\/wordpress\/plugins\/seo\/ -->\n<title>Ecomus\u00e9e de la Bresse Bourguignonne<\/title>\n<meta name=\"description\" content=\"D\u00e9couvrez les richesses de votre territoir et venez les d\u00e9couvrir au travers des diff\u00e9rents sites de l&#039;Ecomus\u00e9e de la Bresse Bourguignonne.\" \/>\n<meta name=\"robots\" content=\"index, follow, max-snippet:-1, max-image-preview:large, max-video-preview:-1\" \/>\n<link rel=\"canonical\" href=\"https:\/\/www.ecomusee-bresse71.fr\/en\/vous-etes\/habitants-adherents-ecomusee-bourgogne-71\/\" \/>\n<meta property=\"og:locale\" content=\"en_US\" \/>\n<meta property=\"og:type\" content=\"article\" \/>\n<meta property=\"og:title\" content=\"Ecomus\u00e9e de la Bresse Bourguignonne\" \/>\n<meta property=\"og:description\" content=\"D\u00e9couvrez les richesses de votre territoir et venez les d\u00e9couvrir au travers des diff\u00e9rents sites de l&#039;Ecomus\u00e9e de la Bresse Bourguignonne.\" \/>\n<meta property=\"og:url\" content=\"https:\/\/www.ecomusee-bresse71.fr\/en\/vous-etes\/habitants-adherents-ecomusee-bourgogne-71\/\" \/>\n<meta property=\"og:site_name\" content=\"Ecomus\u00e9e de la Bresse Bourguignonne\" \/>\n<meta property=\"article:modified_time\" content=\"2025-12-09T14:23:23+00:00\" \/>\n<meta property=\"og:image\" content=\"https:\/\/www.ecomusee-bresse71.fr\/contenu\/uploads\/2025\/06\/Photo-49-scaled.jpg\" \/>\n\t<meta property=\"og:image:width\" content=\"2560\" \/>\n\t<meta property=\"og:image:height\" content=\"1920\" \/>\n\t<meta property=\"og:image:type\" content=\"image\/jpeg\" \/>\n<meta name=\"twitter:card\" content=\"summary_large_image\" \/>\n<meta name=\"twitter:label1\" content=\"Est. reading time\" \/>\n\t<meta name=\"twitter:data1\" content=\"3 minutes\" \/>\n<script type=\"application\/ld+json\" class=\"yoast-schema-graph\">{\"@context\":\"https:\/\/schema.org\",\"@graph\":[{\"@type\":\"WebPage\",\"@id\":\"https:\/\/www.ecomusee-bresse71.fr\/en\/vous-etes\/habitants-adherents-ecomusee-bourgogne-71\/\",\"url\":\"https:\/\/www.ecomusee-bresse71.fr\/en\/vous-etes\/habitants-adherents-ecomusee-bourgogne-71\/\",\"name\":\"Ecomus\u00e9e de la Bresse Bourguignonne\",\"isPartOf\":{\"@id\":\"https:\/\/www.ecomusee-bresse71.fr\/en\/#website\"},\"primaryImageOfPage\":{\"@id\":\"https:\/\/www.ecomusee-bresse71.fr\/en\/vous-etes\/habitants-adherents-ecomusee-bourgogne-71\/#primaryimage\"},\"image\":{\"@id\":\"https:\/\/www.ecomusee-bresse71.fr\/en\/vous-etes\/habitants-adherents-ecomusee-bourgogne-71\/#primaryimage\"},\"thumbnailUrl\":\"https:\/\/www.ecomusee-bresse71.fr\/contenu\/uploads\/2025\/06\/Photo-49-1024x768.jpg\",\"datePublished\":\"2025-02-04T10:04:10+00:00\",\"dateModified\":\"2025-12-09T14:23:23+00:00\",\"description\":\"D\u00e9couvrez les richesses de votre territoir et venez les d\u00e9couvrir au travers des diff\u00e9rents sites de l'Ecomus\u00e9e de la Bresse Bourguignonne.\",\"breadcrumb\":{\"@id\":\"https:\/\/www.ecomusee-bresse71.fr\/en\/vous-etes\/habitants-adherents-ecomusee-bourgogne-71\/#breadcrumb\"},\"inLanguage\":\"en-US\",\"potentialAction\":[{\"@type\":\"ReadAction\",\"target\":[\"https:\/\/www.ecomusee-bresse71.fr\/en\/vous-etes\/habitants-adherents-ecomusee-bourgogne-71\/\"]}]},{\"@type\":\"ImageObject\",\"inLanguage\":\"en-US\",\"@id\":\"https:\/\/www.ecomusee-bresse71.fr\/en\/vous-etes\/habitants-adherents-ecomusee-bourgogne-71\/#primaryimage\",\"url\":\"https:\/\/www.ecomusee-bresse71.fr\/contenu\/uploads\/2025\/06\/Photo-49-1024x768.jpg\",\"contentUrl\":\"https:\/\/www.ecomusee-bresse71.fr\/contenu\/uploads\/2025\/06\/Photo-49-1024x768.jpg\"},{\"@type\":\"BreadcrumbList\",\"@id\":\"https:\/\/www.ecomusee-bresse71.fr\/en\/vous-etes\/habitants-adherents-ecomusee-bourgogne-71\/#breadcrumb\",\"itemListElement\":[{\"@type\":\"ListItem\",\"position\":1,\"name\":\"Home\",\"item\":\"https:\/\/www.ecomusee-bresse71.fr\/en\/\"},{\"@type\":\"ListItem\",\"position\":2,\"name\":\"Vous \u00eates ?\",\"item\":\"https:\/\/www.ecomusee-bresse71.fr\/en\/vous-etes\/\"},{\"@type\":\"ListItem\",\"position\":3,\"name\":\"Habitants \/ Adh\u00e9rents\"}]},{\"@type\":\"WebSite\",\"@id\":\"https:\/\/www.ecomusee-bresse71.fr\/en\/#website\",\"url\":\"https:\/\/www.ecomusee-bresse71.fr\/en\/\",\"name\":\"Ecomus\u00e9e de la Bresse Bourguignonne\",\"description\":\"\",\"potentialAction\":[{\"@type\":\"SearchAction\",\"target\":{\"@type\":\"EntryPoint\",\"urlTemplate\":\"https:\/\/www.ecomusee-bresse71.fr\/en\/?s={search_term_string}\"},\"query-input\":{\"@type\":\"PropertyValueSpecification\",\"valueRequired\":true,\"valueName\":\"search_term_string\"}}],\"inLanguage\":\"en-US\"}]}<\/script>\n<!-- \/ Yoast SEO plugin. -->","yoast_head_json":{"title":"Ecomus\u00e9e de la Bresse Bourguignonne","description":"D\u00e9couvrez les richesses de votre territoir et venez les d\u00e9couvrir au travers des diff\u00e9rents sites de l'Ecomus\u00e9e de la Bresse Bourguignonne.","robots":{"index":"index","follow":"follow","max-snippet":"max-snippet:-1","max-image-preview":"max-image-preview:large","max-video-preview":"max-video-preview:-1"},"canonical":"https:\/\/www.ecomusee-bresse71.fr\/en\/vous-etes\/habitants-adherents-ecomusee-bourgogne-71\/","og_locale":"en_US","og_type":"article","og_title":"Ecomus\u00e9e de la Bresse Bourguignonne","og_description":"D\u00e9couvrez les richesses de votre territoir et venez les d\u00e9couvrir au travers des diff\u00e9rents sites de l'Ecomus\u00e9e de la Bresse Bourguignonne.","og_url":"https:\/\/www.ecomusee-bresse71.fr\/en\/vous-etes\/habitants-adherents-ecomusee-bourgogne-71\/","og_site_name":"Ecomus\u00e9e de la Bresse Bourguignonne","article_modified_time":"2025-12-09T14:23:23+00:00","og_image":[{"width":2560,"height":1920,"url":"https:\/\/www.ecomusee-bresse71.fr\/contenu\/uploads\/2025\/06\/Photo-49-scaled.jpg","type":"image\/jpeg"}],"twitter_card":"summary_large_image","twitter_misc":{"Est. reading time":"3 minutes"},"schema":{"@context":"https:\/\/schema.org","@graph":[{"@type":"WebPage","@id":"https:\/\/www.ecomusee-bresse71.fr\/en\/vous-etes\/habitants-adherents-ecomusee-bourgogne-71\/","url":"https:\/\/www.ecomusee-bresse71.fr\/en\/vous-etes\/habitants-adherents-ecomusee-bourgogne-71\/","name":"Ecomus\u00e9e de la Bresse Bourguignonne","isPartOf":{"@id":"https:\/\/www.ecomusee-bresse71.fr\/en\/#website"},"primaryImageOfPage":{"@id":"https:\/\/www.ecomusee-bresse71.fr\/en\/vous-etes\/habitants-adherents-ecomusee-bourgogne-71\/#primaryimage"},"image":{"@id":"https:\/\/www.ecomusee-bresse71.fr\/en\/vous-etes\/habitants-adherents-ecomusee-bourgogne-71\/#primaryimage"},"thumbnailUrl":"https:\/\/www.ecomusee-bresse71.fr\/contenu\/uploads\/2025\/06\/Photo-49-1024x768.jpg","datePublished":"2025-02-04T10:04:10+00:00","dateModified":"2025-12-09T14:23:23+00:00","description":"D\u00e9couvrez les richesses de votre territoir et venez les d\u00e9couvrir au travers des diff\u00e9rents sites de l'Ecomus\u00e9e de la Bresse Bourguignonne.","breadcrumb":{"@id":"https:\/\/www.ecomusee-bresse71.fr\/en\/vous-etes\/habitants-adherents-ecomusee-bourgogne-71\/#breadcrumb"},"inLanguage":"en-US","potentialAction":[{"@type":"ReadAction","target":["https:\/\/www.ecomusee-bresse71.fr\/en\/vous-etes\/habitants-adherents-ecomusee-bourgogne-71\/"]}]},{"@type":"ImageObject","inLanguage":"en-US","@id":"https:\/\/www.ecomusee-bresse71.fr\/en\/vous-etes\/habitants-adherents-ecomusee-bourgogne-71\/#primaryimage","url":"https:\/\/www.ecomusee-bresse71.fr\/contenu\/uploads\/2025\/06\/Photo-49-1024x768.jpg","contentUrl":"https:\/\/www.ecomusee-bresse71.fr\/contenu\/uploads\/2025\/06\/Photo-49-1024x768.jpg"},{"@type":"BreadcrumbList","@id":"https:\/\/www.ecomusee-bresse71.fr\/en\/vous-etes\/habitants-adherents-ecomusee-bourgogne-71\/#breadcrumb","itemListElement":[{"@type":"ListItem","position":1,"name":"Home","item":"https:\/\/www.ecomusee-bresse71.fr\/en\/"},{"@type":"ListItem","position":2,"name":"Vous \u00eates ?","item":"https:\/\/www.ecomusee-bresse71.fr\/en\/vous-etes\/"},{"@type":"ListItem","position":3,"name":"Habitants \/ Adh\u00e9rents"}]},{"@type":"WebSite","@id":"https:\/\/www.ecomusee-bresse71.fr\/en\/#website","url":"https:\/\/www.ecomusee-bresse71.fr\/en\/","name":"Ecomus\u00e9e de la Bresse Bourguignonne","description":"","potentialAction":[{"@type":"SearchAction","target":{"@type":"EntryPoint","urlTemplate":"https:\/\/www.ecomusee-bresse71.fr\/en\/?s={search_term_string}"},"query-input":{"@type":"PropertyValueSpecification","valueRequired":true,"valueName":"search_term_string"}}],"inLanguage":"en-US"}]}},"_links":{"self":[{"href":"https:\/\/www.ecomusee-bresse71.fr\/en\/wp-json\/wp\/v2\/pages\/872"}],"collection":[{"href":"https:\/\/www.ecomusee-bresse71.fr\/en\/wp-json\/wp\/v2\/pages"}],"about":[{"href":"https:\/\/www.ecomusee-bresse71.fr\/en\/wp-json\/wp\/v2\/types\/page"}],"author":[{"embeddable":true,"href":"https:\/\/www.ecomusee-bresse71.fr\/en\/wp-json\/wp\/v2\/users\/7"}],"replies":[{"embeddable":true,"href":"https:\/\/www.ecomusee-bresse71.fr\/en\/wp-json\/wp\/v2\/comments?post=872"}],"version-history":[{"count":2,"href":"https:\/\/www.ecomusee-bresse71.fr\/en\/wp-json\/wp\/v2\/pages\/872\/revisions"}],"predecessor-version":[{"id":4317,"href":"https:\/\/www.ecomusee-bresse71.fr\/en\/wp-json\/wp\/v2\/pages\/872\/revisions\/4317"}],"up":[{"embeddable":true,"href":"https:\/\/www.ecomusee-bresse71.fr\/en\/wp-json\/wp\/v2\/pages\/889"}],"wp:attachment":[{"href":"https:\/\/www.ecomusee-bresse71.fr\/en\/wp-json\/wp\/v2\/media?parent=872"}],"curies":[{"name":"wp","href":"https:\/\/api.w.org\/{rel}","templated":true}]}}