{"id":873,"date":"2025-02-04T11:04:10","date_gmt":"2025-02-04T10:04:10","guid":{"rendered":"https:\/\/www.ecomusee-bresse71.fr\/tourisme-bresse-bourgogne-chateaux-musees-culture\/"},"modified":"2025-07-07T16:53:23","modified_gmt":"2025-07-07T14:53:23","slug":"tourisme-bresse-bourgogne-chateaux-musees-culture","status":"publish","type":"page","link":"https:\/\/www.ecomusee-bresse71.fr\/en\/vous-etes\/tourisme-bresse-bourgogne-chateaux-musees-culture\/","title":{"rendered":"Touristes"},"content":{"rendered":"\n<div class=\"wp-block-columns are-vertically-aligned-center is-layout-flex wp-container-core-columns-is-layout-1 wp-block-columns-is-layout-flex\">\n<div class=\"wp-block-column is-vertically-aligned-center is-layout-flow wp-block-column-is-layout-flow\">\n<figure class=\"wp-block-image size-large\"><img loading=\"lazy\" decoding=\"async\" width=\"683\" height=\"1024\" src=\"https:\/\/www.ecomusee-bresse71.fr\/contenu\/uploads\/2025\/03\/musee-imprimerie-ecomusee-publigo-quentin-danel-73-683x1024.jpg\" alt=\"\" class=\"wp-image-594\"\/><\/figure>\n<\/div>\n\n\n\n<div class=\"wp-block-column is-vertically-aligned-center is-layout-flow wp-block-column-is-layout-flow\">\n<p>Le r\u00e9seau de <strong>l\u2019\u00c9comus\u00e9e de la Bresse <\/strong>est le meilleur moyen pour d\u00e9couvrir les tr\u00e9sors de la<a href=\"https:\/\/www.ecomusee-bresse71.fr\/en\/ecomusee\/bresse-jura-bourgogne-saone-71\/\"><strong> Bresse bourguignonne<\/strong><\/a>. Que vous soyez passionn\u00e9 d\u2019histoire, amateur de nature ou simplement curieux de d\u00e9couvrir de nouveaux horizons, nos nombreux parcours de visite et ateliers sauront r\u00e9pondre \u00e0 vos attentes.<\/p>\n\n\n\n<p class=\"has-text-align-left\"><a href=\"https:\/\/www.ecomusee-bresse71.fr\/en\/musees-et-sites\/\"><strong>D\u00e9couvrir tous nos sites<\/strong><\/a><\/p>\n<\/div>\n<\/div>\n\n\n\n<h2 class=\"wp-block-heading\">D\u00e9couvrir, s\u2019amuser, stimuler sa curiosit\u00e9<\/h2>\n\n\n\n<p>Amateur de sorties, de moments de <strong>convivialit\u00e9 <\/strong>ou <strong>d\u2019\u00e9v\u00e9nements culturelles<\/strong>, <strong>l\u2019\u00c9comus\u00e9e <\/strong>propose toute l\u2019ann\u00e9e un riche <strong><a href=\"https:\/\/www.ecomusee-bresse71.fr\/en\/activites\/\">programme d\u2019activit\u00e9s<\/a><\/strong> et <a href=\"https:\/\/www.ecomusee-bresse71.fr\/events\/event\/\"><strong>\u00e9v\u00e9nementiels <\/strong><\/a>adapt\u00e9s \u00e0 tous les \u00e2ges et toutes les tailles de groupe. Vous y trouverez certainement des id\u00e9es de sorties au moment de votre venue sur le territoire<\/p>\n\n\n\n<p class=\"has-text-align-left\">D\u00e9couvrir notre<strong> <\/strong><a href=\"https:\/\/www.ecomusee-bresse71.fr\/contenu\/uploads\/2025\/06\/25-Brochure_Groupe-Adultes_BD.pdf\" target=\"_blank\" rel=\"noreferrer noopener\"><strong>offre pour les groupes d\u2019adultes<\/strong><\/a><\/p>\n\n\n\n<p class=\"has-text-align-left\">D\u00e9couvrir tous <strong><a href=\"https:\/\/www.ecomusee-bresse71.fr\/events\/event\/\">nos \u00e9v\u00e9nements<\/a><\/strong><\/p>\n\n\n\n<h2 class=\"wp-block-heading\">Acheter des produits locaux<\/h2>\n\n\n\n<p>Plusieurs sites du r\u00e9seau de <strong>l\u2019\u00c9comus\u00e9e<\/strong> proposent aux visiteurs<a href=\"https:\/\/www.ecomusee-bresse71.fr\/en\/activites\/boutique-musee-bresse-bourgogne\/\"><strong> des boutiques de produits locaux<\/strong><\/a>. Elles regorgent d\u2019id\u00e9es de cadeaux \u00ab&nbsp;made in Bresse&nbsp;\u00bb ou originaux \u00e0 faire \u00e0 vous-m\u00eames ou \u00e0 tous ceux qui souhaitent d\u00e9couvrir le territoire.<\/p>\n\n\n\n<figure class=\"wp-block-gallery has-nested-images columns-default is-cropped wp-block-gallery-1 is-layout-flex wp-block-gallery-is-layout-flex\">\n<figure class=\"wp-block-image size-large\"><a href=\"https:\/\/www.ecomusee-bresse71.fr\/contenu\/uploads\/2025\/03\/chateau-pierre-bresse-ecomusee-publigo-quentin-danel-057.jpg\"><img loading=\"lazy\" decoding=\"async\" width=\"1024\" height=\"683\" data-id=\"596\" src=\"https:\/\/www.ecomusee-bresse71.fr\/contenu\/uploads\/2025\/03\/chateau-pierre-bresse-ecomusee-publigo-quentin-danel-057-1024x683.jpg\" alt=\"\" class=\"wp-image-596\"\/><\/a><\/figure>\n\n\n\n<figure class=\"wp-block-image size-large\"><a href=\"https:\/\/www.ecomusee-bresse71.fr\/contenu\/uploads\/2025\/03\/chateau-pierre-bresse-ecomusee-publigo-quentin-danel-035.jpg\"><img loading=\"lazy\" decoding=\"async\" width=\"1024\" height=\"683\" data-id=\"598\" src=\"https:\/\/www.ecomusee-bresse71.fr\/contenu\/uploads\/2025\/03\/chateau-pierre-bresse-ecomusee-publigo-quentin-danel-035-1024x683.jpg\" alt=\"\" class=\"wp-image-598\"\/><\/a><\/figure>\n<\/figure>\n\n\n\n<h2 class=\"wp-block-heading\">Se restaurer<\/h2>\n\n\n\n<p>Plusieurs des sites de <strong>l\u2019\u00c9comus\u00e9e <\/strong>proposent des <strong>boutiques <\/strong>de<strong> produits de terroi<\/strong>r ou m\u00eame des <a href=\"https:\/\/www.ecomusee-bresse71.fr\/activites\/petite-restauration\/\"><strong>espaces de petite restauration<\/strong><\/a>. C\u2019est le cas au<a href=\"https:\/\/www.ecomusee-bresse71.fr\/en\/musees-et-sites\/chateau-pierre-de-bresse-71\/\"><strong> ch\u00e2teau de Pierre-de-Bresse <\/strong><\/a>qui abrite un magnifique <strong>salon de th\u00e9 <\/strong>ou au <a href=\"https:\/\/www.ecomusee-bresse71.fr\/en\/musees-et-sites\/moulin-musee-menetreuil-71\/\"><strong>Moulin-mus\u00e9e de M\u00e9netreuil<\/strong><\/a> qui propose un bel espace pique-nique. <\/p>\n\n\n\n<p><\/p>\n","protected":false},"excerpt":{"rendered":"<p>Le r\u00e9seau de l\u2019\u00c9comus\u00e9e de la Bresse est le meilleur moyen pour d\u00e9couvrir les tr\u00e9sors de la Bresse bourguignonne. Que [&hellip;]<\/p>\n","protected":false},"author":7,"featured_media":0,"parent":889,"menu_order":1,"comment_status":"closed","ping_status":"closed","template":"","meta":{"_acf_changed":false,"footnotes":""},"class_list":["post-873","page","type-page","status-publish","hentry"],"acf":[],"yoast_head":"<!-- This site is optimized with the Yoast SEO plugin v24.3 - https:\/\/yoast.com\/wordpress\/plugins\/seo\/ -->\n<title>D\u00e9couvrez le patrimoine bressan | Ecomus\u00e9e bresse - Bourgogne<\/title>\n<meta name=\"description\" content=\"Vous \u00eates en s\u00e9jour en bresse ? Venez d\u00e9couvrir notre patrimoine locale et visitez l&#039;un des sites de l&#039;Ecomus\u00e9e de la Bresse Bourguignonne.\" \/>\n<meta name=\"robots\" content=\"index, follow, max-snippet:-1, max-image-preview:large, max-video-preview:-1\" \/>\n<link rel=\"canonical\" href=\"https:\/\/www.ecomusee-bresse71.fr\/en\/vous-etes\/tourisme-bresse-bourgogne-chateaux-musees-culture\/\" \/>\n<meta property=\"og:locale\" content=\"en_US\" \/>\n<meta property=\"og:type\" content=\"article\" \/>\n<meta property=\"og:title\" content=\"D\u00e9couvrez le patrimoine bressan | Ecomus\u00e9e bresse - Bourgogne\" \/>\n<meta property=\"og:description\" content=\"Vous \u00eates en s\u00e9jour en bresse ? Venez d\u00e9couvrir notre patrimoine locale et visitez l&#039;un des sites de l&#039;Ecomus\u00e9e de la Bresse Bourguignonne.\" \/>\n<meta property=\"og:url\" content=\"https:\/\/www.ecomusee-bresse71.fr\/en\/vous-etes\/tourisme-bresse-bourgogne-chateaux-musees-culture\/\" \/>\n<meta property=\"og:site_name\" content=\"Ecomus\u00e9e de la Bresse Bourguignonne\" \/>\n<meta property=\"article:modified_time\" content=\"2025-07-07T14:53:23+00:00\" \/>\n<meta property=\"og:image\" content=\"https:\/\/www.ecomusee-bresse71.fr\/contenu\/uploads\/2025\/03\/musee-imprimerie-ecomusee-publigo-quentin-danel-73-scaled.jpg\" \/>\n\t<meta property=\"og:image:width\" content=\"1708\" \/>\n\t<meta property=\"og:image:height\" content=\"2560\" \/>\n\t<meta property=\"og:image:type\" content=\"image\/jpeg\" \/>\n<meta name=\"twitter:card\" content=\"summary_large_image\" \/>\n<meta name=\"twitter:label1\" content=\"Est. reading time\" \/>\n\t<meta name=\"twitter:data1\" content=\"2 minutes\" \/>\n<script type=\"application\/ld+json\" class=\"yoast-schema-graph\">{\"@context\":\"https:\/\/schema.org\",\"@graph\":[{\"@type\":\"WebPage\",\"@id\":\"https:\/\/www.ecomusee-bresse71.fr\/en\/vous-etes\/tourisme-bresse-bourgogne-chateaux-musees-culture\/\",\"url\":\"https:\/\/www.ecomusee-bresse71.fr\/en\/vous-etes\/tourisme-bresse-bourgogne-chateaux-musees-culture\/\",\"name\":\"D\u00e9couvrez le patrimoine bressan | Ecomus\u00e9e bresse - Bourgogne\",\"isPartOf\":{\"@id\":\"https:\/\/www.ecomusee-bresse71.fr\/en\/#website\"},\"primaryImageOfPage\":{\"@id\":\"https:\/\/www.ecomusee-bresse71.fr\/en\/vous-etes\/tourisme-bresse-bourgogne-chateaux-musees-culture\/#primaryimage\"},\"image\":{\"@id\":\"https:\/\/www.ecomusee-bresse71.fr\/en\/vous-etes\/tourisme-bresse-bourgogne-chateaux-musees-culture\/#primaryimage\"},\"thumbnailUrl\":\"https:\/\/www.ecomusee-bresse71.fr\/contenu\/uploads\/2025\/03\/musee-imprimerie-ecomusee-publigo-quentin-danel-73-683x1024.jpg\",\"datePublished\":\"2025-02-04T10:04:10+00:00\",\"dateModified\":\"2025-07-07T14:53:23+00:00\",\"description\":\"Vous \u00eates en s\u00e9jour en bresse ? Venez d\u00e9couvrir notre patrimoine locale et visitez l'un des sites de l'Ecomus\u00e9e de la Bresse Bourguignonne.\",\"breadcrumb\":{\"@id\":\"https:\/\/www.ecomusee-bresse71.fr\/en\/vous-etes\/tourisme-bresse-bourgogne-chateaux-musees-culture\/#breadcrumb\"},\"inLanguage\":\"en-US\",\"potentialAction\":[{\"@type\":\"ReadAction\",\"target\":[\"https:\/\/www.ecomusee-bresse71.fr\/en\/vous-etes\/tourisme-bresse-bourgogne-chateaux-musees-culture\/\"]}]},{\"@type\":\"ImageObject\",\"inLanguage\":\"en-US\",\"@id\":\"https:\/\/www.ecomusee-bresse71.fr\/en\/vous-etes\/tourisme-bresse-bourgogne-chateaux-musees-culture\/#primaryimage\",\"url\":\"https:\/\/www.ecomusee-bresse71.fr\/contenu\/uploads\/2025\/03\/musee-imprimerie-ecomusee-publigo-quentin-danel-73-683x1024.jpg\",\"contentUrl\":\"https:\/\/www.ecomusee-bresse71.fr\/contenu\/uploads\/2025\/03\/musee-imprimerie-ecomusee-publigo-quentin-danel-73-683x1024.jpg\"},{\"@type\":\"BreadcrumbList\",\"@id\":\"https:\/\/www.ecomusee-bresse71.fr\/en\/vous-etes\/tourisme-bresse-bourgogne-chateaux-musees-culture\/#breadcrumb\",\"itemListElement\":[{\"@type\":\"ListItem\",\"position\":1,\"name\":\"Home\",\"item\":\"https:\/\/www.ecomusee-bresse71.fr\/en\/\"},{\"@type\":\"ListItem\",\"position\":2,\"name\":\"Vous \u00eates ?\",\"item\":\"https:\/\/www.ecomusee-bresse71.fr\/en\/vous-etes\/\"},{\"@type\":\"ListItem\",\"position\":3,\"name\":\"Touristes\"}]},{\"@type\":\"WebSite\",\"@id\":\"https:\/\/www.ecomusee-bresse71.fr\/en\/#website\",\"url\":\"https:\/\/www.ecomusee-bresse71.fr\/en\/\",\"name\":\"Ecomus\u00e9e de la Bresse Bourguignonne\",\"description\":\"\",\"potentialAction\":[{\"@type\":\"SearchAction\",\"target\":{\"@type\":\"EntryPoint\",\"urlTemplate\":\"https:\/\/www.ecomusee-bresse71.fr\/en\/?s={search_term_string}\"},\"query-input\":{\"@type\":\"PropertyValueSpecification\",\"valueRequired\":true,\"valueName\":\"search_term_string\"}}],\"inLanguage\":\"en-US\"}]}<\/script>\n<!-- \/ Yoast SEO plugin. -->","yoast_head_json":{"title":"D\u00e9couvrez le patrimoine bressan | Ecomus\u00e9e bresse - Bourgogne","description":"Vous \u00eates en s\u00e9jour en bresse ? Venez d\u00e9couvrir notre patrimoine locale et visitez l'un des sites de l'Ecomus\u00e9e de la Bresse Bourguignonne.","robots":{"index":"index","follow":"follow","max-snippet":"max-snippet:-1","max-image-preview":"max-image-preview:large","max-video-preview":"max-video-preview:-1"},"canonical":"https:\/\/www.ecomusee-bresse71.fr\/en\/vous-etes\/tourisme-bresse-bourgogne-chateaux-musees-culture\/","og_locale":"en_US","og_type":"article","og_title":"D\u00e9couvrez le patrimoine bressan | Ecomus\u00e9e bresse - Bourgogne","og_description":"Vous \u00eates en s\u00e9jour en bresse ? Venez d\u00e9couvrir notre patrimoine locale et visitez l'un des sites de l'Ecomus\u00e9e de la Bresse Bourguignonne.","og_url":"https:\/\/www.ecomusee-bresse71.fr\/en\/vous-etes\/tourisme-bresse-bourgogne-chateaux-musees-culture\/","og_site_name":"Ecomus\u00e9e de la Bresse Bourguignonne","article_modified_time":"2025-07-07T14:53:23+00:00","og_image":[{"width":1708,"height":2560,"url":"https:\/\/www.ecomusee-bresse71.fr\/contenu\/uploads\/2025\/03\/musee-imprimerie-ecomusee-publigo-quentin-danel-73-scaled.jpg","type":"image\/jpeg"}],"twitter_card":"summary_large_image","twitter_misc":{"Est. reading time":"2 minutes"},"schema":{"@context":"https:\/\/schema.org","@graph":[{"@type":"WebPage","@id":"https:\/\/www.ecomusee-bresse71.fr\/en\/vous-etes\/tourisme-bresse-bourgogne-chateaux-musees-culture\/","url":"https:\/\/www.ecomusee-bresse71.fr\/en\/vous-etes\/tourisme-bresse-bourgogne-chateaux-musees-culture\/","name":"D\u00e9couvrez le patrimoine bressan | Ecomus\u00e9e bresse - Bourgogne","isPartOf":{"@id":"https:\/\/www.ecomusee-bresse71.fr\/en\/#website"},"primaryImageOfPage":{"@id":"https:\/\/www.ecomusee-bresse71.fr\/en\/vous-etes\/tourisme-bresse-bourgogne-chateaux-musees-culture\/#primaryimage"},"image":{"@id":"https:\/\/www.ecomusee-bresse71.fr\/en\/vous-etes\/tourisme-bresse-bourgogne-chateaux-musees-culture\/#primaryimage"},"thumbnailUrl":"https:\/\/www.ecomusee-bresse71.fr\/contenu\/uploads\/2025\/03\/musee-imprimerie-ecomusee-publigo-quentin-danel-73-683x1024.jpg","datePublished":"2025-02-04T10:04:10+00:00","dateModified":"2025-07-07T14:53:23+00:00","description":"Vous \u00eates en s\u00e9jour en bresse ? Venez d\u00e9couvrir notre patrimoine locale et visitez l'un des sites de l'Ecomus\u00e9e de la Bresse Bourguignonne.","breadcrumb":{"@id":"https:\/\/www.ecomusee-bresse71.fr\/en\/vous-etes\/tourisme-bresse-bourgogne-chateaux-musees-culture\/#breadcrumb"},"inLanguage":"en-US","potentialAction":[{"@type":"ReadAction","target":["https:\/\/www.ecomusee-bresse71.fr\/en\/vous-etes\/tourisme-bresse-bourgogne-chateaux-musees-culture\/"]}]},{"@type":"ImageObject","inLanguage":"en-US","@id":"https:\/\/www.ecomusee-bresse71.fr\/en\/vous-etes\/tourisme-bresse-bourgogne-chateaux-musees-culture\/#primaryimage","url":"https:\/\/www.ecomusee-bresse71.fr\/contenu\/uploads\/2025\/03\/musee-imprimerie-ecomusee-publigo-quentin-danel-73-683x1024.jpg","contentUrl":"https:\/\/www.ecomusee-bresse71.fr\/contenu\/uploads\/2025\/03\/musee-imprimerie-ecomusee-publigo-quentin-danel-73-683x1024.jpg"},{"@type":"BreadcrumbList","@id":"https:\/\/www.ecomusee-bresse71.fr\/en\/vous-etes\/tourisme-bresse-bourgogne-chateaux-musees-culture\/#breadcrumb","itemListElement":[{"@type":"ListItem","position":1,"name":"Home","item":"https:\/\/www.ecomusee-bresse71.fr\/en\/"},{"@type":"ListItem","position":2,"name":"Vous \u00eates ?","item":"https:\/\/www.ecomusee-bresse71.fr\/en\/vous-etes\/"},{"@type":"ListItem","position":3,"name":"Touristes"}]},{"@type":"WebSite","@id":"https:\/\/www.ecomusee-bresse71.fr\/en\/#website","url":"https:\/\/www.ecomusee-bresse71.fr\/en\/","name":"Ecomus\u00e9e de la Bresse Bourguignonne","description":"","potentialAction":[{"@type":"SearchAction","target":{"@type":"EntryPoint","urlTemplate":"https:\/\/www.ecomusee-bresse71.fr\/en\/?s={search_term_string}"},"query-input":{"@type":"PropertyValueSpecification","valueRequired":true,"valueName":"search_term_string"}}],"inLanguage":"en-US"}]}},"_links":{"self":[{"href":"https:\/\/www.ecomusee-bresse71.fr\/en\/wp-json\/wp\/v2\/pages\/873"}],"collection":[{"href":"https:\/\/www.ecomusee-bresse71.fr\/en\/wp-json\/wp\/v2\/pages"}],"about":[{"href":"https:\/\/www.ecomusee-bresse71.fr\/en\/wp-json\/wp\/v2\/types\/page"}],"author":[{"embeddable":true,"href":"https:\/\/www.ecomusee-bresse71.fr\/en\/wp-json\/wp\/v2\/users\/7"}],"replies":[{"embeddable":true,"href":"https:\/\/www.ecomusee-bresse71.fr\/en\/wp-json\/wp\/v2\/comments?post=873"}],"version-history":[{"count":2,"href":"https:\/\/www.ecomusee-bresse71.fr\/en\/wp-json\/wp\/v2\/pages\/873\/revisions"}],"predecessor-version":[{"id":2587,"href":"https:\/\/www.ecomusee-bresse71.fr\/en\/wp-json\/wp\/v2\/pages\/873\/revisions\/2587"}],"up":[{"embeddable":true,"href":"https:\/\/www.ecomusee-bresse71.fr\/en\/wp-json\/wp\/v2\/pages\/889"}],"wp:attachment":[{"href":"https:\/\/www.ecomusee-bresse71.fr\/en\/wp-json\/wp\/v2\/media?parent=873"}],"curies":[{"name":"wp","href":"https:\/\/api.w.org\/{rel}","templated":true}]}}