{"id":874,"date":"2025-02-04T11:04:10","date_gmt":"2025-02-04T10:04:10","guid":{"rendered":"https:\/\/www.ecomusee-bresse71.fr\/familles-activites-vacances-bresse-bourguignonne\/"},"modified":"2026-01-12T08:44:09","modified_gmt":"2026-01-12T07:44:09","slug":"familles-activites-vacances-bresse-bourguignonne","status":"publish","type":"page","link":"https:\/\/www.ecomusee-bresse71.fr\/en\/vous-etes\/familles-activites-vacances-bresse-bourguignonne\/","title":{"rendered":"Familles"},"content":{"rendered":"\n<p>La<strong> Bresse bourguignonne <\/strong>est l\u2019endroit id\u00e9al pour partager des moments conviviaux en famille ! <strong>L\u2019\u00c9comus\u00e9e de la Bresse bourguignonne<\/strong> vous ouvre ses portes pour une d\u00e9couverte immersive \u00e0 travers une multitude d\u2019activit\u00e9s <strong>ludiques et \u00e9ducatives<\/strong>, labellis\u00e9es <strong> <a href=\"https:\/\/www.destination-saone-et-loire.fr\/fr\/nos-offres\/aventures-momes.html\">Aventures M\u00f4mes<\/a> <\/strong> et <strong><a href=\"https:\/\/mom-art.org\/\">M\u00f4m&#8217;art<\/a><\/strong><\/p>\n\n\n\n<p><strong>Adolescents, enfants et petits-enfants<\/strong> plongeront dans un univers captivant, o\u00f9 chaque visite devient une exp\u00e9rience \u00e0 partager.<\/p>\n\n\n\n<figure class=\"wp-block-gallery has-nested-images columns-default is-cropped wp-block-gallery-1 is-layout-flex wp-block-gallery-is-layout-flex\">\n<figure class=\"wp-block-image size-large\"><a href=\"https:\/\/www.ecomusee-bresse71.fr\/contenu\/uploads\/2025\/03\/Maison-agriculture-ecomusee-publigo-quentin-danel-59-scaled.jpg\"><img loading=\"lazy\" decoding=\"async\" width=\"1024\" height=\"683\" data-id=\"559\" src=\"https:\/\/www.ecomusee-bresse71.fr\/contenu\/uploads\/2025\/03\/Maison-agriculture-ecomusee-publigo-quentin-danel-59-1024x683.jpg\" alt=\"\" class=\"wp-image-559\"\/><\/a><\/figure>\n\n\n\n<figure class=\"wp-block-image size-large\"><a href=\"https:\/\/www.ecomusee-bresse71.fr\/contenu\/uploads\/2025\/03\/Maison-agriculture-ecomusee-publigo-quentin-danel-05.jpg\"><img loading=\"lazy\" decoding=\"async\" width=\"1024\" height=\"683\" data-id=\"561\" src=\"https:\/\/www.ecomusee-bresse71.fr\/contenu\/uploads\/2025\/03\/Maison-agriculture-ecomusee-publigo-quentin-danel-05-1024x683.jpg\" alt=\"\" class=\"wp-image-561\"\/><\/a><\/figure>\n<\/figure>\n\n\n\n<h2 class=\"wp-block-heading\">Des animations \u00e0 faire tous ensemble<\/h2>\n\n\n\n<p>Pendant les vacances, profitez,<\/p>\n\n\n\n<ul class=\"wp-block-list\">\n<li><strong>d&#8217;ateliers interactifs<\/strong><\/li>\n\n\n\n<li><strong>d&#8217;exp\u00e9riences in\u00e9dites<\/strong><\/li>\n\n\n\n<li><strong>d&#8217;animations sp\u00e9ciales<\/strong> con\u00e7ues pour attiser la curiosit\u00e9 des petits et grands<\/li>\n<\/ul>\n\n\n\n<p>Les sites <a href=\"https:\/\/www.ecomusee-bresse71.fr\/en\/ecomusee\/\"><strong>l\u2019\u00c9comus\u00e9e <\/strong><\/a>propose des parcours adapt\u00e9s aux <strong>familles <\/strong>avec des<strong> livrets-jeux<\/strong>, des <strong>modules interactifs<\/strong>, des <strong>concerts <\/strong>d\u00e9di\u00e9s, et m\u00eame des <strong>bornes num\u00e9riques<\/strong>. Ici, tout est pens\u00e9 pour que chaque membre de la <strong>famille <\/strong>vive une exp\u00e9rience enrichissante et amusante.<\/p>\n\n\n\n<p>Ici, tout est pens\u00e9 pour que chaque membre de la famille vive une exp\u00e9rience \u00e0 la fois enrichissante et ludique.<\/p>\n\n\n\n<p>L\u2019\u00c9comus\u00e9e est signataire de la <strong><a href=\"https:\/\/mom-art.org\/la-charte\/\">charte Mom\u2019Art<\/a><\/strong>, et s\u2019engage \u00e0 respecter les <strong>Dix droits du petit visiteur<\/strong>, une d\u00e9marche qui invite les enfants \u00e0 s\u2019approprier le mus\u00e9e de mani\u00e8re vivante, libre et d\u00e9complex\u00e9e.<\/p>\n\n\n\n<p>Consultez notre brochure &#8220;Ateliers en famille 2026&#8221; ci-dessous :<\/p>\n\n\n\n<div data-wp-interactive=\"core\/file\" class=\"wp-block-file\"><object data-wp-bind--hidden=\"!state.hasPdfPreview\"  class=\"wp-block-file__embed\" data=\"https:\/\/www.ecomusee-bresse71.fr\/contenu\/uploads\/2026\/01\/Brochure-en-famille-2026.pdf\" type=\"application\/pdf\" style=\"width:100%;height:600px\" aria-label=\"Embed of Brochure en famille 2026.\"><\/object><a id=\"wp-block-file--media-1ccb0fdf-486d-4fc3-b70d-0c9412b0aaaa\" href=\"https:\/\/www.ecomusee-bresse71.fr\/contenu\/uploads\/2026\/01\/Brochure-en-famille-2026.pdf\">Brochure en famille 2026<\/a><a href=\"https:\/\/www.ecomusee-bresse71.fr\/contenu\/uploads\/2026\/01\/Brochure-en-famille-2026.pdf\" class=\"wp-block-file__button wp-element-button\" download aria-describedby=\"wp-block-file--media-1ccb0fdf-486d-4fc3-b70d-0c9412b0aaaa\">T\u00e9l\u00e9charger<\/a><\/div>\n\n\n\n<figure class=\"wp-block-gallery has-nested-images columns-default is-cropped wp-block-gallery-2 is-layout-flex wp-block-gallery-is-layout-flex\">\n<figure class=\"wp-block-image size-large\"><a href=\"https:\/\/www.ecomusee-bresse71.fr\/contenu\/uploads\/2025\/03\/moulin-montjay-ecomusee-publigo-quentin-danel-106.jpg\"><img loading=\"lazy\" decoding=\"async\" width=\"1024\" height=\"683\" data-id=\"582\" src=\"https:\/\/www.ecomusee-bresse71.fr\/contenu\/uploads\/2025\/03\/moulin-montjay-ecomusee-publigo-quentin-danel-106-1024x683.jpg\" alt=\"\" class=\"wp-image-582\"\/><\/a><\/figure>\n\n\n\n<figure class=\"wp-block-image size-large\"><a href=\"https:\/\/www.ecomusee-bresse71.fr\/contenu\/uploads\/2025\/03\/moulin-montjay-ecomusee-publigo-quentin-danel-048-scaled.jpg\"><img loading=\"lazy\" decoding=\"async\" width=\"1024\" height=\"683\" data-id=\"584\" src=\"https:\/\/www.ecomusee-bresse71.fr\/contenu\/uploads\/2025\/03\/moulin-montjay-ecomusee-publigo-quentin-danel-048-1024x683.jpg\" alt=\"\" class=\"wp-image-584\"\/><\/a><\/figure>\n\n\n\n<figure class=\"wp-block-image size-large\"><a href=\"https:\/\/www.ecomusee-bresse71.fr\/contenu\/uploads\/2025\/03\/moulin-montjay-ecomusee-publigo-quentin-danel-087.jpg\"><img loading=\"lazy\" decoding=\"async\" width=\"1024\" height=\"683\" data-id=\"586\" src=\"https:\/\/www.ecomusee-bresse71.fr\/contenu\/uploads\/2025\/03\/moulin-montjay-ecomusee-publigo-quentin-danel-087-1024x683.jpg\" alt=\"\" class=\"wp-image-586\"\/><\/a><\/figure>\n<\/figure>\n\n\n\n<h2 class=\"wp-block-heading\">Organiser des moments en famille<\/h2>\n\n\n\n<p><strong>L\u2019\u00c9comus\u00e9e <\/strong>propose aussi des <strong>prestations d\u2019h\u00e9bergement collectif <\/strong>et de <strong>location de salle q<\/strong>ui vous permettent d\u2019organiser dans des lieux d\u2019exception de beaux souvenirs familiaux.<\/p>\n\n\n\n<ul class=\"wp-block-list\">\n<li><a href=\"https:\/\/www.ecomusee-bresse71.fr\/en\/activites\/group-accommodation\/\"><strong>D\u00e9couvrir notre offre de g\u00eete de groupe au ch\u00e2teau de Pierre-de-Bresse<\/strong><\/a><\/li>\n\n\n\n<li><a href=\"https:\/\/www.ecomusee-bresse71.fr\/en\/activites\/room-rental\/\"><strong>D\u00e9couvrir notre offre de location de salles<\/strong><\/a><\/li>\n<\/ul>\n\n\n\n<h2 class=\"wp-block-heading\">Acheter et d\u00e9guster des produits locaux<\/h2>\n\n\n\n<p>Plusieurs sites du<strong> r\u00e9seau de l\u2019\u00c9comus\u00e9e <\/strong>proposent aux visiteurs des <a href=\"https:\/\/www.ecomusee-bresse71.fr\/en\/activites\/boutique-musee-bresse-bourgogne\/\"><strong>boutiques <\/strong>de <strong>produits locaux<\/strong>.<\/a> Vous pourrez y offrir des cadeaux \u00ab&nbsp;made in Bresse&nbsp;\u00bb ou originaux aux plus grands comme aux plus petits.<a href=\"https:\/\/www.ecomusee-bresse71.fr\/en\/musees-et-sites\/chateau-pierre-de-bresse-71\/\"><strong> Le ch\u00e2teau de Pierre-de-Bresse <\/strong><\/a>et le<a href=\"https:\/\/www.ecomusee-bresse71.fr\/en\/musees-et-sites\/moulin-musee-menetreuil-71\/\"><strong> Moulin-mus\u00e9e de M\u00e9netreuil <\/strong><\/a>vous offrent aussi la possibilit\u00e9 de vous profiter de petites <strong>restaurations<\/strong> <strong>sucr\u00e9es <\/strong>et de <strong>boissons <\/strong>dans des cadres atypiques. <\/p>\n\n\n\n<h2 class=\"wp-block-heading\">Soutenir en famille l\u2019\u00c9comus\u00e9e de la Bresse<\/h2>\n\n\n\n<p><a href=\"https:\/\/www.ecomusee-bresse71.fr\/en\/ecomusee\/\"><strong>L\u2019\u00c9comus\u00e9e de la Bresse<\/strong><\/a> est une association loi 12901, reconnue d&#8217;utilit\u00e9 publique, qui propose des activit\u00e9s tr\u00e8s vari\u00e9s pour tous les \u00e2ges. Si vous aimez profitez de ces activit\u00e9s, <strong><a href=\"https:\/\/www.ecomusee-bresse71.fr\/en\/adherer\/\">l\u2019adh\u00e9sion \u00ab&nbsp;Famille&nbsp;\u00bb<\/a><\/strong> vous offre des tarifs privil\u00e9gi\u00e9s et des r\u00e9ductions d\u2019imp\u00f4ts.<\/p>\n\n\n\n<p><strong><a href=\"https:\/\/www.ecomusee-bresse71.fr\/contenu\/uploads\/2025\/12\/26-Formulaire-adhesion-entreprise.pdf\">T\u00e9l\u00e9charger le formulaire d\u2019adh\u00e9sion pour les particuliers<\/a><\/strong><\/p>\n\n\n\n<p><\/p>\n","protected":false},"excerpt":{"rendered":"<p>La Bresse bourguignonne est l\u2019endroit id\u00e9al pour partager des moments conviviaux en famille ! L\u2019\u00c9comus\u00e9e de la Bresse bourguignonne vous [&hellip;]<\/p>\n","protected":false},"author":7,"featured_media":0,"parent":889,"menu_order":2,"comment_status":"closed","ping_status":"closed","template":"","meta":{"_acf_changed":false,"footnotes":""},"class_list":["post-874","page","type-page","status-publish","hentry"],"acf":[],"yoast_head":"<!-- This site is optimized with the Yoast SEO plugin v24.3 - https:\/\/yoast.com\/wordpress\/plugins\/seo\/ -->\n<title>La Bresse bourguignonne : une aventure familiale \u00e0 l&#039;Ecomus\u00e9e<\/title>\n<meta name=\"description\" content=\"D\u00e9couvrez la Bresse bourguignonne en famille \u00e0 l&#039;\u00c9comus\u00e9e et profitez d&#039;activit\u00e9s ludiques, d&#039;ateliers interactifs et d&#039;animations.\" \/>\n<meta name=\"robots\" content=\"index, follow, max-snippet:-1, max-image-preview:large, max-video-preview:-1\" \/>\n<link rel=\"canonical\" href=\"https:\/\/www.ecomusee-bresse71.fr\/en\/vous-etes\/familles-activites-vacances-bresse-bourguignonne\/\" \/>\n<meta property=\"og:locale\" content=\"en_US\" \/>\n<meta property=\"og:type\" content=\"article\" \/>\n<meta property=\"og:title\" content=\"La Bresse bourguignonne : une aventure familiale \u00e0 l&#039;Ecomus\u00e9e\" \/>\n<meta property=\"og:description\" content=\"D\u00e9couvrez la Bresse bourguignonne en famille \u00e0 l&#039;\u00c9comus\u00e9e et profitez d&#039;activit\u00e9s ludiques, d&#039;ateliers interactifs et d&#039;animations.\" \/>\n<meta property=\"og:url\" content=\"https:\/\/www.ecomusee-bresse71.fr\/en\/vous-etes\/familles-activites-vacances-bresse-bourguignonne\/\" \/>\n<meta property=\"og:site_name\" content=\"Ecomus\u00e9e de la Bresse Bourguignonne\" \/>\n<meta property=\"article:modified_time\" content=\"2026-01-12T07:44:09+00:00\" \/>\n<meta property=\"og:image\" content=\"https:\/\/www.ecomusee-bresse71.fr\/contenu\/uploads\/2025\/03\/Maison-agriculture-ecomusee-publigo-quentin-danel-59-scaled.jpg\" \/>\n\t<meta property=\"og:image:width\" content=\"2560\" \/>\n\t<meta property=\"og:image:height\" content=\"1708\" \/>\n\t<meta property=\"og:image:type\" content=\"image\/jpeg\" \/>\n<meta name=\"twitter:card\" content=\"summary_large_image\" \/>\n<meta name=\"twitter:label1\" content=\"Est. reading time\" \/>\n\t<meta name=\"twitter:data1\" content=\"3 minutes\" \/>\n<script type=\"application\/ld+json\" class=\"yoast-schema-graph\">{\"@context\":\"https:\/\/schema.org\",\"@graph\":[{\"@type\":\"WebPage\",\"@id\":\"https:\/\/www.ecomusee-bresse71.fr\/en\/vous-etes\/familles-activites-vacances-bresse-bourguignonne\/\",\"url\":\"https:\/\/www.ecomusee-bresse71.fr\/en\/vous-etes\/familles-activites-vacances-bresse-bourguignonne\/\",\"name\":\"La Bresse bourguignonne : une aventure familiale \u00e0 l'Ecomus\u00e9e\",\"isPartOf\":{\"@id\":\"https:\/\/www.ecomusee-bresse71.fr\/en\/#website\"},\"primaryImageOfPage\":{\"@id\":\"https:\/\/www.ecomusee-bresse71.fr\/en\/vous-etes\/familles-activites-vacances-bresse-bourguignonne\/#primaryimage\"},\"image\":{\"@id\":\"https:\/\/www.ecomusee-bresse71.fr\/en\/vous-etes\/familles-activites-vacances-bresse-bourguignonne\/#primaryimage\"},\"thumbnailUrl\":\"https:\/\/www.ecomusee-bresse71.fr\/contenu\/uploads\/2025\/03\/Maison-agriculture-ecomusee-publigo-quentin-danel-59-1024x683.jpg\",\"datePublished\":\"2025-02-04T10:04:10+00:00\",\"dateModified\":\"2026-01-12T07:44:09+00:00\",\"description\":\"D\u00e9couvrez la Bresse bourguignonne en famille \u00e0 l'\u00c9comus\u00e9e et profitez d'activit\u00e9s ludiques, d'ateliers interactifs et d'animations.\",\"breadcrumb\":{\"@id\":\"https:\/\/www.ecomusee-bresse71.fr\/en\/vous-etes\/familles-activites-vacances-bresse-bourguignonne\/#breadcrumb\"},\"inLanguage\":\"en-US\",\"potentialAction\":[{\"@type\":\"ReadAction\",\"target\":[\"https:\/\/www.ecomusee-bresse71.fr\/en\/vous-etes\/familles-activites-vacances-bresse-bourguignonne\/\"]}]},{\"@type\":\"ImageObject\",\"inLanguage\":\"en-US\",\"@id\":\"https:\/\/www.ecomusee-bresse71.fr\/en\/vous-etes\/familles-activites-vacances-bresse-bourguignonne\/#primaryimage\",\"url\":\"https:\/\/www.ecomusee-bresse71.fr\/contenu\/uploads\/2025\/03\/Maison-agriculture-ecomusee-publigo-quentin-danel-59-1024x683.jpg\",\"contentUrl\":\"https:\/\/www.ecomusee-bresse71.fr\/contenu\/uploads\/2025\/03\/Maison-agriculture-ecomusee-publigo-quentin-danel-59-1024x683.jpg\"},{\"@type\":\"BreadcrumbList\",\"@id\":\"https:\/\/www.ecomusee-bresse71.fr\/en\/vous-etes\/familles-activites-vacances-bresse-bourguignonne\/#breadcrumb\",\"itemListElement\":[{\"@type\":\"ListItem\",\"position\":1,\"name\":\"Home\",\"item\":\"https:\/\/www.ecomusee-bresse71.fr\/en\/\"},{\"@type\":\"ListItem\",\"position\":2,\"name\":\"Vous \u00eates ?\",\"item\":\"https:\/\/www.ecomusee-bresse71.fr\/en\/vous-etes\/\"},{\"@type\":\"ListItem\",\"position\":3,\"name\":\"Familles\"}]},{\"@type\":\"WebSite\",\"@id\":\"https:\/\/www.ecomusee-bresse71.fr\/en\/#website\",\"url\":\"https:\/\/www.ecomusee-bresse71.fr\/en\/\",\"name\":\"Ecomus\u00e9e de la Bresse Bourguignonne\",\"description\":\"\",\"potentialAction\":[{\"@type\":\"SearchAction\",\"target\":{\"@type\":\"EntryPoint\",\"urlTemplate\":\"https:\/\/www.ecomusee-bresse71.fr\/en\/?s={search_term_string}\"},\"query-input\":{\"@type\":\"PropertyValueSpecification\",\"valueRequired\":true,\"valueName\":\"search_term_string\"}}],\"inLanguage\":\"en-US\"}]}<\/script>\n<!-- \/ Yoast SEO plugin. -->","yoast_head_json":{"title":"La Bresse bourguignonne : une aventure familiale \u00e0 l'Ecomus\u00e9e","description":"D\u00e9couvrez la Bresse bourguignonne en famille \u00e0 l'\u00c9comus\u00e9e et profitez d'activit\u00e9s ludiques, d'ateliers interactifs et d'animations.","robots":{"index":"index","follow":"follow","max-snippet":"max-snippet:-1","max-image-preview":"max-image-preview:large","max-video-preview":"max-video-preview:-1"},"canonical":"https:\/\/www.ecomusee-bresse71.fr\/en\/vous-etes\/familles-activites-vacances-bresse-bourguignonne\/","og_locale":"en_US","og_type":"article","og_title":"La Bresse bourguignonne : une aventure familiale \u00e0 l'Ecomus\u00e9e","og_description":"D\u00e9couvrez la Bresse bourguignonne en famille \u00e0 l'\u00c9comus\u00e9e et profitez d'activit\u00e9s ludiques, d'ateliers interactifs et d'animations.","og_url":"https:\/\/www.ecomusee-bresse71.fr\/en\/vous-etes\/familles-activites-vacances-bresse-bourguignonne\/","og_site_name":"Ecomus\u00e9e de la Bresse Bourguignonne","article_modified_time":"2026-01-12T07:44:09+00:00","og_image":[{"width":2560,"height":1708,"url":"https:\/\/www.ecomusee-bresse71.fr\/contenu\/uploads\/2025\/03\/Maison-agriculture-ecomusee-publigo-quentin-danel-59-scaled.jpg","type":"image\/jpeg"}],"twitter_card":"summary_large_image","twitter_misc":{"Est. reading time":"3 minutes"},"schema":{"@context":"https:\/\/schema.org","@graph":[{"@type":"WebPage","@id":"https:\/\/www.ecomusee-bresse71.fr\/en\/vous-etes\/familles-activites-vacances-bresse-bourguignonne\/","url":"https:\/\/www.ecomusee-bresse71.fr\/en\/vous-etes\/familles-activites-vacances-bresse-bourguignonne\/","name":"La Bresse bourguignonne : une aventure familiale \u00e0 l'Ecomus\u00e9e","isPartOf":{"@id":"https:\/\/www.ecomusee-bresse71.fr\/en\/#website"},"primaryImageOfPage":{"@id":"https:\/\/www.ecomusee-bresse71.fr\/en\/vous-etes\/familles-activites-vacances-bresse-bourguignonne\/#primaryimage"},"image":{"@id":"https:\/\/www.ecomusee-bresse71.fr\/en\/vous-etes\/familles-activites-vacances-bresse-bourguignonne\/#primaryimage"},"thumbnailUrl":"https:\/\/www.ecomusee-bresse71.fr\/contenu\/uploads\/2025\/03\/Maison-agriculture-ecomusee-publigo-quentin-danel-59-1024x683.jpg","datePublished":"2025-02-04T10:04:10+00:00","dateModified":"2026-01-12T07:44:09+00:00","description":"D\u00e9couvrez la Bresse bourguignonne en famille \u00e0 l'\u00c9comus\u00e9e et profitez d'activit\u00e9s ludiques, d'ateliers interactifs et d'animations.","breadcrumb":{"@id":"https:\/\/www.ecomusee-bresse71.fr\/en\/vous-etes\/familles-activites-vacances-bresse-bourguignonne\/#breadcrumb"},"inLanguage":"en-US","potentialAction":[{"@type":"ReadAction","target":["https:\/\/www.ecomusee-bresse71.fr\/en\/vous-etes\/familles-activites-vacances-bresse-bourguignonne\/"]}]},{"@type":"ImageObject","inLanguage":"en-US","@id":"https:\/\/www.ecomusee-bresse71.fr\/en\/vous-etes\/familles-activites-vacances-bresse-bourguignonne\/#primaryimage","url":"https:\/\/www.ecomusee-bresse71.fr\/contenu\/uploads\/2025\/03\/Maison-agriculture-ecomusee-publigo-quentin-danel-59-1024x683.jpg","contentUrl":"https:\/\/www.ecomusee-bresse71.fr\/contenu\/uploads\/2025\/03\/Maison-agriculture-ecomusee-publigo-quentin-danel-59-1024x683.jpg"},{"@type":"BreadcrumbList","@id":"https:\/\/www.ecomusee-bresse71.fr\/en\/vous-etes\/familles-activites-vacances-bresse-bourguignonne\/#breadcrumb","itemListElement":[{"@type":"ListItem","position":1,"name":"Home","item":"https:\/\/www.ecomusee-bresse71.fr\/en\/"},{"@type":"ListItem","position":2,"name":"Vous \u00eates ?","item":"https:\/\/www.ecomusee-bresse71.fr\/en\/vous-etes\/"},{"@type":"ListItem","position":3,"name":"Familles"}]},{"@type":"WebSite","@id":"https:\/\/www.ecomusee-bresse71.fr\/en\/#website","url":"https:\/\/www.ecomusee-bresse71.fr\/en\/","name":"Ecomus\u00e9e de la Bresse Bourguignonne","description":"","potentialAction":[{"@type":"SearchAction","target":{"@type":"EntryPoint","urlTemplate":"https:\/\/www.ecomusee-bresse71.fr\/en\/?s={search_term_string}"},"query-input":{"@type":"PropertyValueSpecification","valueRequired":true,"valueName":"search_term_string"}}],"inLanguage":"en-US"}]}},"_links":{"self":[{"href":"https:\/\/www.ecomusee-bresse71.fr\/en\/wp-json\/wp\/v2\/pages\/874"}],"collection":[{"href":"https:\/\/www.ecomusee-bresse71.fr\/en\/wp-json\/wp\/v2\/pages"}],"about":[{"href":"https:\/\/www.ecomusee-bresse71.fr\/en\/wp-json\/wp\/v2\/types\/page"}],"author":[{"embeddable":true,"href":"https:\/\/www.ecomusee-bresse71.fr\/en\/wp-json\/wp\/v2\/users\/7"}],"replies":[{"embeddable":true,"href":"https:\/\/www.ecomusee-bresse71.fr\/en\/wp-json\/wp\/v2\/comments?post=874"}],"version-history":[{"count":2,"href":"https:\/\/www.ecomusee-bresse71.fr\/en\/wp-json\/wp\/v2\/pages\/874\/revisions"}],"predecessor-version":[{"id":4628,"href":"https:\/\/www.ecomusee-bresse71.fr\/en\/wp-json\/wp\/v2\/pages\/874\/revisions\/4628"}],"up":[{"embeddable":true,"href":"https:\/\/www.ecomusee-bresse71.fr\/en\/wp-json\/wp\/v2\/pages\/889"}],"wp:attachment":[{"href":"https:\/\/www.ecomusee-bresse71.fr\/en\/wp-json\/wp\/v2\/media?parent=874"}],"curies":[{"name":"wp","href":"https:\/\/api.w.org\/{rel}","templated":true}]}}