{"id":882,"date":"2025-02-04T11:04:10","date_gmt":"2025-02-04T10:04:10","guid":{"rendered":"https:\/\/www.ecomusee-bresse71.fr\/activites\/ateliers\/"},"modified":"2025-10-23T16:22:32","modified_gmt":"2025-10-23T14:22:32","slug":"ateliers","status":"publish","type":"page","link":"https:\/\/www.ecomusee-bresse71.fr\/en\/activites\/ateliers\/","title":{"rendered":"Workshops"},"content":{"rendered":"\n<p>Throughout the year, creative and artistic participatory workshops are offered throughout the network. Designed for young and old alike, these educational and immersive activities allow visitors to learn new skills, explore new techniques, and share a fun time with family or friends.&#13;\nDuring school holidays, family activities and activities are offered: fun workshops, shows, interactive challenges, and cultural discoveries. A great opportunity to share an enriching experience with children.<\/p>\n\n<h2 class=\"wp-block-heading has-text-align-center\"><a href=\"https:\/\/www.ecomusee-bresse71.fr\/events\/event\/\">See the agenda<\/a><\/h2>\n","protected":false},"excerpt":{"rendered":"<p>Throughout the year, creative and artistic participatory workshops are offered throughout the network. Designed for young and old alike, these [&hellip;]<\/p>\n","protected":false},"author":7,"featured_media":0,"parent":867,"menu_order":3,"comment_status":"closed","ping_status":"closed","template":"","meta":{"_acf_changed":false,"footnotes":""},"class_list":["post-882","page","type-page","status-publish","hentry"],"acf":[],"yoast_head":"<!-- This site is optimized with the Yoast SEO plugin v24.3 - https:\/\/yoast.com\/wordpress\/plugins\/seo\/ -->\n<title>The workshops of the Ecomuseum of Bresse Bourguignonne<\/title>\n<meta name=\"description\" content=\"Tout au long de l\u2019ann\u00e9e, l&#039;Ecomus\u00e9e de la Bresse Bourguignonne propose des ateliers participatifs cr\u00e9atifs et artistiques.\" \/>\n<meta name=\"robots\" content=\"index, follow, max-snippet:-1, max-image-preview:large, max-video-preview:-1\" \/>\n<link rel=\"canonical\" href=\"https:\/\/www.ecomusee-bresse71.fr\/en\/activites\/ateliers\/\" \/>\n<meta property=\"og:locale\" content=\"en_US\" \/>\n<meta property=\"og:type\" content=\"article\" \/>\n<meta property=\"og:title\" content=\"The workshops of the Ecomuseum of Bresse Bourguignonne\" \/>\n<meta property=\"og:description\" content=\"Tout au long de l\u2019ann\u00e9e, l&#039;Ecomus\u00e9e de la Bresse Bourguignonne propose des ateliers participatifs cr\u00e9atifs et artistiques.\" \/>\n<meta property=\"og:url\" content=\"https:\/\/www.ecomusee-bresse71.fr\/en\/activites\/ateliers\/\" \/>\n<meta property=\"og:site_name\" content=\"Ecomus\u00e9e de la Bresse Bourguignonne\" \/>\n<meta property=\"article:modified_time\" content=\"2025-10-23T14:22:32+00:00\" \/>\n<meta name=\"twitter:card\" content=\"summary_large_image\" \/>\n<meta name=\"twitter:label1\" content=\"Est. reading time\" \/>\n\t<meta name=\"twitter:data1\" content=\"1 minute\" \/>\n<script type=\"application\/ld+json\" class=\"yoast-schema-graph\">{\"@context\":\"https:\/\/schema.org\",\"@graph\":[{\"@type\":\"WebPage\",\"@id\":\"https:\/\/www.ecomusee-bresse71.fr\/en\/activites\/ateliers\/\",\"url\":\"https:\/\/www.ecomusee-bresse71.fr\/en\/activites\/ateliers\/\",\"name\":\"The workshops of the Ecomuseum of Bresse Bourguignonne\",\"isPartOf\":{\"@id\":\"https:\/\/www.ecomusee-bresse71.fr\/en\/#website\"},\"datePublished\":\"2025-02-04T10:04:10+00:00\",\"dateModified\":\"2025-10-23T14:22:32+00:00\",\"description\":\"Tout au long de l\u2019ann\u00e9e, l'Ecomus\u00e9e de la Bresse Bourguignonne propose des ateliers participatifs cr\u00e9atifs et artistiques.\",\"breadcrumb\":{\"@id\":\"https:\/\/www.ecomusee-bresse71.fr\/en\/activites\/ateliers\/#breadcrumb\"},\"inLanguage\":\"en-US\",\"potentialAction\":[{\"@type\":\"ReadAction\",\"target\":[\"https:\/\/www.ecomusee-bresse71.fr\/en\/activites\/ateliers\/\"]}]},{\"@type\":\"BreadcrumbList\",\"@id\":\"https:\/\/www.ecomusee-bresse71.fr\/en\/activites\/ateliers\/#breadcrumb\",\"itemListElement\":[{\"@type\":\"ListItem\",\"position\":1,\"name\":\"Home\",\"item\":\"https:\/\/www.ecomusee-bresse71.fr\/en\/\"},{\"@type\":\"ListItem\",\"position\":2,\"name\":\"Activities\",\"item\":\"https:\/\/www.ecomusee-bresse71.fr\/en\/activites\/\"},{\"@type\":\"ListItem\",\"position\":3,\"name\":\"Workshops\"}]},{\"@type\":\"WebSite\",\"@id\":\"https:\/\/www.ecomusee-bresse71.fr\/en\/#website\",\"url\":\"https:\/\/www.ecomusee-bresse71.fr\/en\/\",\"name\":\"Ecomus\u00e9e de la Bresse Bourguignonne\",\"description\":\"\",\"potentialAction\":[{\"@type\":\"SearchAction\",\"target\":{\"@type\":\"EntryPoint\",\"urlTemplate\":\"https:\/\/www.ecomusee-bresse71.fr\/en\/?s={search_term_string}\"},\"query-input\":{\"@type\":\"PropertyValueSpecification\",\"valueRequired\":true,\"valueName\":\"search_term_string\"}}],\"inLanguage\":\"en-US\"}]}<\/script>\n<!-- \/ Yoast SEO plugin. -->","yoast_head_json":{"title":"The workshops of the Ecomuseum of Bresse Bourguignonne","description":"Tout au long de l\u2019ann\u00e9e, l'Ecomus\u00e9e de la Bresse Bourguignonne propose des ateliers participatifs cr\u00e9atifs et artistiques.","robots":{"index":"index","follow":"follow","max-snippet":"max-snippet:-1","max-image-preview":"max-image-preview:large","max-video-preview":"max-video-preview:-1"},"canonical":"https:\/\/www.ecomusee-bresse71.fr\/en\/activites\/ateliers\/","og_locale":"en_US","og_type":"article","og_title":"The workshops of the Ecomuseum of Bresse Bourguignonne","og_description":"Tout au long de l\u2019ann\u00e9e, l'Ecomus\u00e9e de la Bresse Bourguignonne propose des ateliers participatifs cr\u00e9atifs et artistiques.","og_url":"https:\/\/www.ecomusee-bresse71.fr\/en\/activites\/ateliers\/","og_site_name":"Ecomus\u00e9e de la Bresse Bourguignonne","article_modified_time":"2025-10-23T14:22:32+00:00","twitter_card":"summary_large_image","twitter_misc":{"Est. reading time":"1 minute"},"schema":{"@context":"https:\/\/schema.org","@graph":[{"@type":"WebPage","@id":"https:\/\/www.ecomusee-bresse71.fr\/en\/activites\/ateliers\/","url":"https:\/\/www.ecomusee-bresse71.fr\/en\/activites\/ateliers\/","name":"The workshops of the Ecomuseum of Bresse Bourguignonne","isPartOf":{"@id":"https:\/\/www.ecomusee-bresse71.fr\/en\/#website"},"datePublished":"2025-02-04T10:04:10+00:00","dateModified":"2025-10-23T14:22:32+00:00","description":"Tout au long de l\u2019ann\u00e9e, l'Ecomus\u00e9e de la Bresse Bourguignonne propose des ateliers participatifs cr\u00e9atifs et artistiques.","breadcrumb":{"@id":"https:\/\/www.ecomusee-bresse71.fr\/en\/activites\/ateliers\/#breadcrumb"},"inLanguage":"en-US","potentialAction":[{"@type":"ReadAction","target":["https:\/\/www.ecomusee-bresse71.fr\/en\/activites\/ateliers\/"]}]},{"@type":"BreadcrumbList","@id":"https:\/\/www.ecomusee-bresse71.fr\/en\/activites\/ateliers\/#breadcrumb","itemListElement":[{"@type":"ListItem","position":1,"name":"Home","item":"https:\/\/www.ecomusee-bresse71.fr\/en\/"},{"@type":"ListItem","position":2,"name":"Activities","item":"https:\/\/www.ecomusee-bresse71.fr\/en\/activites\/"},{"@type":"ListItem","position":3,"name":"Workshops"}]},{"@type":"WebSite","@id":"https:\/\/www.ecomusee-bresse71.fr\/en\/#website","url":"https:\/\/www.ecomusee-bresse71.fr\/en\/","name":"Ecomus\u00e9e de la Bresse Bourguignonne","description":"","potentialAction":[{"@type":"SearchAction","target":{"@type":"EntryPoint","urlTemplate":"https:\/\/www.ecomusee-bresse71.fr\/en\/?s={search_term_string}"},"query-input":{"@type":"PropertyValueSpecification","valueRequired":true,"valueName":"search_term_string"}}],"inLanguage":"en-US"}]}},"_links":{"self":[{"href":"https:\/\/www.ecomusee-bresse71.fr\/en\/wp-json\/wp\/v2\/pages\/882"}],"collection":[{"href":"https:\/\/www.ecomusee-bresse71.fr\/en\/wp-json\/wp\/v2\/pages"}],"about":[{"href":"https:\/\/www.ecomusee-bresse71.fr\/en\/wp-json\/wp\/v2\/types\/page"}],"author":[{"embeddable":true,"href":"https:\/\/www.ecomusee-bresse71.fr\/en\/wp-json\/wp\/v2\/users\/7"}],"replies":[{"embeddable":true,"href":"https:\/\/www.ecomusee-bresse71.fr\/en\/wp-json\/wp\/v2\/comments?post=882"}],"version-history":[{"count":2,"href":"https:\/\/www.ecomusee-bresse71.fr\/en\/wp-json\/wp\/v2\/pages\/882\/revisions"}],"predecessor-version":[{"id":3813,"href":"https:\/\/www.ecomusee-bresse71.fr\/en\/wp-json\/wp\/v2\/pages\/882\/revisions\/3813"}],"up":[{"embeddable":true,"href":"https:\/\/www.ecomusee-bresse71.fr\/en\/wp-json\/wp\/v2\/pages\/867"}],"wp:attachment":[{"href":"https:\/\/www.ecomusee-bresse71.fr\/en\/wp-json\/wp\/v2\/media?parent=882"}],"curies":[{"name":"wp","href":"https:\/\/api.w.org\/{rel}","templated":true}]}}