{"id":896,"date":"2025-02-04T11:04:09","date_gmt":"2025-02-04T10:04:09","guid":{"rendered":"https:\/\/www.ecomusee-bresse71.fr\/ecomusee\/"},"modified":"2025-03-18T17:13:14","modified_gmt":"2025-03-18T16:13:14","slug":"ecomusee","status":"publish","type":"page","link":"https:\/\/www.ecomusee-bresse71.fr\/en\/ecomusee\/","title":{"rendered":"Qui sommes-nous ?"},"content":{"rendered":"\n<p>Curious, history enthusiasts, or simply looking for a unique outing? The Ecomuseum of Bresse Bourguignonne opens its doors to offer you an immersion in the memory and traditions of this unique region.<\/p>\n\n\n\n<p>Voici la traduction :<\/p>\n\n\n\n<p>More than just a <strong>museum<\/strong>, it is a true <strong>r\u00e9seau de sites patrimoniaux<\/strong> that tell the story of <strong>Bresse <\/strong>in all its forms. Here, <strong>we preserve<\/strong>, <strong>share<\/strong>, and <strong>bring to life the history<\/strong> of the men and women who shaped this region.<\/p>\n\n\n\n<figure class=\"wp-block-gallery has-nested-images columns-default is-cropped wp-block-gallery-1 is-layout-flex wp-block-gallery-is-layout-flex\">\n<figure class=\"wp-block-image size-large\"><a href=\"https:\/\/www.ecomusee-bresse71.fr\/contenu\/uploads\/2025\/03\/Chateau-de-Pierre-de-Bresse-HD-38-scaled.jpg\"><img loading=\"lazy\" decoding=\"async\" width=\"1024\" height=\"576\" data-id=\"971\" src=\"https:\/\/www.ecomusee-bresse71.fr\/contenu\/uploads\/2025\/03\/Chateau-de-Pierre-de-Bresse-HD-38-1024x576.jpg\" alt=\"\" class=\"wp-image-971\"\/><\/a><\/figure>\n\n\n\n<figure class=\"wp-block-image size-large\"><a href=\"https:\/\/www.ecomusee-bresse71.fr\/contenu\/uploads\/2025\/03\/Chateau-de-Pierre-de-Bresse-HD-5-scaled.jpg\"><img loading=\"lazy\" decoding=\"async\" width=\"1024\" height=\"576\" data-id=\"973\" src=\"https:\/\/www.ecomusee-bresse71.fr\/contenu\/uploads\/2025\/03\/Chateau-de-Pierre-de-Bresse-HD-5-1024x576.jpg\" alt=\"\" class=\"wp-image-973\"\/><\/a><\/figure>\n\n\n\n<figure class=\"wp-block-image size-large\"><a href=\"https:\/\/www.ecomusee-bresse71.fr\/contenu\/uploads\/2025\/03\/Chateau-de-Pierre-de-Bresse-HD-13-scaled.jpg\"><img loading=\"lazy\" decoding=\"async\" width=\"1024\" height=\"576\" data-id=\"975\" src=\"https:\/\/www.ecomusee-bresse71.fr\/contenu\/uploads\/2025\/03\/Chateau-de-Pierre-de-Bresse-HD-13-1024x576.jpg\" alt=\"\" class=\"wp-image-975\"\/><\/a><\/figure>\n\n\n\n<figure class=\"wp-block-image size-large\"><a href=\"https:\/\/www.ecomusee-bresse71.fr\/contenu\/uploads\/2025\/03\/Chateau-de-Pierre-de-Bresse-HD-15-scaled.jpg\"><img loading=\"lazy\" decoding=\"async\" width=\"1024\" height=\"576\" data-id=\"977\" src=\"https:\/\/www.ecomusee-bresse71.fr\/contenu\/uploads\/2025\/03\/Chateau-de-Pierre-de-Bresse-HD-15-1024x576.jpg\" alt=\"\" class=\"wp-image-977\"\/><\/a><\/figure>\n\n\n\n<figure class=\"wp-block-image size-large\"><a href=\"https:\/\/www.ecomusee-bresse71.fr\/contenu\/uploads\/2025\/03\/Chateau-de-Pierre-de-Bresse-HD-34-scaled.jpg\"><img loading=\"lazy\" decoding=\"async\" width=\"1024\" height=\"576\" data-id=\"979\" src=\"https:\/\/www.ecomusee-bresse71.fr\/contenu\/uploads\/2025\/03\/Chateau-de-Pierre-de-Bresse-HD-34-1024x576.jpg\" alt=\"\" class=\"wp-image-979\"\/><\/a><\/figure>\n<\/figure>\n\n\n\n<p>Les diff\u00e9rents <a href=\"https:\/\/www.ecomusee-bresse71.fr\/en\/musees-et-sites\/\"><strong>sites du r\u00e9seau<\/strong><\/a> invitent \u00e0 la curiosit\u00e9, aux d\u00e9couvertes culturelles, aux moments de convivialit\u00e9 ou de d\u00e9bats. Seul, en couple, en tribu ou en groupe, les visiteurs sont plong\u00e9s dans une exp\u00e9rience singuli\u00e8re o\u00f9 s\u2019entrem\u00ealent <strong>patrimoines<\/strong>, <strong><a href=\"https:\/\/www.ecomusee-bresse71.fr\/en\/activites\/expositions-temporaires\/\">expositions<\/a><\/strong>, <strong><a href=\"https:\/\/www.ecomusee-bresse71.fr\/en\/activites\/ateliers\/\">ateliers pratiques<\/a><\/strong>, <strong>concerts <\/strong>et <strong>\u00e9v\u00e9nements <\/strong>en tout genre.<\/p>\n\n\n\n<p>Laissez-vous surprendre par la richesse de la <strong>Bresse <\/strong>!<\/p>\n","protected":false},"excerpt":{"rendered":"<p>Curious, history enthusiasts, or simply looking for a unique outing? The Ecomuseum of Bresse Bourguignonne opens its doors to offer [&hellip;]<\/p>\n","protected":false},"author":7,"featured_media":0,"parent":0,"menu_order":0,"comment_status":"closed","ping_status":"closed","template":"","meta":{"_acf_changed":false,"footnotes":""},"class_list":["post-896","page","type-page","status-publish","hentry"],"acf":[],"yoast_head":"<!-- This site is optimized with the Yoast SEO plugin v24.3 - https:\/\/yoast.com\/wordpress\/plugins\/seo\/ -->\n<title>Ecomus\u00e9e de la Bresse Bourguignonne : qui sommes-nous ?<\/title>\n<meta name=\"description\" content=\"L&#039;Ecomus\u00e9e de la Bresse Bourguignonne : d\u00e9couvrez tout ce qui compose les richesses de la bresse Bourguignonne.\" \/>\n<meta name=\"robots\" content=\"index, follow, max-snippet:-1, max-image-preview:large, max-video-preview:-1\" \/>\n<link rel=\"canonical\" href=\"https:\/\/www.ecomusee-bresse71.fr\/en\/ecomusee\/\" \/>\n<meta property=\"og:locale\" content=\"en_US\" \/>\n<meta property=\"og:type\" content=\"article\" \/>\n<meta property=\"og:title\" content=\"Ecomus\u00e9e de la Bresse Bourguignonne : qui sommes-nous ?\" \/>\n<meta property=\"og:description\" content=\"L&#039;Ecomus\u00e9e de la Bresse Bourguignonne : d\u00e9couvrez tout ce qui compose les richesses de la bresse Bourguignonne.\" \/>\n<meta property=\"og:url\" content=\"https:\/\/www.ecomusee-bresse71.fr\/en\/ecomusee\/\" \/>\n<meta property=\"og:site_name\" content=\"Ecomus\u00e9e de la Bresse Bourguignonne\" \/>\n<meta property=\"article:modified_time\" content=\"2025-03-18T16:13:14+00:00\" \/>\n<meta property=\"og:image\" content=\"https:\/\/www.ecomusee-bresse71.fr\/contenu\/uploads\/2025\/03\/Chateau-de-Pierre-de-Bresse-HD-38-1024x576.jpg\" \/>\n<meta name=\"twitter:card\" content=\"summary_large_image\" \/>\n<meta name=\"twitter:label1\" content=\"Est. reading time\" \/>\n\t<meta name=\"twitter:data1\" content=\"2 minutes\" \/>\n<script type=\"application\/ld+json\" class=\"yoast-schema-graph\">{\"@context\":\"https:\/\/schema.org\",\"@graph\":[{\"@type\":\"WebPage\",\"@id\":\"https:\/\/www.ecomusee-bresse71.fr\/en\/ecomusee\/\",\"url\":\"https:\/\/www.ecomusee-bresse71.fr\/en\/ecomusee\/\",\"name\":\"Ecomus\u00e9e de la Bresse Bourguignonne : qui sommes-nous ?\",\"isPartOf\":{\"@id\":\"https:\/\/www.ecomusee-bresse71.fr\/en\/#website\"},\"primaryImageOfPage\":{\"@id\":\"https:\/\/www.ecomusee-bresse71.fr\/en\/ecomusee\/#primaryimage\"},\"image\":{\"@id\":\"https:\/\/www.ecomusee-bresse71.fr\/en\/ecomusee\/#primaryimage\"},\"thumbnailUrl\":\"https:\/\/www.ecomusee-bresse71.fr\/contenu\/uploads\/2025\/03\/Chateau-de-Pierre-de-Bresse-HD-38-1024x576.jpg\",\"datePublished\":\"2025-02-04T10:04:09+00:00\",\"dateModified\":\"2025-03-18T16:13:14+00:00\",\"description\":\"L'Ecomus\u00e9e de la Bresse Bourguignonne : d\u00e9couvrez tout ce qui compose les richesses de la bresse Bourguignonne.\",\"breadcrumb\":{\"@id\":\"https:\/\/www.ecomusee-bresse71.fr\/en\/ecomusee\/#breadcrumb\"},\"inLanguage\":\"en-US\",\"potentialAction\":[{\"@type\":\"ReadAction\",\"target\":[\"https:\/\/www.ecomusee-bresse71.fr\/en\/ecomusee\/\"]}]},{\"@type\":\"ImageObject\",\"inLanguage\":\"en-US\",\"@id\":\"https:\/\/www.ecomusee-bresse71.fr\/en\/ecomusee\/#primaryimage\",\"url\":\"https:\/\/www.ecomusee-bresse71.fr\/contenu\/uploads\/2025\/03\/Chateau-de-Pierre-de-Bresse-HD-38-1024x576.jpg\",\"contentUrl\":\"https:\/\/www.ecomusee-bresse71.fr\/contenu\/uploads\/2025\/03\/Chateau-de-Pierre-de-Bresse-HD-38-1024x576.jpg\"},{\"@type\":\"BreadcrumbList\",\"@id\":\"https:\/\/www.ecomusee-bresse71.fr\/en\/ecomusee\/#breadcrumb\",\"itemListElement\":[{\"@type\":\"ListItem\",\"position\":1,\"name\":\"Home\",\"item\":\"https:\/\/www.ecomusee-bresse71.fr\/en\/\"},{\"@type\":\"ListItem\",\"position\":2,\"name\":\"Qui sommes-nous ?\"}]},{\"@type\":\"WebSite\",\"@id\":\"https:\/\/www.ecomusee-bresse71.fr\/en\/#website\",\"url\":\"https:\/\/www.ecomusee-bresse71.fr\/en\/\",\"name\":\"Ecomus\u00e9e de la Bresse Bourguignonne\",\"description\":\"\",\"potentialAction\":[{\"@type\":\"SearchAction\",\"target\":{\"@type\":\"EntryPoint\",\"urlTemplate\":\"https:\/\/www.ecomusee-bresse71.fr\/en\/?s={search_term_string}\"},\"query-input\":{\"@type\":\"PropertyValueSpecification\",\"valueRequired\":true,\"valueName\":\"search_term_string\"}}],\"inLanguage\":\"en-US\"}]}<\/script>\n<!-- \/ Yoast SEO plugin. -->","yoast_head_json":{"title":"Ecomus\u00e9e de la Bresse Bourguignonne : qui sommes-nous ?","description":"L'Ecomus\u00e9e de la Bresse Bourguignonne : d\u00e9couvrez tout ce qui compose les richesses de la bresse Bourguignonne.","robots":{"index":"index","follow":"follow","max-snippet":"max-snippet:-1","max-image-preview":"max-image-preview:large","max-video-preview":"max-video-preview:-1"},"canonical":"https:\/\/www.ecomusee-bresse71.fr\/en\/ecomusee\/","og_locale":"en_US","og_type":"article","og_title":"Ecomus\u00e9e de la Bresse Bourguignonne : qui sommes-nous ?","og_description":"L'Ecomus\u00e9e de la Bresse Bourguignonne : d\u00e9couvrez tout ce qui compose les richesses de la bresse Bourguignonne.","og_url":"https:\/\/www.ecomusee-bresse71.fr\/en\/ecomusee\/","og_site_name":"Ecomus\u00e9e de la Bresse Bourguignonne","article_modified_time":"2025-03-18T16:13:14+00:00","og_image":[{"url":"https:\/\/www.ecomusee-bresse71.fr\/contenu\/uploads\/2025\/03\/Chateau-de-Pierre-de-Bresse-HD-38-1024x576.jpg","type":"","width":"","height":""}],"twitter_card":"summary_large_image","twitter_misc":{"Est. reading time":"2 minutes"},"schema":{"@context":"https:\/\/schema.org","@graph":[{"@type":"WebPage","@id":"https:\/\/www.ecomusee-bresse71.fr\/en\/ecomusee\/","url":"https:\/\/www.ecomusee-bresse71.fr\/en\/ecomusee\/","name":"Ecomus\u00e9e de la Bresse Bourguignonne : qui sommes-nous ?","isPartOf":{"@id":"https:\/\/www.ecomusee-bresse71.fr\/en\/#website"},"primaryImageOfPage":{"@id":"https:\/\/www.ecomusee-bresse71.fr\/en\/ecomusee\/#primaryimage"},"image":{"@id":"https:\/\/www.ecomusee-bresse71.fr\/en\/ecomusee\/#primaryimage"},"thumbnailUrl":"https:\/\/www.ecomusee-bresse71.fr\/contenu\/uploads\/2025\/03\/Chateau-de-Pierre-de-Bresse-HD-38-1024x576.jpg","datePublished":"2025-02-04T10:04:09+00:00","dateModified":"2025-03-18T16:13:14+00:00","description":"L'Ecomus\u00e9e de la Bresse Bourguignonne : d\u00e9couvrez tout ce qui compose les richesses de la bresse Bourguignonne.","breadcrumb":{"@id":"https:\/\/www.ecomusee-bresse71.fr\/en\/ecomusee\/#breadcrumb"},"inLanguage":"en-US","potentialAction":[{"@type":"ReadAction","target":["https:\/\/www.ecomusee-bresse71.fr\/en\/ecomusee\/"]}]},{"@type":"ImageObject","inLanguage":"en-US","@id":"https:\/\/www.ecomusee-bresse71.fr\/en\/ecomusee\/#primaryimage","url":"https:\/\/www.ecomusee-bresse71.fr\/contenu\/uploads\/2025\/03\/Chateau-de-Pierre-de-Bresse-HD-38-1024x576.jpg","contentUrl":"https:\/\/www.ecomusee-bresse71.fr\/contenu\/uploads\/2025\/03\/Chateau-de-Pierre-de-Bresse-HD-38-1024x576.jpg"},{"@type":"BreadcrumbList","@id":"https:\/\/www.ecomusee-bresse71.fr\/en\/ecomusee\/#breadcrumb","itemListElement":[{"@type":"ListItem","position":1,"name":"Home","item":"https:\/\/www.ecomusee-bresse71.fr\/en\/"},{"@type":"ListItem","position":2,"name":"Qui sommes-nous ?"}]},{"@type":"WebSite","@id":"https:\/\/www.ecomusee-bresse71.fr\/en\/#website","url":"https:\/\/www.ecomusee-bresse71.fr\/en\/","name":"Ecomus\u00e9e de la Bresse Bourguignonne","description":"","potentialAction":[{"@type":"SearchAction","target":{"@type":"EntryPoint","urlTemplate":"https:\/\/www.ecomusee-bresse71.fr\/en\/?s={search_term_string}"},"query-input":{"@type":"PropertyValueSpecification","valueRequired":true,"valueName":"search_term_string"}}],"inLanguage":"en-US"}]}},"_links":{"self":[{"href":"https:\/\/www.ecomusee-bresse71.fr\/en\/wp-json\/wp\/v2\/pages\/896"}],"collection":[{"href":"https:\/\/www.ecomusee-bresse71.fr\/en\/wp-json\/wp\/v2\/pages"}],"about":[{"href":"https:\/\/www.ecomusee-bresse71.fr\/en\/wp-json\/wp\/v2\/types\/page"}],"author":[{"embeddable":true,"href":"https:\/\/www.ecomusee-bresse71.fr\/en\/wp-json\/wp\/v2\/users\/7"}],"replies":[{"embeddable":true,"href":"https:\/\/www.ecomusee-bresse71.fr\/en\/wp-json\/wp\/v2\/comments?post=896"}],"version-history":[{"count":2,"href":"https:\/\/www.ecomusee-bresse71.fr\/en\/wp-json\/wp\/v2\/pages\/896\/revisions"}],"predecessor-version":[{"id":1066,"href":"https:\/\/www.ecomusee-bresse71.fr\/en\/wp-json\/wp\/v2\/pages\/896\/revisions\/1066"}],"wp:attachment":[{"href":"https:\/\/www.ecomusee-bresse71.fr\/en\/wp-json\/wp\/v2\/media?parent=896"}],"curies":[{"name":"wp","href":"https:\/\/api.w.org\/{rel}","templated":true}]}}