{"id":901,"date":"2025-02-04T11:04:09","date_gmt":"2025-02-04T10:04:09","guid":{"rendered":"https:\/\/www.ecomusee-bresse71.fr\/musees-et-sites\/museedes-beaux-arts-louhans-71\/"},"modified":"2026-03-31T11:35:55","modified_gmt":"2026-03-31T09:35:55","slug":"museedes-beaux-arts-louhans-71","status":"publish","type":"page","link":"https:\/\/www.ecomusee-bresse71.fr\/en\/musees-et-sites\/museedes-beaux-arts-louhans-71\/","title":{"rendered":"Mus\u00e9e des Beaux-arts"},"content":{"rendered":"\n<p>Le <strong>mus\u00e9e des beaux-arts de Louhans <\/strong>est un \u00e9crin intimiste pour les passionn\u00e9s de <strong>peinture <\/strong>ou pour toutes celles et ceux qui souhaitent mieux comprendre l\u2019\u00e9volution des arts au fil du temps. Gr\u00e2ce \u00e0 un <strong>parcours color\u00e9 et didactique<\/strong>, vous pourrez comprendre les grands bouleversements de<strong> l\u2019histoire de la peinture<\/strong> et admirer quelques \u0153uvres des plus grands artistes du <strong>20<sup>\u00e8me<\/sup> si\u00e8cle.<\/strong><\/p>\n\n\n\n<h2 class=\"wp-block-heading\">Les activit\u00e9s \u00e0 d\u00e9couvrir sur place :<\/h2>\n\n\n\n<ul class=\"wp-block-list\">\n<li>Audioguide (fr)<\/li>\n\n\n\n<li>Visite guid\u00e9e pour les groupes enfants ou adultes (se renseigner aupr\u00e8s de la <a href=\"https:\/\/www.louhans-chateaurenaud.fr\/culture-et-patrimoine\/monuments-et-musees\/155-le-musee-municipal\">municipalit\u00e9 de Louhans-Ch\u00e2teaurenaud<\/a>)<\/li>\n\n\n\n<li>Ateliers et animations du Mus\u00e9e des Beaux-Arts : <a href=\"https:\/\/www.ecomusee-bresse71.fr\/events\/event\/\">voir l&#8217;agenda<\/a><\/li>\n<\/ul>\n\n\n\n<p><\/p>\n\n\n\n<figure class=\"wp-block-gallery has-nested-images columns-default is-cropped wp-block-gallery-1 is-layout-flex wp-block-gallery-is-layout-flex\">\n<figure class=\"wp-block-image size-large\"><a href=\"https:\/\/www.ecomusee-bresse71.fr\/contenu\/uploads\/2025\/06\/Photo-36.jpg\"><img loading=\"lazy\" decoding=\"async\" width=\"1024\" height=\"683\" data-id=\"1735\" src=\"https:\/\/www.ecomusee-bresse71.fr\/contenu\/uploads\/2025\/06\/Photo-36-1024x683.jpg\" alt=\"\" class=\"wp-image-1735\"\/><\/a><\/figure>\n\n\n\n<figure class=\"wp-block-image size-large\"><a href=\"https:\/\/www.ecomusee-bresse71.fr\/contenu\/uploads\/2025\/06\/Photo-34-scaled.jpg\"><img loading=\"lazy\" decoding=\"async\" width=\"1024\" height=\"683\" data-id=\"1743\" src=\"https:\/\/www.ecomusee-bresse71.fr\/contenu\/uploads\/2025\/06\/Photo-34-1024x683.jpg\" alt=\"\" class=\"wp-image-1743\"\/><\/a><\/figure>\n\n\n\n<figure class=\"wp-block-image size-large\"><a href=\"https:\/\/www.ecomusee-bresse71.fr\/contenu\/uploads\/2025\/06\/Photo-35-scaled.jpg\"><img loading=\"lazy\" decoding=\"async\" width=\"1024\" height=\"683\" data-id=\"1731\" src=\"https:\/\/www.ecomusee-bresse71.fr\/contenu\/uploads\/2025\/06\/Photo-35-1024x683.jpg\" alt=\"\" class=\"wp-image-1731\"\/><\/a><\/figure>\n<\/figure>\n","protected":false},"excerpt":{"rendered":"<p>Le mus\u00e9e des beaux-arts de Louhans est un \u00e9crin intimiste pour les passionn\u00e9s de peinture ou pour toutes celles et [&hellip;]<\/p>\n","protected":false},"author":7,"featured_media":0,"parent":890,"menu_order":3,"comment_status":"closed","ping_status":"closed","template":"","meta":{"_acf_changed":false,"footnotes":""},"class_list":["post-901","page","type-page","status-publish","hentry"],"acf":[],"yoast_head":"<!-- This site is optimized with the Yoast SEO plugin v24.3 - https:\/\/yoast.com\/wordpress\/plugins\/seo\/ -->\n<title>Mus\u00e9e des beaux arts Louhans | Ecomus\u00e9e Bresse Bourguignonne<\/title>\n<meta name=\"description\" content=\"Passionn\u00e9 de peinture, vous souhaitez mieux comprendre l&#039;\u00e9volution de l&#039;art au fil du temps ? Rendez-vous au mus\u00e9e des beaux-arts de Louhans.\" \/>\n<meta name=\"robots\" content=\"index, follow, max-snippet:-1, max-image-preview:large, max-video-preview:-1\" \/>\n<link rel=\"canonical\" href=\"https:\/\/www.ecomusee-bresse71.fr\/en\/musees-et-sites\/museedes-beaux-arts-louhans-71\/\" \/>\n<meta property=\"og:locale\" content=\"en_US\" \/>\n<meta property=\"og:type\" content=\"article\" \/>\n<meta property=\"og:title\" content=\"Mus\u00e9e des beaux arts Louhans | Ecomus\u00e9e Bresse Bourguignonne\" \/>\n<meta property=\"og:description\" content=\"Passionn\u00e9 de peinture, vous souhaitez mieux comprendre l&#039;\u00e9volution de l&#039;art au fil du temps ? Rendez-vous au mus\u00e9e des beaux-arts de Louhans.\" \/>\n<meta property=\"og:url\" content=\"https:\/\/www.ecomusee-bresse71.fr\/en\/musees-et-sites\/museedes-beaux-arts-louhans-71\/\" \/>\n<meta property=\"og:site_name\" content=\"Ecomus\u00e9e de la Bresse Bourguignonne\" \/>\n<meta property=\"article:modified_time\" content=\"2026-03-31T09:35:55+00:00\" \/>\n<meta property=\"og:image\" content=\"https:\/\/www.ecomusee-bresse71.fr\/contenu\/uploads\/2025\/06\/Photo-36.jpg\" \/>\n\t<meta property=\"og:image:width\" content=\"1080\" \/>\n\t<meta property=\"og:image:height\" content=\"720\" \/>\n\t<meta property=\"og:image:type\" content=\"image\/jpeg\" \/>\n<meta name=\"twitter:card\" content=\"summary_large_image\" \/>\n<meta name=\"twitter:label1\" content=\"Est. reading time\" \/>\n\t<meta name=\"twitter:data1\" content=\"2 minutes\" \/>\n<script type=\"application\/ld+json\" class=\"yoast-schema-graph\">{\"@context\":\"https:\/\/schema.org\",\"@graph\":[{\"@type\":\"WebPage\",\"@id\":\"https:\/\/www.ecomusee-bresse71.fr\/en\/musees-et-sites\/museedes-beaux-arts-louhans-71\/\",\"url\":\"https:\/\/www.ecomusee-bresse71.fr\/en\/musees-et-sites\/museedes-beaux-arts-louhans-71\/\",\"name\":\"Mus\u00e9e des beaux arts Louhans | Ecomus\u00e9e Bresse Bourguignonne\",\"isPartOf\":{\"@id\":\"https:\/\/www.ecomusee-bresse71.fr\/en\/#website\"},\"primaryImageOfPage\":{\"@id\":\"https:\/\/www.ecomusee-bresse71.fr\/en\/musees-et-sites\/museedes-beaux-arts-louhans-71\/#primaryimage\"},\"image\":{\"@id\":\"https:\/\/www.ecomusee-bresse71.fr\/en\/musees-et-sites\/museedes-beaux-arts-louhans-71\/#primaryimage\"},\"thumbnailUrl\":\"https:\/\/www.ecomusee-bresse71.fr\/contenu\/uploads\/2025\/06\/Photo-36-1024x683.jpg\",\"datePublished\":\"2025-02-04T10:04:09+00:00\",\"dateModified\":\"2026-03-31T09:35:55+00:00\",\"description\":\"Passionn\u00e9 de peinture, vous souhaitez mieux comprendre l'\u00e9volution de l'art au fil du temps ? Rendez-vous au mus\u00e9e des beaux-arts de Louhans.\",\"breadcrumb\":{\"@id\":\"https:\/\/www.ecomusee-bresse71.fr\/en\/musees-et-sites\/museedes-beaux-arts-louhans-71\/#breadcrumb\"},\"inLanguage\":\"en-US\",\"potentialAction\":[{\"@type\":\"ReadAction\",\"target\":[\"https:\/\/www.ecomusee-bresse71.fr\/en\/musees-et-sites\/museedes-beaux-arts-louhans-71\/\"]}]},{\"@type\":\"ImageObject\",\"inLanguage\":\"en-US\",\"@id\":\"https:\/\/www.ecomusee-bresse71.fr\/en\/musees-et-sites\/museedes-beaux-arts-louhans-71\/#primaryimage\",\"url\":\"https:\/\/www.ecomusee-bresse71.fr\/contenu\/uploads\/2025\/06\/Photo-36-1024x683.jpg\",\"contentUrl\":\"https:\/\/www.ecomusee-bresse71.fr\/contenu\/uploads\/2025\/06\/Photo-36-1024x683.jpg\"},{\"@type\":\"BreadcrumbList\",\"@id\":\"https:\/\/www.ecomusee-bresse71.fr\/en\/musees-et-sites\/museedes-beaux-arts-louhans-71\/#breadcrumb\",\"itemListElement\":[{\"@type\":\"ListItem\",\"position\":1,\"name\":\"Home\",\"item\":\"https:\/\/www.ecomusee-bresse71.fr\/en\/\"},{\"@type\":\"ListItem\",\"position\":2,\"name\":\"Mus\u00e9es et sites\",\"item\":\"https:\/\/www.ecomusee-bresse71.fr\/en\/musees-et-sites\/\"},{\"@type\":\"ListItem\",\"position\":3,\"name\":\"Mus\u00e9e des Beaux-arts\"}]},{\"@type\":\"WebSite\",\"@id\":\"https:\/\/www.ecomusee-bresse71.fr\/en\/#website\",\"url\":\"https:\/\/www.ecomusee-bresse71.fr\/en\/\",\"name\":\"Ecomus\u00e9e de la Bresse Bourguignonne\",\"description\":\"\",\"potentialAction\":[{\"@type\":\"SearchAction\",\"target\":{\"@type\":\"EntryPoint\",\"urlTemplate\":\"https:\/\/www.ecomusee-bresse71.fr\/en\/?s={search_term_string}\"},\"query-input\":{\"@type\":\"PropertyValueSpecification\",\"valueRequired\":true,\"valueName\":\"search_term_string\"}}],\"inLanguage\":\"en-US\"}]}<\/script>\n<!-- \/ Yoast SEO plugin. -->","yoast_head_json":{"title":"Mus\u00e9e des beaux arts Louhans | Ecomus\u00e9e Bresse Bourguignonne","description":"Passionn\u00e9 de peinture, vous souhaitez mieux comprendre l'\u00e9volution de l'art au fil du temps ? Rendez-vous au mus\u00e9e des beaux-arts de Louhans.","robots":{"index":"index","follow":"follow","max-snippet":"max-snippet:-1","max-image-preview":"max-image-preview:large","max-video-preview":"max-video-preview:-1"},"canonical":"https:\/\/www.ecomusee-bresse71.fr\/en\/musees-et-sites\/museedes-beaux-arts-louhans-71\/","og_locale":"en_US","og_type":"article","og_title":"Mus\u00e9e des beaux arts Louhans | Ecomus\u00e9e Bresse Bourguignonne","og_description":"Passionn\u00e9 de peinture, vous souhaitez mieux comprendre l'\u00e9volution de l'art au fil du temps ? Rendez-vous au mus\u00e9e des beaux-arts de Louhans.","og_url":"https:\/\/www.ecomusee-bresse71.fr\/en\/musees-et-sites\/museedes-beaux-arts-louhans-71\/","og_site_name":"Ecomus\u00e9e de la Bresse Bourguignonne","article_modified_time":"2026-03-31T09:35:55+00:00","og_image":[{"width":1080,"height":720,"url":"https:\/\/www.ecomusee-bresse71.fr\/contenu\/uploads\/2025\/06\/Photo-36.jpg","type":"image\/jpeg"}],"twitter_card":"summary_large_image","twitter_misc":{"Est. reading time":"2 minutes"},"schema":{"@context":"https:\/\/schema.org","@graph":[{"@type":"WebPage","@id":"https:\/\/www.ecomusee-bresse71.fr\/en\/musees-et-sites\/museedes-beaux-arts-louhans-71\/","url":"https:\/\/www.ecomusee-bresse71.fr\/en\/musees-et-sites\/museedes-beaux-arts-louhans-71\/","name":"Mus\u00e9e des beaux arts Louhans | Ecomus\u00e9e Bresse Bourguignonne","isPartOf":{"@id":"https:\/\/www.ecomusee-bresse71.fr\/en\/#website"},"primaryImageOfPage":{"@id":"https:\/\/www.ecomusee-bresse71.fr\/en\/musees-et-sites\/museedes-beaux-arts-louhans-71\/#primaryimage"},"image":{"@id":"https:\/\/www.ecomusee-bresse71.fr\/en\/musees-et-sites\/museedes-beaux-arts-louhans-71\/#primaryimage"},"thumbnailUrl":"https:\/\/www.ecomusee-bresse71.fr\/contenu\/uploads\/2025\/06\/Photo-36-1024x683.jpg","datePublished":"2025-02-04T10:04:09+00:00","dateModified":"2026-03-31T09:35:55+00:00","description":"Passionn\u00e9 de peinture, vous souhaitez mieux comprendre l'\u00e9volution de l'art au fil du temps ? Rendez-vous au mus\u00e9e des beaux-arts de Louhans.","breadcrumb":{"@id":"https:\/\/www.ecomusee-bresse71.fr\/en\/musees-et-sites\/museedes-beaux-arts-louhans-71\/#breadcrumb"},"inLanguage":"en-US","potentialAction":[{"@type":"ReadAction","target":["https:\/\/www.ecomusee-bresse71.fr\/en\/musees-et-sites\/museedes-beaux-arts-louhans-71\/"]}]},{"@type":"ImageObject","inLanguage":"en-US","@id":"https:\/\/www.ecomusee-bresse71.fr\/en\/musees-et-sites\/museedes-beaux-arts-louhans-71\/#primaryimage","url":"https:\/\/www.ecomusee-bresse71.fr\/contenu\/uploads\/2025\/06\/Photo-36-1024x683.jpg","contentUrl":"https:\/\/www.ecomusee-bresse71.fr\/contenu\/uploads\/2025\/06\/Photo-36-1024x683.jpg"},{"@type":"BreadcrumbList","@id":"https:\/\/www.ecomusee-bresse71.fr\/en\/musees-et-sites\/museedes-beaux-arts-louhans-71\/#breadcrumb","itemListElement":[{"@type":"ListItem","position":1,"name":"Home","item":"https:\/\/www.ecomusee-bresse71.fr\/en\/"},{"@type":"ListItem","position":2,"name":"Mus\u00e9es et sites","item":"https:\/\/www.ecomusee-bresse71.fr\/en\/musees-et-sites\/"},{"@type":"ListItem","position":3,"name":"Mus\u00e9e des Beaux-arts"}]},{"@type":"WebSite","@id":"https:\/\/www.ecomusee-bresse71.fr\/en\/#website","url":"https:\/\/www.ecomusee-bresse71.fr\/en\/","name":"Ecomus\u00e9e de la Bresse Bourguignonne","description":"","potentialAction":[{"@type":"SearchAction","target":{"@type":"EntryPoint","urlTemplate":"https:\/\/www.ecomusee-bresse71.fr\/en\/?s={search_term_string}"},"query-input":{"@type":"PropertyValueSpecification","valueRequired":true,"valueName":"search_term_string"}}],"inLanguage":"en-US"}]}},"_links":{"self":[{"href":"https:\/\/www.ecomusee-bresse71.fr\/en\/wp-json\/wp\/v2\/pages\/901"}],"collection":[{"href":"https:\/\/www.ecomusee-bresse71.fr\/en\/wp-json\/wp\/v2\/pages"}],"about":[{"href":"https:\/\/www.ecomusee-bresse71.fr\/en\/wp-json\/wp\/v2\/types\/page"}],"author":[{"embeddable":true,"href":"https:\/\/www.ecomusee-bresse71.fr\/en\/wp-json\/wp\/v2\/users\/7"}],"replies":[{"embeddable":true,"href":"https:\/\/www.ecomusee-bresse71.fr\/en\/wp-json\/wp\/v2\/comments?post=901"}],"version-history":[{"count":2,"href":"https:\/\/www.ecomusee-bresse71.fr\/en\/wp-json\/wp\/v2\/pages\/901\/revisions"}],"predecessor-version":[{"id":5367,"href":"https:\/\/www.ecomusee-bresse71.fr\/en\/wp-json\/wp\/v2\/pages\/901\/revisions\/5367"}],"up":[{"embeddable":true,"href":"https:\/\/www.ecomusee-bresse71.fr\/en\/wp-json\/wp\/v2\/pages\/890"}],"wp:attachment":[{"href":"https:\/\/www.ecomusee-bresse71.fr\/en\/wp-json\/wp\/v2\/media?parent=901"}],"curies":[{"name":"wp","href":"https:\/\/api.w.org\/{rel}","templated":true}]}}