{"id":902,"date":"2025-02-04T11:04:09","date_gmt":"2025-02-04T10:04:09","guid":{"rendered":"https:\/\/www.ecomusee-bresse71.fr\/musees-et-sites\/musee-de-limprimerie-louhans-chateaurenaud\/"},"modified":"2026-04-20T13:57:02","modified_gmt":"2026-04-20T11:57:02","slug":"musee-de-limprimerie-louhans-chateaurenaud","status":"publish","type":"page","link":"https:\/\/www.ecomusee-bresse71.fr\/en\/musees-et-sites\/musee-de-limprimerie-louhans-chateaurenaud\/","title":{"rendered":"Mus\u00e9e de l&#8217;imprimerie"},"content":{"rendered":"\n<p>Le<strong> mus\u00e9e de l\u2019imprimerie <\/strong>de Louhans-Ch\u00e2teaurenaud est install\u00e9 dans les murs qui ont vu pendant plus de 100 ans se d\u00e9rouler l\u2019impression d\u2019un <strong>journal local <\/strong><em><strong><a href=\"https:\/\/www.facebook.com\/LIndependantDuLouhannais\">L\u2019Ind\u00e9pendant<\/a><\/strong><\/em>.<strong> <\/strong>Conserv\u00e9es en \u00e9tat de marche, les <strong>machines du journal <\/strong>restituent l\u2019atmosph\u00e8re de cet ancien atelier d\u2019imprimerie au plomb qui est aujourd\u2019hui l\u2019unique exemple fran\u00e7ais d\u2019un atelier complet de presse typographique conserv\u00e9 dans ses locaux d\u2019utilisation. Dans le m\u00eame b\u00e2timent d\u00e9couvrez <a href=\"https:\/\/www.ecomusee-bresse71.fr\/en\/musees-et-sites\/museedes-beaux-arts-louhans-71\/\"><strong>le Mus\u00e9e des Beaux-Arts de la ville.<\/strong><\/a><\/p>\n\n\n\n<h2 class=\"wp-block-heading\">Les collections du mus\u00e9e de l\u2019imprimerie de Louhans-Ch\u00e2teaurenaud<\/h2>\n\n\n\n<p>Le <strong>mus\u00e9e de l\u2019imprimerie de Louhans-Ch\u00e2teaurenaud<\/strong> pr\u00e9sente une collection importante de mat\u00e9riels li\u00e9s aux techniques d\u2019impression. On peut y d\u00e9couvrir des presses typographiques, des caract\u00e8res en plomb, des casses d\u2019imprimerie et diff\u00e9rents outils utilis\u00e9s dans les ateliers d\u2019imprimeurs.<\/p>\n\n\n\n<p>Ces objets permettent d\u2019expliquer les diff\u00e9rentes \u00e9tapes de la fabrication d\u2019un document imprim\u00e9 : la composition typographique, la mise en page et l\u2019impression. Les visiteurs peuvent ainsi comprendre comment les imprimeurs travaillaient autrefois, en assemblant les caract\u00e8res un par un pour former les textes.<\/p>\n\n\n\n<h2 class=\"wp-block-heading\">Comprendre les techniques d\u2019impression au mus\u00e9e de l&#8217;imprimerie de Louhans-Ch\u00e2teaurenaud<\/h2>\n\n\n\n<p>Au <strong>mus\u00e9e de l\u2019imprimerie de Louhans-Ch\u00e2teaurenaud<\/strong>, le parcours de visite met en lumi\u00e8re l\u2019\u00e9volution des techniques d\u2019impression. Des panneaux explicatifs et des objets d\u2019\u00e9poque permettent de d\u00e9couvrir le fonctionnement des machines et les gestes des imprimeurs.<\/p>\n\n\n\n<p>La nouvelle mus\u00e9ographie rend la visite accessible \u00e0 tous les publics et met en valeur ce patrimoine technique et culturel. Le mus\u00e9e contribue ainsi \u00e0 transmettre l\u2019histoire de l\u2019imprimerie et \u00e0 faire conna\u00eetre un m\u00e9tier qui a profond\u00e9ment marqu\u00e9 l\u2019histoire de la communication \u00e9crite.<\/p>\n\n\n\n<p>Le <strong>mus\u00e9e de l\u2019imprimerie de  Louhans-Ch\u00e2teaurenaud<\/strong> fait partie de l\u2019\u00c9comus\u00e9e de la Bresse, un r\u00e9seau de sites qui valorisent l\u2019histoire, les savoir-faire et les patrimoines du territoire.<\/p>\n\n\n\n<h2 class=\"wp-block-heading\">Les activit\u00e9s \u00e0 d\u00e9couvrir sur place<\/h2>\n\n\n\n<ul class=\"wp-block-list\">\n<li>Audioguides (fr, ang, all, ner)<\/li>\n\n\n\n<li>Visite guid\u00e9e \u00e0 horaire fixe : 6 juillet, 13 juillet, 20 juillet, 27 juillet, 3 ao\u00fbt, 10 ao\u00fbt, 17 a\u00f4ut, 24 ao\u00fbt, 19 octobre 2026 \u00e0 10h30<\/li>\n\n\n\n<li>Tous les \u00e9v\u00e9nements du mus\u00e9e : <a href=\"https:\/\/www.ecomusee-bresse71.fr\/events\/event\/\"><strong>acc\u00e9dez \u00e0 l\u2019agenda<\/strong><\/a><\/li>\n\n\n\n<li>D\u00e9couvrir nos <strong><a href=\"https:\/\/www.ecomusee-bresse71.fr\/en\/vous-etes\/familles-activites-vacances-bresse-bourguignonne\/\">offres pour les familles<\/a><\/strong><\/li>\n\n\n\n<li>D\u00e9couvrir nos <a href=\"https:\/\/www.ecomusee-bresse71.fr\/contenu\/uploads\/2025\/06\/25-Brochure_Groupe-Adultes_BD.pdf\" target=\"_blank\" rel=\"noreferrer noopener\"><strong>offres groupes adultes<\/strong><\/a><\/li>\n\n\n\n<li>D\u00e9couvrir nos <a href=\"https:\/\/www.ecomusee-bresse71.fr\/contenu\/uploads\/2025\/06\/25_Brochure_promotionnelle_scolaire.pdf\" target=\"_blank\" rel=\"noreferrer noopener\"><strong>offres groupes scolaires<\/strong><\/a><\/li>\n\n\n\n<li>Possibilit\u00e9 de consulter les archives du journal <em>L&#8217;Ind\u00e9pendant du Louhannais<\/em><\/li>\n<\/ul>\n\n\n\n<p>Horaires et tarifs en bas de cette page<\/p>\n\n\n\n<figure class=\"wp-block-gallery has-nested-images columns-2 is-cropped wp-block-gallery-1 is-layout-flex wp-block-gallery-is-layout-flex\">\n<figure class=\"wp-block-image size-large\"><a href=\"https:\/\/www.ecomusee-bresse71.fr\/contenu\/uploads\/2025\/06\/Photo-40.jpg\"><img loading=\"lazy\" decoding=\"async\" width=\"1024\" height=\"683\" data-id=\"1747\" src=\"https:\/\/www.ecomusee-bresse71.fr\/contenu\/uploads\/2025\/06\/Photo-40-1024x683.jpg\" alt=\"presse typographique au mus\u00e9e de l\u2019imprimerie de Louhans-Ch\u00e2teaurenaud\" class=\"wp-image-1747\"\/><\/a><\/figure>\n\n\n\n<figure class=\"wp-block-image size-large\"><a href=\"https:\/\/www.ecomusee-bresse71.fr\/contenu\/uploads\/2025\/06\/Photo-38.jpg\"><img loading=\"lazy\" decoding=\"async\" width=\"1024\" height=\"683\" data-id=\"1751\" src=\"https:\/\/www.ecomusee-bresse71.fr\/contenu\/uploads\/2025\/06\/Photo-38-1024x683.jpg\" alt=\"atelier du mus\u00e9e de l\u2019imprimerie Louhans caract\u00e8res typographiques\" class=\"wp-image-1751\"\/><\/a><\/figure>\n\n\n\n<figure class=\"wp-block-image size-large\"><a href=\"https:\/\/www.ecomusee-bresse71.fr\/contenu\/uploads\/2025\/06\/Photo-41.jpg\"><img loading=\"lazy\" decoding=\"async\" width=\"1024\" height=\"683\" data-id=\"1749\" src=\"https:\/\/www.ecomusee-bresse71.fr\/contenu\/uploads\/2025\/06\/Photo-41-1024x683.jpg\" alt=\"mus\u00e9e de l\u2019imprimerie Louhans\" class=\"wp-image-1749\"\/><\/a><\/figure>\n\n\n\n<figure class=\"wp-block-image size-large\"><a href=\"https:\/\/www.ecomusee-bresse71.fr\/contenu\/uploads\/2025\/06\/Photo-39.jpg\"><img loading=\"lazy\" decoding=\"async\" width=\"1024\" height=\"683\" data-id=\"1753\" src=\"https:\/\/www.ecomusee-bresse71.fr\/contenu\/uploads\/2025\/06\/Photo-39-1024x683.jpg\" alt=\"mus\u00e9e de l\u2019imprimerie Louhans\" class=\"wp-image-1753\"\/><\/a><\/figure>\n<\/figure>\n\n\n\n<figure class=\"wp-block-embed is-type-video is-provider-youtube wp-block-embed-youtube wp-embed-aspect-9-16 wp-has-aspect-ratio\"><div class=\"wp-block-embed__wrapper\">\n<iframe loading=\"lazy\" title=\"Mus\u00e9e de l\u2019Imprimerie de Louhans-Ch\u00e2teaurenaud | \u00c9comus\u00e9e de la Bresse | Histoire de l\u2019imprimerie\" width=\"563\" height=\"1000\" src=\"https:\/\/www.youtube.com\/embed\/UjLLAzEGC9w?feature=oembed\" frameborder=\"0\" allow=\"accelerometer; autoplay; clipboard-write; encrypted-media; gyroscope; picture-in-picture; web-share\" referrerpolicy=\"strict-origin-when-cross-origin\" allowfullscreen><\/iframe>\n<\/div><\/figure>\n\n\n\n<figure class=\"wp-block-embed is-type-video is-provider-youtube wp-block-embed-youtube wp-embed-aspect-9-16 wp-has-aspect-ratio\"><div class=\"wp-block-embed__wrapper\">\n<iframe loading=\"lazy\" title=\"Mus\u00e9e de l&#039;imprimerie de Louhans-Ch\u00e2teaurenaud.  #histoire #culture\" width=\"563\" height=\"1000\" src=\"https:\/\/www.youtube.com\/embed\/KTNfF5W1Ups?feature=oembed\" frameborder=\"0\" allow=\"accelerometer; autoplay; clipboard-write; encrypted-media; gyroscope; picture-in-picture; web-share\" referrerpolicy=\"strict-origin-when-cross-origin\" allowfullscreen><\/iframe>\n<\/div><\/figure>\n","protected":false},"excerpt":{"rendered":"<p>Le mus\u00e9e de l\u2019imprimerie de Louhans-Ch\u00e2teaurenaud est install\u00e9 dans les murs qui ont vu pendant plus de 100 ans se [&hellip;]<\/p>\n","protected":false},"author":7,"featured_media":0,"parent":890,"menu_order":2,"comment_status":"closed","ping_status":"closed","template":"","meta":{"_acf_changed":false,"footnotes":""},"class_list":["post-902","page","type-page","status-publish","hentry"],"acf":[],"yoast_head":"<!-- This site is optimized with the Yoast SEO plugin v24.3 - https:\/\/yoast.com\/wordpress\/plugins\/seo\/ -->\n<title>Mus\u00e9e de l&#039;imprimerie de Louhans | Ecomus\u00e9e de la Bresse (71)<\/title>\n<meta name=\"description\" content=\"Plongez dans l&#039;histoire d&#039;un ancien atelier d&#039;imprimerie, au Mus\u00e9e de l&#039;imprimerie \u00e0 Louhans avec l&#039;Ecomus\u00e9e de la Bresse Bourguignonne\" \/>\n<meta name=\"robots\" content=\"index, follow, max-snippet:-1, max-image-preview:large, max-video-preview:-1\" \/>\n<link rel=\"canonical\" href=\"https:\/\/www.ecomusee-bresse71.fr\/en\/musees-et-sites\/musee-de-limprimerie-louhans-chateaurenaud\/\" \/>\n<meta property=\"og:locale\" content=\"en_US\" \/>\n<meta property=\"og:type\" content=\"article\" \/>\n<meta property=\"og:title\" content=\"Mus\u00e9e de l&#039;imprimerie de Louhans | Ecomus\u00e9e de la Bresse (71)\" \/>\n<meta property=\"og:description\" content=\"Plongez dans l&#039;histoire d&#039;un ancien atelier d&#039;imprimerie, au Mus\u00e9e de l&#039;imprimerie \u00e0 Louhans avec l&#039;Ecomus\u00e9e de la Bresse Bourguignonne\" \/>\n<meta property=\"og:url\" content=\"https:\/\/www.ecomusee-bresse71.fr\/en\/musees-et-sites\/musee-de-limprimerie-louhans-chateaurenaud\/\" \/>\n<meta property=\"og:site_name\" content=\"Ecomus\u00e9e de la Bresse Bourguignonne\" \/>\n<meta property=\"article:modified_time\" content=\"2026-04-20T11:57:02+00:00\" \/>\n<meta property=\"og:image\" content=\"https:\/\/www.ecomusee-bresse71.fr\/contenu\/uploads\/2025\/06\/Photo-40-1024x683.jpg\" \/>\n\t<meta property=\"og:image:width\" content=\"1024\" \/>\n\t<meta property=\"og:image:height\" content=\"683\" \/>\n\t<meta property=\"og:image:type\" content=\"image\/jpeg\" \/>\n<meta name=\"twitter:card\" content=\"summary_large_image\" \/>\n<meta name=\"twitter:label1\" content=\"Est. reading time\" \/>\n\t<meta name=\"twitter:data1\" content=\"3 minutes\" \/>\n<script type=\"application\/ld+json\" class=\"yoast-schema-graph\">{\"@context\":\"https:\/\/schema.org\",\"@graph\":[{\"@type\":\"WebPage\",\"@id\":\"https:\/\/www.ecomusee-bresse71.fr\/en\/musees-et-sites\/musee-de-limprimerie-louhans-chateaurenaud\/\",\"url\":\"https:\/\/www.ecomusee-bresse71.fr\/en\/musees-et-sites\/musee-de-limprimerie-louhans-chateaurenaud\/\",\"name\":\"Mus\u00e9e de l'imprimerie de Louhans | Ecomus\u00e9e de la Bresse (71)\",\"isPartOf\":{\"@id\":\"https:\/\/www.ecomusee-bresse71.fr\/en\/#website\"},\"primaryImageOfPage\":{\"@id\":\"https:\/\/www.ecomusee-bresse71.fr\/en\/musees-et-sites\/musee-de-limprimerie-louhans-chateaurenaud\/#primaryimage\"},\"image\":{\"@id\":\"https:\/\/www.ecomusee-bresse71.fr\/en\/musees-et-sites\/musee-de-limprimerie-louhans-chateaurenaud\/#primaryimage\"},\"thumbnailUrl\":\"https:\/\/www.ecomusee-bresse71.fr\/contenu\/uploads\/2025\/06\/Photo-40-1024x683.jpg\",\"datePublished\":\"2025-02-04T10:04:09+00:00\",\"dateModified\":\"2026-04-20T11:57:02+00:00\",\"description\":\"Plongez dans l'histoire d'un ancien atelier d'imprimerie, au Mus\u00e9e de l'imprimerie \u00e0 Louhans avec l'Ecomus\u00e9e de la Bresse Bourguignonne\",\"breadcrumb\":{\"@id\":\"https:\/\/www.ecomusee-bresse71.fr\/en\/musees-et-sites\/musee-de-limprimerie-louhans-chateaurenaud\/#breadcrumb\"},\"inLanguage\":\"en-US\",\"potentialAction\":[{\"@type\":\"ReadAction\",\"target\":[\"https:\/\/www.ecomusee-bresse71.fr\/en\/musees-et-sites\/musee-de-limprimerie-louhans-chateaurenaud\/\"]}]},{\"@type\":\"ImageObject\",\"inLanguage\":\"en-US\",\"@id\":\"https:\/\/www.ecomusee-bresse71.fr\/en\/musees-et-sites\/musee-de-limprimerie-louhans-chateaurenaud\/#primaryimage\",\"url\":\"https:\/\/www.ecomusee-bresse71.fr\/contenu\/uploads\/2025\/06\/Photo-40-1024x683.jpg\",\"contentUrl\":\"https:\/\/www.ecomusee-bresse71.fr\/contenu\/uploads\/2025\/06\/Photo-40-1024x683.jpg\"},{\"@type\":\"BreadcrumbList\",\"@id\":\"https:\/\/www.ecomusee-bresse71.fr\/en\/musees-et-sites\/musee-de-limprimerie-louhans-chateaurenaud\/#breadcrumb\",\"itemListElement\":[{\"@type\":\"ListItem\",\"position\":1,\"name\":\"Home\",\"item\":\"https:\/\/www.ecomusee-bresse71.fr\/en\/\"},{\"@type\":\"ListItem\",\"position\":2,\"name\":\"Mus\u00e9es et sites\",\"item\":\"https:\/\/www.ecomusee-bresse71.fr\/en\/musees-et-sites\/\"},{\"@type\":\"ListItem\",\"position\":3,\"name\":\"Mus\u00e9e de l&rsquo;imprimerie\"}]},{\"@type\":\"WebSite\",\"@id\":\"https:\/\/www.ecomusee-bresse71.fr\/en\/#website\",\"url\":\"https:\/\/www.ecomusee-bresse71.fr\/en\/\",\"name\":\"Ecomus\u00e9e de la Bresse Bourguignonne\",\"description\":\"\",\"potentialAction\":[{\"@type\":\"SearchAction\",\"target\":{\"@type\":\"EntryPoint\",\"urlTemplate\":\"https:\/\/www.ecomusee-bresse71.fr\/en\/?s={search_term_string}\"},\"query-input\":{\"@type\":\"PropertyValueSpecification\",\"valueRequired\":true,\"valueName\":\"search_term_string\"}}],\"inLanguage\":\"en-US\"}]}<\/script>\n<!-- \/ Yoast SEO plugin. -->","yoast_head_json":{"title":"Mus\u00e9e de l'imprimerie de Louhans | Ecomus\u00e9e de la Bresse (71)","description":"Plongez dans l'histoire d'un ancien atelier d'imprimerie, au Mus\u00e9e de l'imprimerie \u00e0 Louhans avec l'Ecomus\u00e9e de la Bresse Bourguignonne","robots":{"index":"index","follow":"follow","max-snippet":"max-snippet:-1","max-image-preview":"max-image-preview:large","max-video-preview":"max-video-preview:-1"},"canonical":"https:\/\/www.ecomusee-bresse71.fr\/en\/musees-et-sites\/musee-de-limprimerie-louhans-chateaurenaud\/","og_locale":"en_US","og_type":"article","og_title":"Mus\u00e9e de l'imprimerie de Louhans | Ecomus\u00e9e de la Bresse (71)","og_description":"Plongez dans l'histoire d'un ancien atelier d'imprimerie, au Mus\u00e9e de l'imprimerie \u00e0 Louhans avec l'Ecomus\u00e9e de la Bresse Bourguignonne","og_url":"https:\/\/www.ecomusee-bresse71.fr\/en\/musees-et-sites\/musee-de-limprimerie-louhans-chateaurenaud\/","og_site_name":"Ecomus\u00e9e de la Bresse Bourguignonne","article_modified_time":"2026-04-20T11:57:02+00:00","og_image":[{"width":1024,"height":683,"url":"https:\/\/www.ecomusee-bresse71.fr\/contenu\/uploads\/2025\/06\/Photo-40-1024x683.jpg","type":"image\/jpeg"}],"twitter_card":"summary_large_image","twitter_misc":{"Est. reading time":"3 minutes"},"schema":{"@context":"https:\/\/schema.org","@graph":[{"@type":"WebPage","@id":"https:\/\/www.ecomusee-bresse71.fr\/en\/musees-et-sites\/musee-de-limprimerie-louhans-chateaurenaud\/","url":"https:\/\/www.ecomusee-bresse71.fr\/en\/musees-et-sites\/musee-de-limprimerie-louhans-chateaurenaud\/","name":"Mus\u00e9e de l'imprimerie de Louhans | Ecomus\u00e9e de la Bresse (71)","isPartOf":{"@id":"https:\/\/www.ecomusee-bresse71.fr\/en\/#website"},"primaryImageOfPage":{"@id":"https:\/\/www.ecomusee-bresse71.fr\/en\/musees-et-sites\/musee-de-limprimerie-louhans-chateaurenaud\/#primaryimage"},"image":{"@id":"https:\/\/www.ecomusee-bresse71.fr\/en\/musees-et-sites\/musee-de-limprimerie-louhans-chateaurenaud\/#primaryimage"},"thumbnailUrl":"https:\/\/www.ecomusee-bresse71.fr\/contenu\/uploads\/2025\/06\/Photo-40-1024x683.jpg","datePublished":"2025-02-04T10:04:09+00:00","dateModified":"2026-04-20T11:57:02+00:00","description":"Plongez dans l'histoire d'un ancien atelier d'imprimerie, au Mus\u00e9e de l'imprimerie \u00e0 Louhans avec l'Ecomus\u00e9e de la Bresse Bourguignonne","breadcrumb":{"@id":"https:\/\/www.ecomusee-bresse71.fr\/en\/musees-et-sites\/musee-de-limprimerie-louhans-chateaurenaud\/#breadcrumb"},"inLanguage":"en-US","potentialAction":[{"@type":"ReadAction","target":["https:\/\/www.ecomusee-bresse71.fr\/en\/musees-et-sites\/musee-de-limprimerie-louhans-chateaurenaud\/"]}]},{"@type":"ImageObject","inLanguage":"en-US","@id":"https:\/\/www.ecomusee-bresse71.fr\/en\/musees-et-sites\/musee-de-limprimerie-louhans-chateaurenaud\/#primaryimage","url":"https:\/\/www.ecomusee-bresse71.fr\/contenu\/uploads\/2025\/06\/Photo-40-1024x683.jpg","contentUrl":"https:\/\/www.ecomusee-bresse71.fr\/contenu\/uploads\/2025\/06\/Photo-40-1024x683.jpg"},{"@type":"BreadcrumbList","@id":"https:\/\/www.ecomusee-bresse71.fr\/en\/musees-et-sites\/musee-de-limprimerie-louhans-chateaurenaud\/#breadcrumb","itemListElement":[{"@type":"ListItem","position":1,"name":"Home","item":"https:\/\/www.ecomusee-bresse71.fr\/en\/"},{"@type":"ListItem","position":2,"name":"Mus\u00e9es et sites","item":"https:\/\/www.ecomusee-bresse71.fr\/en\/musees-et-sites\/"},{"@type":"ListItem","position":3,"name":"Mus\u00e9e de l&rsquo;imprimerie"}]},{"@type":"WebSite","@id":"https:\/\/www.ecomusee-bresse71.fr\/en\/#website","url":"https:\/\/www.ecomusee-bresse71.fr\/en\/","name":"Ecomus\u00e9e de la Bresse Bourguignonne","description":"","potentialAction":[{"@type":"SearchAction","target":{"@type":"EntryPoint","urlTemplate":"https:\/\/www.ecomusee-bresse71.fr\/en\/?s={search_term_string}"},"query-input":{"@type":"PropertyValueSpecification","valueRequired":true,"valueName":"search_term_string"}}],"inLanguage":"en-US"}]}},"_links":{"self":[{"href":"https:\/\/www.ecomusee-bresse71.fr\/en\/wp-json\/wp\/v2\/pages\/902"}],"collection":[{"href":"https:\/\/www.ecomusee-bresse71.fr\/en\/wp-json\/wp\/v2\/pages"}],"about":[{"href":"https:\/\/www.ecomusee-bresse71.fr\/en\/wp-json\/wp\/v2\/types\/page"}],"author":[{"embeddable":true,"href":"https:\/\/www.ecomusee-bresse71.fr\/en\/wp-json\/wp\/v2\/users\/7"}],"replies":[{"embeddable":true,"href":"https:\/\/www.ecomusee-bresse71.fr\/en\/wp-json\/wp\/v2\/comments?post=902"}],"version-history":[{"count":2,"href":"https:\/\/www.ecomusee-bresse71.fr\/en\/wp-json\/wp\/v2\/pages\/902\/revisions"}],"predecessor-version":[{"id":5627,"href":"https:\/\/www.ecomusee-bresse71.fr\/en\/wp-json\/wp\/v2\/pages\/902\/revisions\/5627"}],"up":[{"embeddable":true,"href":"https:\/\/www.ecomusee-bresse71.fr\/en\/wp-json\/wp\/v2\/pages\/890"}],"wp:attachment":[{"href":"https:\/\/www.ecomusee-bresse71.fr\/en\/wp-json\/wp\/v2\/media?parent=902"}],"curies":[{"name":"wp","href":"https:\/\/api.w.org\/{rel}","templated":true}]}}