{"id":904,"date":"2025-02-04T11:04:09","date_gmt":"2025-02-04T10:04:09","guid":{"rendered":"https:\/\/www.ecomusee-bresse71.fr\/musees-et-sites\/ferme-du-champ-bressan-romenay\/"},"modified":"2026-03-31T11:20:33","modified_gmt":"2026-03-31T09:20:33","slug":"ferme-du-champ-bressan-romenay","status":"publish","type":"page","link":"https:\/\/www.ecomusee-bresse71.fr\/en\/musees-et-sites\/ferme-du-champ-bressan-romenay\/","title":{"rendered":"Ferme du Champ bressan"},"content":{"rendered":"\n<p><br>La <strong>Ferme du Champ bressan<\/strong>, class\u00e9e<strong> Monument Historique<\/strong>, offre une immersion au c\u0153ur du monde rural des ann\u00e9es <strong>1930<\/strong>. Son architecture typique de la<strong> Bresse du Sud <\/strong>poss\u00e8de une chemin\u00e9e sarrasine, l\u2019une des trois derni\u00e8res existantes encore en <strong>Bourgogne<\/strong>. A travers son parcours et ses int\u00e9rieurs enti\u00e8rement reconstitu\u00e9s le <strong>mus\u00e9e <\/strong>raconte la m\u00e9moire de cette ferme et le quotidien de la vie paysanne d\u2019autrefois.<\/p>\n\n\n\n<figure class=\"wp-block-image size-large\"><img loading=\"lazy\" decoding=\"async\" width=\"1024\" height=\"683\" src=\"https:\/\/www.ecomusee-bresse71.fr\/contenu\/uploads\/2025\/03\/Ferme-du-champ-Bressan-HD-14-1024x683.jpg\" alt=\"\" class=\"wp-image-711\"\/><\/figure>\n\n\n\n<h2 class=\"wp-block-heading\">Les activit\u00e9s \u00e0 d\u00e9couvrir sur place :<\/h2>\n\n\n\n<ul class=\"wp-block-list\">\n<li>Visioguides (fr, ang, all, ner)<\/li>\n\n\n\n<li>Visite guid\u00e9e pour les groupes adultes (r\u00e9servation aupr\u00e8s de la <a href=\"https:\/\/www.romenay.fr\/\">municipalit\u00e9 de Romenay<\/a>)<\/li>\n\n\n\n<li>Tous les \u00e9v\u00e9nements et animations de la ferme du Champ bressan : <a href=\"https:\/\/www.ecomusee-bresse71.fr\/events\/event\/\"><strong>acc\u00e9dez \u00e0 l&#8217;agenda<\/strong><\/a><\/li>\n<\/ul>\n\n\n\n<h2 class=\"wp-block-heading\"><\/h2>\n\n\n\n<figure class=\"wp-block-image size-large\"><a href=\"https:\/\/www.ecomusee-bresse71.fr\/contenu\/uploads\/2025\/03\/Ferme-du-champ-Bressan-HD-109-scaled.jpg\"><img loading=\"lazy\" decoding=\"async\" width=\"1024\" height=\"576\" src=\"https:\/\/www.ecomusee-bresse71.fr\/contenu\/uploads\/2025\/03\/Ferme-du-champ-Bressan-HD-109-1024x576.jpg\" alt=\"\" class=\"wp-image-714\"\/><\/a><\/figure>\n\n\n\n<figure class=\"wp-block-gallery has-nested-images columns-default is-cropped wp-block-gallery-1 is-layout-flex wp-block-gallery-is-layout-flex\">\n<figure class=\"wp-block-image size-large\"><a href=\"https:\/\/www.ecomusee-bresse71.fr\/contenu\/uploads\/2025\/03\/Ferme-du-champ-Bressan-HD-110-scaled.jpg\"><img loading=\"lazy\" decoding=\"async\" width=\"1024\" height=\"576\" data-id=\"716\" src=\"https:\/\/www.ecomusee-bresse71.fr\/contenu\/uploads\/2025\/03\/Ferme-du-champ-Bressan-HD-110-1024x576.jpg\" alt=\"\" class=\"wp-image-716\"\/><\/a><\/figure>\n\n\n\n<figure class=\"wp-block-image size-large\"><a href=\"https:\/\/www.ecomusee-bresse71.fr\/contenu\/uploads\/2025\/03\/Ferme-du-champ-Bressan-HD-21-scaled.jpg\"><img loading=\"lazy\" decoding=\"async\" width=\"1024\" height=\"683\" data-id=\"718\" src=\"https:\/\/www.ecomusee-bresse71.fr\/contenu\/uploads\/2025\/03\/Ferme-du-champ-Bressan-HD-21-1024x683.jpg\" alt=\"\" class=\"wp-image-718\"\/><\/a><\/figure>\n\n\n\n<figure class=\"wp-block-image size-large\"><a href=\"https:\/\/www.ecomusee-bresse71.fr\/contenu\/uploads\/2025\/03\/Ferme-du-champ-Bressan-HD-24-scaled.jpg\"><img loading=\"lazy\" decoding=\"async\" width=\"1024\" height=\"576\" data-id=\"720\" src=\"https:\/\/www.ecomusee-bresse71.fr\/contenu\/uploads\/2025\/03\/Ferme-du-champ-Bressan-HD-24-1024x576.jpg\" alt=\"\" class=\"wp-image-720\"\/><\/a><\/figure>\n\n\n\n<figure class=\"wp-block-image size-large\"><a href=\"https:\/\/www.ecomusee-bresse71.fr\/contenu\/uploads\/2025\/03\/Ferme-du-champ-Bressan-HD-89-scaled.jpg\"><img loading=\"lazy\" decoding=\"async\" width=\"1024\" height=\"576\" data-id=\"722\" src=\"https:\/\/www.ecomusee-bresse71.fr\/contenu\/uploads\/2025\/03\/Ferme-du-champ-Bressan-HD-89-1024x576.jpg\" alt=\"\" class=\"wp-image-722\"\/><\/a><\/figure>\n<\/figure>\n\n\n\n<p><\/p>\n\n\n\n<figure class=\"wp-block-embed is-type-video is-provider-youtube wp-block-embed-youtube wp-embed-aspect-9-16 wp-has-aspect-ratio\"><div class=\"wp-block-embed__wrapper\">\n<iframe loading=\"lazy\" title=\"Visite de la Ferme du Champ Bressan \u00e0 Romenay \ud83d\udc13\ud83c\udf3e #histoire #culture #mus\u00e9e\" width=\"563\" height=\"1000\" src=\"https:\/\/www.youtube.com\/embed\/1xwqvkB1av8?feature=oembed\" frameborder=\"0\" allow=\"accelerometer; autoplay; clipboard-write; encrypted-media; gyroscope; picture-in-picture; web-share\" referrerpolicy=\"strict-origin-when-cross-origin\" allowfullscreen><\/iframe>\n<\/div><\/figure>\n","protected":false},"excerpt":{"rendered":"<p>La Ferme du Champ bressan, class\u00e9e Monument Historique, offre une immersion au c\u0153ur du monde rural des ann\u00e9es 1930. Son [&hellip;]<\/p>\n","protected":false},"author":7,"featured_media":0,"parent":890,"menu_order":5,"comment_status":"closed","ping_status":"closed","template":"","meta":{"_acf_changed":false,"footnotes":""},"class_list":["post-904","page","type-page","status-publish","hentry"],"acf":[],"yoast_head":"<!-- This site is optimized with the Yoast SEO plugin v24.3 - https:\/\/yoast.com\/wordpress\/plugins\/seo\/ -->\n<title>La Ferme du Champ Bressan | Ecomus\u00e9e Bresse Bourguignonne<\/title>\n<meta name=\"description\" content=\"Monument Historique, La Ferme du Champ Bressan, offre une immersion au c\u0153ur du monde rural des ann\u00e9es 1930. D\u00e9couvrez-la !\" \/>\n<meta name=\"robots\" content=\"index, follow, max-snippet:-1, max-image-preview:large, max-video-preview:-1\" \/>\n<link rel=\"canonical\" href=\"https:\/\/www.ecomusee-bresse71.fr\/en\/musees-et-sites\/ferme-du-champ-bressan-romenay\/\" \/>\n<meta property=\"og:locale\" content=\"en_US\" \/>\n<meta property=\"og:type\" content=\"article\" \/>\n<meta property=\"og:title\" content=\"La Ferme du Champ Bressan | Ecomus\u00e9e Bresse Bourguignonne\" \/>\n<meta property=\"og:description\" content=\"Monument Historique, La Ferme du Champ Bressan, offre une immersion au c\u0153ur du monde rural des ann\u00e9es 1930. D\u00e9couvrez-la !\" \/>\n<meta property=\"og:url\" content=\"https:\/\/www.ecomusee-bresse71.fr\/en\/musees-et-sites\/ferme-du-champ-bressan-romenay\/\" \/>\n<meta property=\"og:site_name\" content=\"Ecomus\u00e9e de la Bresse Bourguignonne\" \/>\n<meta property=\"article:modified_time\" content=\"2026-03-31T09:20:33+00:00\" \/>\n<meta property=\"og:image\" content=\"https:\/\/www.ecomusee-bresse71.fr\/contenu\/uploads\/2025\/03\/Ferme-du-champ-Bressan-HD-14-scaled.jpg\" \/>\n\t<meta property=\"og:image:width\" content=\"2560\" \/>\n\t<meta property=\"og:image:height\" content=\"1707\" \/>\n\t<meta property=\"og:image:type\" content=\"image\/jpeg\" \/>\n<meta name=\"twitter:card\" content=\"summary_large_image\" \/>\n<meta name=\"twitter:label1\" content=\"Est. reading time\" \/>\n\t<meta name=\"twitter:data1\" content=\"2 minutes\" \/>\n<script type=\"application\/ld+json\" class=\"yoast-schema-graph\">{\"@context\":\"https:\/\/schema.org\",\"@graph\":[{\"@type\":\"WebPage\",\"@id\":\"https:\/\/www.ecomusee-bresse71.fr\/en\/musees-et-sites\/ferme-du-champ-bressan-romenay\/\",\"url\":\"https:\/\/www.ecomusee-bresse71.fr\/en\/musees-et-sites\/ferme-du-champ-bressan-romenay\/\",\"name\":\"La Ferme du Champ Bressan | Ecomus\u00e9e Bresse Bourguignonne\",\"isPartOf\":{\"@id\":\"https:\/\/www.ecomusee-bresse71.fr\/en\/#website\"},\"primaryImageOfPage\":{\"@id\":\"https:\/\/www.ecomusee-bresse71.fr\/en\/musees-et-sites\/ferme-du-champ-bressan-romenay\/#primaryimage\"},\"image\":{\"@id\":\"https:\/\/www.ecomusee-bresse71.fr\/en\/musees-et-sites\/ferme-du-champ-bressan-romenay\/#primaryimage\"},\"thumbnailUrl\":\"https:\/\/www.ecomusee-bresse71.fr\/contenu\/uploads\/2025\/03\/Ferme-du-champ-Bressan-HD-14-1024x683.jpg\",\"datePublished\":\"2025-02-04T10:04:09+00:00\",\"dateModified\":\"2026-03-31T09:20:33+00:00\",\"description\":\"Monument Historique, La Ferme du Champ Bressan, offre une immersion au c\u0153ur du monde rural des ann\u00e9es 1930. D\u00e9couvrez-la !\",\"breadcrumb\":{\"@id\":\"https:\/\/www.ecomusee-bresse71.fr\/en\/musees-et-sites\/ferme-du-champ-bressan-romenay\/#breadcrumb\"},\"inLanguage\":\"en-US\",\"potentialAction\":[{\"@type\":\"ReadAction\",\"target\":[\"https:\/\/www.ecomusee-bresse71.fr\/en\/musees-et-sites\/ferme-du-champ-bressan-romenay\/\"]}]},{\"@type\":\"ImageObject\",\"inLanguage\":\"en-US\",\"@id\":\"https:\/\/www.ecomusee-bresse71.fr\/en\/musees-et-sites\/ferme-du-champ-bressan-romenay\/#primaryimage\",\"url\":\"https:\/\/www.ecomusee-bresse71.fr\/contenu\/uploads\/2025\/03\/Ferme-du-champ-Bressan-HD-14-1024x683.jpg\",\"contentUrl\":\"https:\/\/www.ecomusee-bresse71.fr\/contenu\/uploads\/2025\/03\/Ferme-du-champ-Bressan-HD-14-1024x683.jpg\"},{\"@type\":\"BreadcrumbList\",\"@id\":\"https:\/\/www.ecomusee-bresse71.fr\/en\/musees-et-sites\/ferme-du-champ-bressan-romenay\/#breadcrumb\",\"itemListElement\":[{\"@type\":\"ListItem\",\"position\":1,\"name\":\"Home\",\"item\":\"https:\/\/www.ecomusee-bresse71.fr\/en\/\"},{\"@type\":\"ListItem\",\"position\":2,\"name\":\"Mus\u00e9es et sites\",\"item\":\"https:\/\/www.ecomusee-bresse71.fr\/en\/musees-et-sites\/\"},{\"@type\":\"ListItem\",\"position\":3,\"name\":\"Ferme du Champ bressan\"}]},{\"@type\":\"WebSite\",\"@id\":\"https:\/\/www.ecomusee-bresse71.fr\/en\/#website\",\"url\":\"https:\/\/www.ecomusee-bresse71.fr\/en\/\",\"name\":\"Ecomus\u00e9e de la Bresse Bourguignonne\",\"description\":\"\",\"potentialAction\":[{\"@type\":\"SearchAction\",\"target\":{\"@type\":\"EntryPoint\",\"urlTemplate\":\"https:\/\/www.ecomusee-bresse71.fr\/en\/?s={search_term_string}\"},\"query-input\":{\"@type\":\"PropertyValueSpecification\",\"valueRequired\":true,\"valueName\":\"search_term_string\"}}],\"inLanguage\":\"en-US\"}]}<\/script>\n<!-- \/ Yoast SEO plugin. -->","yoast_head_json":{"title":"La Ferme du Champ Bressan | Ecomus\u00e9e Bresse Bourguignonne","description":"Monument Historique, La Ferme du Champ Bressan, offre une immersion au c\u0153ur du monde rural des ann\u00e9es 1930. D\u00e9couvrez-la !","robots":{"index":"index","follow":"follow","max-snippet":"max-snippet:-1","max-image-preview":"max-image-preview:large","max-video-preview":"max-video-preview:-1"},"canonical":"https:\/\/www.ecomusee-bresse71.fr\/en\/musees-et-sites\/ferme-du-champ-bressan-romenay\/","og_locale":"en_US","og_type":"article","og_title":"La Ferme du Champ Bressan | Ecomus\u00e9e Bresse Bourguignonne","og_description":"Monument Historique, La Ferme du Champ Bressan, offre une immersion au c\u0153ur du monde rural des ann\u00e9es 1930. D\u00e9couvrez-la !","og_url":"https:\/\/www.ecomusee-bresse71.fr\/en\/musees-et-sites\/ferme-du-champ-bressan-romenay\/","og_site_name":"Ecomus\u00e9e de la Bresse Bourguignonne","article_modified_time":"2026-03-31T09:20:33+00:00","og_image":[{"width":2560,"height":1707,"url":"https:\/\/www.ecomusee-bresse71.fr\/contenu\/uploads\/2025\/03\/Ferme-du-champ-Bressan-HD-14-scaled.jpg","type":"image\/jpeg"}],"twitter_card":"summary_large_image","twitter_misc":{"Est. reading time":"2 minutes"},"schema":{"@context":"https:\/\/schema.org","@graph":[{"@type":"WebPage","@id":"https:\/\/www.ecomusee-bresse71.fr\/en\/musees-et-sites\/ferme-du-champ-bressan-romenay\/","url":"https:\/\/www.ecomusee-bresse71.fr\/en\/musees-et-sites\/ferme-du-champ-bressan-romenay\/","name":"La Ferme du Champ Bressan | Ecomus\u00e9e Bresse Bourguignonne","isPartOf":{"@id":"https:\/\/www.ecomusee-bresse71.fr\/en\/#website"},"primaryImageOfPage":{"@id":"https:\/\/www.ecomusee-bresse71.fr\/en\/musees-et-sites\/ferme-du-champ-bressan-romenay\/#primaryimage"},"image":{"@id":"https:\/\/www.ecomusee-bresse71.fr\/en\/musees-et-sites\/ferme-du-champ-bressan-romenay\/#primaryimage"},"thumbnailUrl":"https:\/\/www.ecomusee-bresse71.fr\/contenu\/uploads\/2025\/03\/Ferme-du-champ-Bressan-HD-14-1024x683.jpg","datePublished":"2025-02-04T10:04:09+00:00","dateModified":"2026-03-31T09:20:33+00:00","description":"Monument Historique, La Ferme du Champ Bressan, offre une immersion au c\u0153ur du monde rural des ann\u00e9es 1930. D\u00e9couvrez-la !","breadcrumb":{"@id":"https:\/\/www.ecomusee-bresse71.fr\/en\/musees-et-sites\/ferme-du-champ-bressan-romenay\/#breadcrumb"},"inLanguage":"en-US","potentialAction":[{"@type":"ReadAction","target":["https:\/\/www.ecomusee-bresse71.fr\/en\/musees-et-sites\/ferme-du-champ-bressan-romenay\/"]}]},{"@type":"ImageObject","inLanguage":"en-US","@id":"https:\/\/www.ecomusee-bresse71.fr\/en\/musees-et-sites\/ferme-du-champ-bressan-romenay\/#primaryimage","url":"https:\/\/www.ecomusee-bresse71.fr\/contenu\/uploads\/2025\/03\/Ferme-du-champ-Bressan-HD-14-1024x683.jpg","contentUrl":"https:\/\/www.ecomusee-bresse71.fr\/contenu\/uploads\/2025\/03\/Ferme-du-champ-Bressan-HD-14-1024x683.jpg"},{"@type":"BreadcrumbList","@id":"https:\/\/www.ecomusee-bresse71.fr\/en\/musees-et-sites\/ferme-du-champ-bressan-romenay\/#breadcrumb","itemListElement":[{"@type":"ListItem","position":1,"name":"Home","item":"https:\/\/www.ecomusee-bresse71.fr\/en\/"},{"@type":"ListItem","position":2,"name":"Mus\u00e9es et sites","item":"https:\/\/www.ecomusee-bresse71.fr\/en\/musees-et-sites\/"},{"@type":"ListItem","position":3,"name":"Ferme du Champ bressan"}]},{"@type":"WebSite","@id":"https:\/\/www.ecomusee-bresse71.fr\/en\/#website","url":"https:\/\/www.ecomusee-bresse71.fr\/en\/","name":"Ecomus\u00e9e de la Bresse Bourguignonne","description":"","potentialAction":[{"@type":"SearchAction","target":{"@type":"EntryPoint","urlTemplate":"https:\/\/www.ecomusee-bresse71.fr\/en\/?s={search_term_string}"},"query-input":{"@type":"PropertyValueSpecification","valueRequired":true,"valueName":"search_term_string"}}],"inLanguage":"en-US"}]}},"_links":{"self":[{"href":"https:\/\/www.ecomusee-bresse71.fr\/en\/wp-json\/wp\/v2\/pages\/904"}],"collection":[{"href":"https:\/\/www.ecomusee-bresse71.fr\/en\/wp-json\/wp\/v2\/pages"}],"about":[{"href":"https:\/\/www.ecomusee-bresse71.fr\/en\/wp-json\/wp\/v2\/types\/page"}],"author":[{"embeddable":true,"href":"https:\/\/www.ecomusee-bresse71.fr\/en\/wp-json\/wp\/v2\/users\/7"}],"replies":[{"embeddable":true,"href":"https:\/\/www.ecomusee-bresse71.fr\/en\/wp-json\/wp\/v2\/comments?post=904"}],"version-history":[{"count":2,"href":"https:\/\/www.ecomusee-bresse71.fr\/en\/wp-json\/wp\/v2\/pages\/904\/revisions"}],"predecessor-version":[{"id":5342,"href":"https:\/\/www.ecomusee-bresse71.fr\/en\/wp-json\/wp\/v2\/pages\/904\/revisions\/5342"}],"up":[{"embeddable":true,"href":"https:\/\/www.ecomusee-bresse71.fr\/en\/wp-json\/wp\/v2\/pages\/890"}],"wp:attachment":[{"href":"https:\/\/www.ecomusee-bresse71.fr\/en\/wp-json\/wp\/v2\/media?parent=904"}],"curies":[{"name":"wp","href":"https:\/\/api.w.org\/{rel}","templated":true}]}}