{"id":905,"date":"2025-02-04T11:04:09","date_gmt":"2025-02-04T10:04:09","guid":{"rendered":"https:\/\/www.ecomusee-bresse71.fr\/musees-et-sites\/domaine-plissonnier-saint-andre-en-bresse-71\/"},"modified":"2026-03-31T11:57:45","modified_gmt":"2026-03-31T09:57:45","slug":"domaine-plissonnier-saint-andre-en-bresse-71","status":"publish","type":"page","link":"https:\/\/www.ecomusee-bresse71.fr\/en\/musees-et-sites\/domaine-plissonnier-saint-andre-en-bresse-71\/","title":{"rendered":"Domaine Plissonnier"},"content":{"rendered":"\n<p>Le<strong> Domaine Plissonnier<\/strong> se caract\u00e9rise par un ensemble de quatre b\u00e2timents\u00a0<strong>: une maison de ma\u00eetre construite en 1797 <\/strong>abritant un magnifique <a href=\"https:\/\/www.domaineplissonnier.fr\/\">g\u00eete de groupe<\/a>, une <strong>maison bressane <\/strong>ancienne d\u00e9nomm\u00e9e \u00ab\u00a0le logis du fermier\u00a0\u00bb b\u00e2tie en <strong>1690 <\/strong>et deux b\u00e2timents d\u2019h\u00e9bergeages datant du <strong>19e et 20e si\u00e8cles.<\/strong> C\u2019est donc quatre si\u00e8cles d\u2019histoire de <strong>l\u2019architecture bressane <\/strong>qui s\u2019offrent aux yeux des visiteurs.<\/p>\n\n\n\n<h2 class=\"wp-block-heading\">D\u00e9couvrez toutes nos offres<\/h2>\n\n\n\n<ul class=\"wp-block-list\">\n<li>Retrouvez tous les \u00e9v\u00e9nements organis\u00e9s au Domaine Plissonnier sur notre <a href=\"https:\/\/www.ecomusee-bresse71.fr\/events\/event\/\"><strong>agenda<\/strong><\/a><\/li>\n\n\n\n<li>Retrouvrez les o<a href=\"https:\/\/www.ecomusee-bresse71.fr\/contenu\/uploads\/2025\/06\/25-Brochure_Groupe-Adultes_BD.pdf\"><strong>ffres groupes adultes<\/strong><\/a><\/li>\n\n\n\n<li>Retrouvez les <a href=\"https:\/\/www.ecomusee-bresse71.fr\/contenu\/uploads\/2025\/06\/25_Brochure_promotionnelle_scolaire.pdf\"><strong>offres groupes enfants<\/strong><\/a><\/li>\n\n\n\n<li>Pour la location du g\u00eete de groupe, contacter directement <a href=\"https:\/\/www.domaineplissonnier.fr\/\"><strong>la communaut\u00e9 de communes<\/strong><\/a><\/li>\n<\/ul>\n\n\n\n<figure class=\"wp-block-image size-large\"><img loading=\"lazy\" decoding=\"async\" width=\"1024\" height=\"768\" src=\"https:\/\/www.ecomusee-bresse71.fr\/contenu\/uploads\/2025\/06\/Photo-18-1024x768.jpg\" alt=\"\" class=\"wp-image-1664\"\/><\/figure>\n","protected":false},"excerpt":{"rendered":"<p>Le Domaine Plissonnier se caract\u00e9rise par un ensemble de quatre b\u00e2timents\u00a0: une maison de ma\u00eetre construite en 1797 abritant un [&hellip;]<\/p>\n","protected":false},"author":7,"featured_media":0,"parent":890,"menu_order":13,"comment_status":"closed","ping_status":"closed","template":"","meta":{"_acf_changed":false,"footnotes":""},"class_list":["post-905","page","type-page","status-publish","hentry"],"acf":[],"yoast_head":"<!-- This site is optimized with the Yoast SEO plugin v24.3 - https:\/\/yoast.com\/wordpress\/plugins\/seo\/ -->\n<title>Le Domaine Plissonnier | Ecomus\u00e9e de la Bresse Bourguignonne<\/title>\n<meta name=\"description\" content=\"Maison de ma\u00eetre, logis fermier, ferme bressanne : venez d\u00e9couvrir le Domaine Plissonnier avec l&#039;Ecomus\u00e9e de la Bresse Bourguignonne.\" \/>\n<meta name=\"robots\" content=\"index, follow, max-snippet:-1, max-image-preview:large, max-video-preview:-1\" \/>\n<link rel=\"canonical\" href=\"https:\/\/www.ecomusee-bresse71.fr\/en\/musees-et-sites\/domaine-plissonnier-saint-andre-en-bresse-71\/\" \/>\n<meta property=\"og:locale\" content=\"en_US\" \/>\n<meta property=\"og:type\" content=\"article\" \/>\n<meta property=\"og:title\" content=\"Le Domaine Plissonnier | Ecomus\u00e9e de la Bresse Bourguignonne\" \/>\n<meta property=\"og:description\" content=\"Maison de ma\u00eetre, logis fermier, ferme bressanne : venez d\u00e9couvrir le Domaine Plissonnier avec l&#039;Ecomus\u00e9e de la Bresse Bourguignonne.\" \/>\n<meta property=\"og:url\" content=\"https:\/\/www.ecomusee-bresse71.fr\/en\/musees-et-sites\/domaine-plissonnier-saint-andre-en-bresse-71\/\" \/>\n<meta property=\"og:site_name\" content=\"Ecomus\u00e9e de la Bresse Bourguignonne\" \/>\n<meta property=\"article:modified_time\" content=\"2026-03-31T09:57:45+00:00\" \/>\n<meta property=\"og:image\" content=\"https:\/\/www.ecomusee-bresse71.fr\/contenu\/uploads\/2025\/06\/Photo-18-scaled.jpg\" \/>\n\t<meta property=\"og:image:width\" content=\"2560\" \/>\n\t<meta property=\"og:image:height\" content=\"1920\" \/>\n\t<meta property=\"og:image:type\" content=\"image\/jpeg\" \/>\n<meta name=\"twitter:card\" content=\"summary_large_image\" \/>\n<meta name=\"twitter:label1\" content=\"Est. reading time\" \/>\n\t<meta name=\"twitter:data1\" content=\"1 minute\" \/>\n<script type=\"application\/ld+json\" class=\"yoast-schema-graph\">{\"@context\":\"https:\/\/schema.org\",\"@graph\":[{\"@type\":\"WebPage\",\"@id\":\"https:\/\/www.ecomusee-bresse71.fr\/en\/musees-et-sites\/domaine-plissonnier-saint-andre-en-bresse-71\/\",\"url\":\"https:\/\/www.ecomusee-bresse71.fr\/en\/musees-et-sites\/domaine-plissonnier-saint-andre-en-bresse-71\/\",\"name\":\"Le Domaine Plissonnier | Ecomus\u00e9e de la Bresse Bourguignonne\",\"isPartOf\":{\"@id\":\"https:\/\/www.ecomusee-bresse71.fr\/en\/#website\"},\"primaryImageOfPage\":{\"@id\":\"https:\/\/www.ecomusee-bresse71.fr\/en\/musees-et-sites\/domaine-plissonnier-saint-andre-en-bresse-71\/#primaryimage\"},\"image\":{\"@id\":\"https:\/\/www.ecomusee-bresse71.fr\/en\/musees-et-sites\/domaine-plissonnier-saint-andre-en-bresse-71\/#primaryimage\"},\"thumbnailUrl\":\"https:\/\/www.ecomusee-bresse71.fr\/contenu\/uploads\/2025\/06\/Photo-18-1024x768.jpg\",\"datePublished\":\"2025-02-04T10:04:09+00:00\",\"dateModified\":\"2026-03-31T09:57:45+00:00\",\"description\":\"Maison de ma\u00eetre, logis fermier, ferme bressanne : venez d\u00e9couvrir le Domaine Plissonnier avec l'Ecomus\u00e9e de la Bresse Bourguignonne.\",\"breadcrumb\":{\"@id\":\"https:\/\/www.ecomusee-bresse71.fr\/en\/musees-et-sites\/domaine-plissonnier-saint-andre-en-bresse-71\/#breadcrumb\"},\"inLanguage\":\"en-US\",\"potentialAction\":[{\"@type\":\"ReadAction\",\"target\":[\"https:\/\/www.ecomusee-bresse71.fr\/en\/musees-et-sites\/domaine-plissonnier-saint-andre-en-bresse-71\/\"]}]},{\"@type\":\"ImageObject\",\"inLanguage\":\"en-US\",\"@id\":\"https:\/\/www.ecomusee-bresse71.fr\/en\/musees-et-sites\/domaine-plissonnier-saint-andre-en-bresse-71\/#primaryimage\",\"url\":\"https:\/\/www.ecomusee-bresse71.fr\/contenu\/uploads\/2025\/06\/Photo-18-1024x768.jpg\",\"contentUrl\":\"https:\/\/www.ecomusee-bresse71.fr\/contenu\/uploads\/2025\/06\/Photo-18-1024x768.jpg\"},{\"@type\":\"BreadcrumbList\",\"@id\":\"https:\/\/www.ecomusee-bresse71.fr\/en\/musees-et-sites\/domaine-plissonnier-saint-andre-en-bresse-71\/#breadcrumb\",\"itemListElement\":[{\"@type\":\"ListItem\",\"position\":1,\"name\":\"Home\",\"item\":\"https:\/\/www.ecomusee-bresse71.fr\/en\/\"},{\"@type\":\"ListItem\",\"position\":2,\"name\":\"Mus\u00e9es et sites\",\"item\":\"https:\/\/www.ecomusee-bresse71.fr\/en\/musees-et-sites\/\"},{\"@type\":\"ListItem\",\"position\":3,\"name\":\"Domaine Plissonnier\"}]},{\"@type\":\"WebSite\",\"@id\":\"https:\/\/www.ecomusee-bresse71.fr\/en\/#website\",\"url\":\"https:\/\/www.ecomusee-bresse71.fr\/en\/\",\"name\":\"Ecomus\u00e9e de la Bresse Bourguignonne\",\"description\":\"\",\"potentialAction\":[{\"@type\":\"SearchAction\",\"target\":{\"@type\":\"EntryPoint\",\"urlTemplate\":\"https:\/\/www.ecomusee-bresse71.fr\/en\/?s={search_term_string}\"},\"query-input\":{\"@type\":\"PropertyValueSpecification\",\"valueRequired\":true,\"valueName\":\"search_term_string\"}}],\"inLanguage\":\"en-US\"}]}<\/script>\n<!-- \/ Yoast SEO plugin. -->","yoast_head_json":{"title":"Le Domaine Plissonnier | Ecomus\u00e9e de la Bresse Bourguignonne","description":"Maison de ma\u00eetre, logis fermier, ferme bressanne : venez d\u00e9couvrir le Domaine Plissonnier avec l'Ecomus\u00e9e de la Bresse Bourguignonne.","robots":{"index":"index","follow":"follow","max-snippet":"max-snippet:-1","max-image-preview":"max-image-preview:large","max-video-preview":"max-video-preview:-1"},"canonical":"https:\/\/www.ecomusee-bresse71.fr\/en\/musees-et-sites\/domaine-plissonnier-saint-andre-en-bresse-71\/","og_locale":"en_US","og_type":"article","og_title":"Le Domaine Plissonnier | Ecomus\u00e9e de la Bresse Bourguignonne","og_description":"Maison de ma\u00eetre, logis fermier, ferme bressanne : venez d\u00e9couvrir le Domaine Plissonnier avec l'Ecomus\u00e9e de la Bresse Bourguignonne.","og_url":"https:\/\/www.ecomusee-bresse71.fr\/en\/musees-et-sites\/domaine-plissonnier-saint-andre-en-bresse-71\/","og_site_name":"Ecomus\u00e9e de la Bresse Bourguignonne","article_modified_time":"2026-03-31T09:57:45+00:00","og_image":[{"width":2560,"height":1920,"url":"https:\/\/www.ecomusee-bresse71.fr\/contenu\/uploads\/2025\/06\/Photo-18-scaled.jpg","type":"image\/jpeg"}],"twitter_card":"summary_large_image","twitter_misc":{"Est. reading time":"1 minute"},"schema":{"@context":"https:\/\/schema.org","@graph":[{"@type":"WebPage","@id":"https:\/\/www.ecomusee-bresse71.fr\/en\/musees-et-sites\/domaine-plissonnier-saint-andre-en-bresse-71\/","url":"https:\/\/www.ecomusee-bresse71.fr\/en\/musees-et-sites\/domaine-plissonnier-saint-andre-en-bresse-71\/","name":"Le Domaine Plissonnier | Ecomus\u00e9e de la Bresse Bourguignonne","isPartOf":{"@id":"https:\/\/www.ecomusee-bresse71.fr\/en\/#website"},"primaryImageOfPage":{"@id":"https:\/\/www.ecomusee-bresse71.fr\/en\/musees-et-sites\/domaine-plissonnier-saint-andre-en-bresse-71\/#primaryimage"},"image":{"@id":"https:\/\/www.ecomusee-bresse71.fr\/en\/musees-et-sites\/domaine-plissonnier-saint-andre-en-bresse-71\/#primaryimage"},"thumbnailUrl":"https:\/\/www.ecomusee-bresse71.fr\/contenu\/uploads\/2025\/06\/Photo-18-1024x768.jpg","datePublished":"2025-02-04T10:04:09+00:00","dateModified":"2026-03-31T09:57:45+00:00","description":"Maison de ma\u00eetre, logis fermier, ferme bressanne : venez d\u00e9couvrir le Domaine Plissonnier avec l'Ecomus\u00e9e de la Bresse Bourguignonne.","breadcrumb":{"@id":"https:\/\/www.ecomusee-bresse71.fr\/en\/musees-et-sites\/domaine-plissonnier-saint-andre-en-bresse-71\/#breadcrumb"},"inLanguage":"en-US","potentialAction":[{"@type":"ReadAction","target":["https:\/\/www.ecomusee-bresse71.fr\/en\/musees-et-sites\/domaine-plissonnier-saint-andre-en-bresse-71\/"]}]},{"@type":"ImageObject","inLanguage":"en-US","@id":"https:\/\/www.ecomusee-bresse71.fr\/en\/musees-et-sites\/domaine-plissonnier-saint-andre-en-bresse-71\/#primaryimage","url":"https:\/\/www.ecomusee-bresse71.fr\/contenu\/uploads\/2025\/06\/Photo-18-1024x768.jpg","contentUrl":"https:\/\/www.ecomusee-bresse71.fr\/contenu\/uploads\/2025\/06\/Photo-18-1024x768.jpg"},{"@type":"BreadcrumbList","@id":"https:\/\/www.ecomusee-bresse71.fr\/en\/musees-et-sites\/domaine-plissonnier-saint-andre-en-bresse-71\/#breadcrumb","itemListElement":[{"@type":"ListItem","position":1,"name":"Home","item":"https:\/\/www.ecomusee-bresse71.fr\/en\/"},{"@type":"ListItem","position":2,"name":"Mus\u00e9es et sites","item":"https:\/\/www.ecomusee-bresse71.fr\/en\/musees-et-sites\/"},{"@type":"ListItem","position":3,"name":"Domaine Plissonnier"}]},{"@type":"WebSite","@id":"https:\/\/www.ecomusee-bresse71.fr\/en\/#website","url":"https:\/\/www.ecomusee-bresse71.fr\/en\/","name":"Ecomus\u00e9e de la Bresse Bourguignonne","description":"","potentialAction":[{"@type":"SearchAction","target":{"@type":"EntryPoint","urlTemplate":"https:\/\/www.ecomusee-bresse71.fr\/en\/?s={search_term_string}"},"query-input":{"@type":"PropertyValueSpecification","valueRequired":true,"valueName":"search_term_string"}}],"inLanguage":"en-US"}]}},"_links":{"self":[{"href":"https:\/\/www.ecomusee-bresse71.fr\/en\/wp-json\/wp\/v2\/pages\/905"}],"collection":[{"href":"https:\/\/www.ecomusee-bresse71.fr\/en\/wp-json\/wp\/v2\/pages"}],"about":[{"href":"https:\/\/www.ecomusee-bresse71.fr\/en\/wp-json\/wp\/v2\/types\/page"}],"author":[{"embeddable":true,"href":"https:\/\/www.ecomusee-bresse71.fr\/en\/wp-json\/wp\/v2\/users\/7"}],"replies":[{"embeddable":true,"href":"https:\/\/www.ecomusee-bresse71.fr\/en\/wp-json\/wp\/v2\/comments?post=905"}],"version-history":[{"count":2,"href":"https:\/\/www.ecomusee-bresse71.fr\/en\/wp-json\/wp\/v2\/pages\/905\/revisions"}],"predecessor-version":[{"id":5384,"href":"https:\/\/www.ecomusee-bresse71.fr\/en\/wp-json\/wp\/v2\/pages\/905\/revisions\/5384"}],"up":[{"embeddable":true,"href":"https:\/\/www.ecomusee-bresse71.fr\/en\/wp-json\/wp\/v2\/pages\/890"}],"wp:attachment":[{"href":"https:\/\/www.ecomusee-bresse71.fr\/en\/wp-json\/wp\/v2\/media?parent=905"}],"curies":[{"name":"wp","href":"https:\/\/api.w.org\/{rel}","templated":true}]}}